{"id":821,"date":"2025-04-10T14:29:32","date_gmt":"2025-04-10T12:29:32","guid":{"rendered":"https:\/\/stedelijkmuseumalkmaar.nl\/?page_id=821"},"modified":"2025-05-13T14:17:55","modified_gmt":"2025-05-13T12:17:55","slug":"zuganglichkeit-2","status":"publish","type":"page","link":"https:\/\/stedelijkmuseumalkmaar.nl\/de\/toegankelijkheid\/","title":{"rendered":"Zugriff auf"},"content":{"rendered":"<p>Das Stedelijk Museum Alkmaar m\u00f6chte, dass sich jeder in unserem Museum willkommen f\u00fchlt. Wir bem\u00fchen uns, f\u00fcr alle so zug\u00e4nglich wie m\u00f6glich zu sein. Tipps oder Kommentare, bitte lassen Sie es uns wissen \u00fcber:&nbsp;<a href=\"mailto:info&#64;museu&#109;a&#108;k&#109;a&#97;r&#46;nl\">info@museumalkmaar.nl<\/a>.<\/p>\n\n\n\n<p><strong>Eintritt und Ausstellungen<\/strong>&nbsp;<br>Vor dem Museumseingang befindet sich eine Auffahrt. Auf der rechten Seite des Eingangs, hinter dem Artiance-Eingang und unter dem Glassteg, befindet sich eine Rampe f\u00fcr Rollatoren, Rollst\u00fchle und Scooter.&nbsp;<br>Von der Eingangshalle aus sind die Dauerausstellungen auf den Ebenen -1 und 1 mit dem Aufzug zu erreichen. Die Wechselausstellungen befinden sich im Erdgeschoss und sind von der Eingangshalle aus zu erreichen.&nbsp;<\/p>\n\n\n\n<p>Wenn Sie Schwierigkeiten haben, die Hallentore zu \u00f6ffnen, wenden Sie sich bitte an einen unserer Mitarbeiter, der Ihnen gerne hilft.&nbsp;<br>&nbsp;<br><strong>Angepasste Toilette<\/strong>&nbsp;<br>Im Erdgeschoss des Museums gibt es eine behindertengerechte Toilette. Der Toilettenbereich befindet sich neben dem Aufzug.&nbsp;<\/p>\n\n\n\n<p><strong>Ausleihen eines Rollstuhls<\/strong>&nbsp;<br>Das Museum verf\u00fcgt \u00fcber zwei Leihrollst\u00fchle. Es gibt auch Klappst\u00fchle zum Ausleihen, die Sie in den Ausstellungsr\u00e4umen benutzen k\u00f6nnen. Sie k\u00f6nnen einen Rollstuhl oder Klappstuhl im Voraus unter der Nummer 072-5489789 reservieren.&nbsp;&nbsp;<\/p>\n\n\n\n<p><strong>Assistenzhund<\/strong>&nbsp;<br>Haustiere sind im Museum nicht erlaubt, ausgenommen anerkannte Assistenz- oder Blindenhunde.&nbsp;<\/p>\n\n\n\n<p><strong>Freier Eintritt f\u00fcr die Begleitperson<\/strong>&nbsp;<br>Begleitpersonen von Menschen mit Behinderungen haben freien Eintritt in das Museum.&nbsp;<\/p>\n\n\n\n<p><strong>Ma\u00dfgeschneiderte Tour<\/strong>&nbsp;<br>Ben\u00f6tigen Sie eine ma\u00dfgeschneiderte Tour? Dann kontaktieren Sie uns \u00fcber <a href=\"mailto:&#114;e&#115;&#101;rveren&#64;museum&#97;&#108;&#107;&#109;&#97;&#97;&#114;.nl\" target=\"_blank\" rel=\"noreferrer noopener\">reserveren@museumalkmaar.nl<\/a>.<\/p>\n\n\n\n<p><strong>Gastronomie und Museumsshop<\/strong>&nbsp;<br>Das Museumsrestaurant und der Museumsshop befinden sich im Erdgeschoss und sind mit Rollstuhl, Rollator oder Scooter leicht zug\u00e4nglich.&nbsp;<\/p>\n\n\n\n<p><strong>Ruhige Besuche<\/strong><br>Das Stedelijk Museum Alkmaar ist ein gut besuchtes Museum. Am Dienstagvormittag, Donnerstagnachmittag sowie Samstag- und Sonntagvormittag ist das Museum im Allgemeinen etwas ruhiger.&nbsp;<\/p>\n\n\n\n<p><a href=\"https:\/\/experience.arcgis.com\/experience\/dff53acde4fd4265b247d4ce4d188204\" target=\"_blank\" rel=\"noopener\"><strong>Behindertenparkpl\u00e4tze<\/strong><\/a><br><a href=\"https:\/\/experience.arcgis.com\/experience\/dff53acde4fd4265b247d4ce4d188204\" target=\"_blank\" rel=\"noopener\">Eine Liste der \u00f6ffentlichen Behindertenparkpl\u00e4tze finden Sie auf dieser Website<\/a>. Das n\u00e4chstgelegene Museum befindet sich in der M\u00fchlengegend.<\/p>\n\n\n\n<figure class=\"wp-block-image size-large\"><img loading=\"lazy\" decoding=\"async\" width=\"1024\" height=\"638\" src=\"https:\/\/stedelijkmuseumalkmaar.nl\/wp-content\/uploads\/2025\/05\/gehandicaptenparkeerplaatsen-alkmaar-stedelijk-museum-alkmaar-1024x638.jpg\" alt=\"\" class=\"wp-image-1280\" srcset=\"https:\/\/stedelijkmuseumalkmaar.nl\/wp-content\/uploads\/2025\/05\/gehandicaptenparkeerplaatsen-alkmaar-stedelijk-museum-alkmaar-1024x638.jpg 1024w, https:\/\/stedelijkmuseumalkmaar.nl\/wp-content\/uploads\/2025\/05\/gehandicaptenparkeerplaatsen-alkmaar-stedelijk-museum-alkmaar-300x187.jpg 300w, https:\/\/stedelijkmuseumalkmaar.nl\/wp-content\/uploads\/2025\/05\/gehandicaptenparkeerplaatsen-alkmaar-stedelijk-museum-alkmaar-768x479.jpg 768w, https:\/\/stedelijkmuseumalkmaar.nl\/wp-content\/uploads\/2025\/05\/gehandicaptenparkeerplaatsen-alkmaar-stedelijk-museum-alkmaar-18x12.jpg 18w, https:\/\/stedelijkmuseumalkmaar.nl\/wp-content\/uploads\/2025\/05\/gehandicaptenparkeerplaatsen-alkmaar-stedelijk-museum-alkmaar.jpg 1065w\" sizes=\"auto, (max-width: 1024px) 100vw, 1024px\" \/><\/figure>\n\n\n\n<p>Seien Sie vorsichtig, denn das Museum liegt in einer autofreien Zone. Am Eingangsbereich sind Schilder angebracht, nach 11 Uhr d\u00fcrfen Sie ohne Genehmigung nicht mehr mit dem Auto auf den Canadaplein fahren.  Wenn Sie es dennoch tun, wird automatisch ein Bu\u00dfgeld verh\u00e4ngt. Sie k\u00f6nnen auch vor der Bibliothek in der Gasthuisstraat aussteigen und 100 Meter bis zum Museum laufen. Bei Bedarf k\u00f6nnen Sie den kostenlosen Museumsrollstuhl in Anspruch nehmen, um jemanden leichter vom Auto zum Museum zu transportieren.\u00a0<\/p>","protected":false},"excerpt":{"rendered":"<p>Stedelijk Museum Alkmaar wil graag dat iedereen zich welkom voelt bij ons in het museum. We doen er alles aan om zo toegankelijk mogelijk te zijn voor iedereen. Tips of opmerkingen, laat het ons weten via:&nbsp;&#105;&#110;&#102;&#111;&#64;&#109;&#117;&#115;&#101;um&#97;&#108;k&#109;aa&#114;.&#110;&#108;. Entree en tentoonstellingen&nbsp;Voor de ingang van het museum is een verhoging. Aan de rechterzijde van de entree, voorbij de<a class=\"excerpt-read-more\" href=\"https:\/\/stedelijkmuseumalkmaar.nl\/de\/toegankelijkheid\/\" title=\"Mehr lesenZug\u00e4nglichkeit\">... Mehr lesen \"<\/a><\/p>","protected":false},"author":2,"featured_media":822,"parent":0,"menu_order":8,"comment_status":"closed","ping_status":"closed","template":"","meta":{"_acf_changed":false,"inline_featured_image":false,"footnotes":""},"class_list":["post-821","page","type-page","status-publish","has-post-thumbnail","hentry"],"acf":[],"_links":{"self":[{"href":"https:\/\/stedelijkmuseumalkmaar.nl\/de\/wp-json\/wp\/v2\/pages\/821","targetHints":{"allow":["GET"]}}],"collection":[{"href":"https:\/\/stedelijkmuseumalkmaar.nl\/de\/wp-json\/wp\/v2\/pages"}],"about":[{"href":"https:\/\/stedelijkmuseumalkmaar.nl\/de\/wp-json\/wp\/v2\/types\/page"}],"author":[{"embeddable":true,"href":"https:\/\/stedelijkmuseumalkmaar.nl\/de\/wp-json\/wp\/v2\/users\/2"}],"replies":[{"embeddable":true,"href":"https:\/\/stedelijkmuseumalkmaar.nl\/de\/wp-json\/wp\/v2\/comments?post=821"}],"version-history":[{"count":11,"href":"https:\/\/stedelijkmuseumalkmaar.nl\/de\/wp-json\/wp\/v2\/pages\/821\/revisions"}],"predecessor-version":[{"id":1490,"href":"https:\/\/stedelijkmuseumalkmaar.nl\/de\/wp-json\/wp\/v2\/pages\/821\/revisions\/1490"}],"wp:featuredmedia":[{"embeddable":true,"href":"https:\/\/stedelijkmuseumalkmaar.nl\/de\/wp-json\/wp\/v2\/media\/822"}],"wp:attachment":[{"href":"https:\/\/stedelijkmuseumalkmaar.nl\/de\/wp-json\/wp\/v2\/media?parent=821"}],"curies":[{"name":"wp","href":"https:\/\/api.w.org\/{rel}","templated":true}]}}