{"id":810,"date":"2025-04-10T14:19:53","date_gmt":"2025-04-10T12:19:53","guid":{"rendered":"https:\/\/stedelijkmuseumalkmaar.nl\/?page_id=810"},"modified":"2025-04-25T15:06:05","modified_gmt":"2025-04-25T13:06:05","slug":"freie-aktivitaten","status":"publish","type":"page","link":"https:\/\/stedelijkmuseumalkmaar.nl\/de\/plan-je-bezoek\/gratis-activiteiten\/","title":{"rendered":"Freie Aktivit\u00e4ten"},"content":{"rendered":"<h3 class=\"wp-block-heading\">Weil das Museum f\u00fcr alle zug\u00e4nglich sein sollte<\/h3>\n\n\n\n<p>Das Stedelijk Museum Alkmaar ist ein Museum von und f\u00fcr jedermann. Deshalb veranstalten wir regelm\u00e4\u00dfig kostenlose Aktivit\u00e4ten, damit jeder unser Angebot nutzen kann. Nachstehend finden Sie alle kostenlosen Aktionen und Aktivit\u00e4ten, die derzeit angeboten werden.<\/p>\n\n\n\n<p>Bitte beachten Sie, dass f\u00fcr einige kostenlose Aktivit\u00e4ten ein Museumsticket erforderlich ist. Sie k\u00f6nnen sich das Museumsticket nicht leisten und m\u00f6chten trotzdem an einer Aktivit\u00e4t teilnehmen? Dann k\u00f6nnte der AlkmaarPass etwas f\u00fcr Sie sein. <a href=\"https:\/\/www.alkmaarpas.nl\/\" target=\"_blank\" rel=\"noopener\">Weitere Informationen finden Sie hier<\/a>.<\/p>\n\n\n\n    <section class=\"events wp-block alignfull\" id=\"events-block_62588472f88e90b2e025d6bb2cec7f2e\">\n        <div class=\"row\">\n            <div class=\"column\">\n                <p>Keine Aktivit\u00e4ten gefunden.<\/p>\n            <\/div>\n        <\/div>\n    <\/section>","protected":false},"excerpt":{"rendered":"<p>Weil das Museum f\u00fcr alle zug\u00e4nglich sein sollte, ist das Stedelijk Museum Alkmaar ein Museum von und f\u00fcr alle. Deshalb veranstalten wir regelm\u00e4\u00dfig kostenlose Aktivit\u00e4ten, damit jeder unser Angebot genie\u00dfen kann. Nachstehend finden Sie alle kostenlosen Aktionen und Aktivit\u00e4ten, die derzeit angeboten werden. Bitte beachten Sie: F\u00fcr einige kostenlose Aktivit\u00e4ten ist ein Museumsticket erforderlich.<a class=\"excerpt-read-more\" href=\"https:\/\/stedelijkmuseumalkmaar.nl\/de\/plan-je-bezoek\/gratis-activiteiten\/\" title=\"Mehr lesenKostenlose Aktivit\u00e4ten\">... Mehr lesen \"<\/a><\/p>","protected":false},"author":2,"featured_media":378,"parent":420,"menu_order":32,"comment_status":"closed","ping_status":"closed","template":"","meta":{"_acf_changed":false,"inline_featured_image":false,"footnotes":""},"class_list":["post-810","page","type-page","status-publish","has-post-thumbnail","hentry"],"acf":[],"_links":{"self":[{"href":"https:\/\/stedelijkmuseumalkmaar.nl\/de\/wp-json\/wp\/v2\/pages\/810","targetHints":{"allow":["GET"]}}],"collection":[{"href":"https:\/\/stedelijkmuseumalkmaar.nl\/de\/wp-json\/wp\/v2\/pages"}],"about":[{"href":"https:\/\/stedelijkmuseumalkmaar.nl\/de\/wp-json\/wp\/v2\/types\/page"}],"author":[{"embeddable":true,"href":"https:\/\/stedelijkmuseumalkmaar.nl\/de\/wp-json\/wp\/v2\/users\/2"}],"replies":[{"embeddable":true,"href":"https:\/\/stedelijkmuseumalkmaar.nl\/de\/wp-json\/wp\/v2\/comments?post=810"}],"version-history":[{"count":4,"href":"https:\/\/stedelijkmuseumalkmaar.nl\/de\/wp-json\/wp\/v2\/pages\/810\/revisions"}],"predecessor-version":[{"id":1190,"href":"https:\/\/stedelijkmuseumalkmaar.nl\/de\/wp-json\/wp\/v2\/pages\/810\/revisions\/1190"}],"up":[{"embeddable":true,"href":"https:\/\/stedelijkmuseumalkmaar.nl\/de\/wp-json\/wp\/v2\/pages\/420"}],"wp:featuredmedia":[{"embeddable":true,"href":"https:\/\/stedelijkmuseumalkmaar.nl\/de\/wp-json\/wp\/v2\/media\/378"}],"wp:attachment":[{"href":"https:\/\/stedelijkmuseumalkmaar.nl\/de\/wp-json\/wp\/v2\/media?parent=810"}],"curies":[{"name":"wp","href":"https:\/\/api.w.org\/{rel}","templated":true}]}}