{"id":649,"date":"2025-04-01T10:43:19","date_gmt":"2025-04-01T08:43:19","guid":{"rendered":"https:\/\/stedelijkmuseumalkmaar.nl\/?page_id=649"},"modified":"2025-04-14T16:45:37","modified_gmt":"2025-04-14T14:45:37","slug":"cookie-richtlinie","status":"publish","type":"page","link":"https:\/\/stedelijkmuseumalkmaar.nl\/de\/cookiebeleid\/","title":{"rendered":"Cookie-Politik"},"content":{"rendered":"<p>Das Stedelijk Museum Alkmaar verwendet Cookies auf seinen Websites. Cookies sind kleine Textdateien, die von einer Internetseite auf einem PC, Tablet oder Mobiltelefon abgelegt werden. Diese Cookies werden verwendet, damit unsere Websites besser funktionieren und um die Besuche im Internet zu \u00fcberwachen. Das Stedelijk Museum Alkmaar verwendet diese Daten nicht auf individueller Personen- oder Computerebene und kann sie daher nicht auf einen PC oder eine Person zur\u00fcckf\u00fchren.<\/p>\n\n\n\n<p><strong>Gesetzgebung<\/strong><br>Das neue Cookie-Gesetz ist seit dem 5. Juni 2012 in Kraft. Das bedeutet, dass jede Website, die das Besucherverhalten misst und Daten dar\u00fcber zum Beispiel in Cookies speichert (und das sind praktisch alle Websites), das neue Cookie-Gesetz einhalten muss. Dieses Gesetz gilt f\u00fcr alle Websites in den Niederlanden und f\u00fcr Websites, die auf den niederl\u00e4ndischen Markt ausgerichtet sind. F\u00fcr jedes nicht-funktionale Cookie muss die Erlaubnis erteilt werden. Ein funktionales Cookie speichert zum Beispiel die Anmeldedaten oder die Produkte im Warenkorb. Nicht-funktionale Cookies sind Cookies, die z. B. die Besuche auf der Website verfolgen.<\/p>\n\n\n\n<p><strong>Zweck der Cookies<\/strong><br>Das Stedelijk Museum Alkmaar verwendet Cookies, um Sie als eingeloggten Benutzer auf der Website zu identifizieren und um Ihre Einstellungen zu speichern. Dar\u00fcber hinaus werden auf unserer Website Cookies verwendet, um die von Ihnen besuchten Seiten zu verfolgen. Auf den Websites des Stedelijk Museum Alkmaar werden kommerzielle Informationen, wie zum Beispiel Banner, angezeigt. Um sicherzustellen, dass diese Anzeigen Sie nicht st\u00f6ren, verwendet das System Cookies. Auf diese Weise wird registriert, wie oft Sie eine Werbung sehen. Ihre Anonymit\u00e4t ist gew\u00e4hrleistet.<\/p>\n\n\n\n<p><strong>Cookies von Dritten<\/strong><br>Neben dem Statistiksystem des Stedelijk Museum Alkmaar und dem System der Werbetreibenden verwenden auch Twitter, Facebook, Linkedin und andere soziale Medien Cookies, um zu messen, wie oft bestimmte Seiten von Besuchern geteilt werden. Wir bitten jederzeit um die Erlaubnis, Tracking-Cookies von Dritten zu platzieren, um Ihr Verhalten auf dieser Website zu analysieren und auf dieser Grundlage Werbung auf Plattformen Dritter anzubieten.<\/p>\n\n\n\n<p><strong>Die Werkzeuge<\/strong><br>Die verschiedenen Websites des Stedelijk Museum Alkmaar enthalten die folgenden Funktionalit\u00e4ten, die Cookies verwenden: - Google Analytics (zur Analyse des Besucherverhaltens) - Ad-Management-System (zur Anzeige von Werbebannern) - Twitter, Facebook, LinkedIn und andere soziale Medien (zum Teilen von Inhalten der Websites)<\/p>\n\n\n\n<p><strong>Datenschutz<\/strong><br>Das Stedelijk Museum Alkmaar behandelt Ihre pers\u00f6nlichen Daten mit gr\u00f6\u00dfter Sorgfalt und in \u00dcbereinstimmung mit dem Gesetz zum Schutz pers\u00f6nlicher Daten vom 25. Mai 2018. Lesen Sie unser <a href=\"http:\/\/stedelijkmuseumalkmaar.nl\/de\/erklarung-zum-datenschutz\/\" target=\"_blank\" rel=\"noreferrer noopener\">Erkl\u00e4rung zum Datenschutz<\/a>.<\/p>\n\n\n\n<p><strong>Deaktivieren von Cookies<\/strong><br>Wie oben beschrieben, werden Cookies in Ihrem Browser, auf Ihrem Computer gespeichert. Wenn Sie dies nicht w\u00fcnschen, haben Sie die M\u00f6glichkeit, sie zu deaktivieren. Sie sollten dann Ihre Browsereinstellungen so anpassen, dass Sie eine Warnung erhalten, bevor Cookies gesetzt werden. Sie k\u00f6nnen Ihren Browser auch so einstellen, dass er alle Cookies ablehnt oder nur Cookies von Drittanbietern. Sie k\u00f6nnen auch Ihre bereits gesetzten Cookies l\u00f6schen. Bitte beachten Sie, dass Sie die Einstellungen f\u00fcr jeden Browser und Computer, den Sie verwenden, separat vornehmen m\u00fcssen. Bitte beachten Sie, dass wir nicht mehr garantieren k\u00f6nnen, dass unsere Website vollst\u00e4ndig funktioniert, wenn Sie keine Cookies zulassen. Es kann sein, dass Ihnen einige Funktionen der Website nicht zur Verf\u00fcgung stehen oder dass Sie bestimmte Websites gar nicht mehr sehen k\u00f6nnen. Dar\u00fcber hinaus bedeutet die Ablehnung von Cookies nicht, dass Sie keine Werbung mehr sehen werden. Die Anzeigen sind dann nur nicht mehr auf Ihre Interessen zugeschnitten und werden h\u00e4ufiger wiederholt. Wie Sie Ihre Einstellungen anpassen k\u00f6nnen, ist von Browser zu Browser verschieden. Konsultieren Sie das Handbuch Ihres Browsers.<\/p>\n\n\n\n<p><strong>Abschlie\u00dfende Bemerkungen<\/strong><br>Wir werden diese Erkl\u00e4rungen von Zeit zu Zeit \u00e4ndern m\u00fcssen, wenn sich zum Beispiel unsere Website oder die Regeln f\u00fcr Cookies \u00e4ndern. Wir k\u00f6nnen den Inhalt der Erkl\u00e4rungen und die aufgef\u00fchrten Cookies jederzeit und ohne Vorwarnung \u00e4ndern. Wir empfehlen Ihnen, diese Webseite regelm\u00e4\u00dfig auf die neueste Version hin zu \u00fcberpr\u00fcfen, um festzustellen, ob Sie Ihre Zustimmung revidieren m\u00fcssen.<\/p>\n\n\n\n<script id=\"CookieDeclaration\" src=\"https:\/\/consent.cookiebot.com\/698b4f79-43d0-451d-809a-94c6cab38f3f\/cd.js\" type=\"text\/javascript\" async><\/script>","protected":false},"excerpt":{"rendered":"<p>Das Stedelijk Museum Alkmaar verwendet Cookies auf seinen Websites. Cookies sind kleine Textdateien, die von einer Internetseite auf einem PC, Tablet oder Mobiltelefon abgelegt werden. Diese Cookies werden verwendet, damit unsere Websites besser funktionieren und um die Besuche im Internet zu \u00fcberwachen. Das Stedelijk Museum Alkmaar verwendet diese Daten nicht auf der Ebene einzelner Personen oder Computer.<a class=\"excerpt-read-more\" href=\"https:\/\/stedelijkmuseumalkmaar.nl\/de\/cookiebeleid\/\" title=\"Mehr lesenCookie-Politik\">... Mehr lesen \"<\/a><\/p>","protected":false},"author":1,"featured_media":651,"parent":0,"menu_order":9,"comment_status":"closed","ping_status":"closed","template":"","meta":{"_acf_changed":false,"inline_featured_image":false,"footnotes":""},"class_list":["post-649","page","type-page","status-publish","has-post-thumbnail","hentry"],"acf":[],"_links":{"self":[{"href":"https:\/\/stedelijkmuseumalkmaar.nl\/de\/wp-json\/wp\/v2\/pages\/649","targetHints":{"allow":["GET"]}}],"collection":[{"href":"https:\/\/stedelijkmuseumalkmaar.nl\/de\/wp-json\/wp\/v2\/pages"}],"about":[{"href":"https:\/\/stedelijkmuseumalkmaar.nl\/de\/wp-json\/wp\/v2\/types\/page"}],"author":[{"embeddable":true,"href":"https:\/\/stedelijkmuseumalkmaar.nl\/de\/wp-json\/wp\/v2\/users\/1"}],"replies":[{"embeddable":true,"href":"https:\/\/stedelijkmuseumalkmaar.nl\/de\/wp-json\/wp\/v2\/comments?post=649"}],"version-history":[{"count":3,"href":"https:\/\/stedelijkmuseumalkmaar.nl\/de\/wp-json\/wp\/v2\/pages\/649\/revisions"}],"predecessor-version":[{"id":997,"href":"https:\/\/stedelijkmuseumalkmaar.nl\/de\/wp-json\/wp\/v2\/pages\/649\/revisions\/997"}],"wp:featuredmedia":[{"embeddable":true,"href":"https:\/\/stedelijkmuseumalkmaar.nl\/de\/wp-json\/wp\/v2\/media\/651"}],"wp:attachment":[{"href":"https:\/\/stedelijkmuseumalkmaar.nl\/de\/wp-json\/wp\/v2\/media?parent=649"}],"curies":[{"name":"wp","href":"https:\/\/api.w.org\/{rel}","templated":true}]}}