{"id":521,"date":"2025-03-18T15:32:57","date_gmt":"2025-03-18T14:32:57","guid":{"rendered":"https:\/\/stedelijkmuseumalkmaar.nl\/?page_id=521"},"modified":"2025-09-12T13:35:10","modified_gmt":"2025-09-12T11:35:10","slug":"schenken-vermachen","status":"publish","type":"page","link":"https:\/\/stedelijkmuseumalkmaar.nl\/de\/steun-ons\/schenken-nalaten\/","title":{"rendered":"Schenkungen und Verm\u00e4chtnisse"},"content":{"rendered":"<h2 class=\"wp-block-heading\">Mit Ihrer Unterst\u00fctzung kann das Museum auch k\u00fcnftige Generationen inspirieren<\/h2>\n\n\n\n<h3 class=\"wp-block-heading\">Warum Ihre Unterst\u00fctzung so wichtig ist:<\/h3>\n\n\n\n<p>Das Stedelijk Museum Alkmaar erforscht, ver\u00f6ffentlicht, sammelt, verwaltet und pr\u00e4sentiert die kunst- und kulturgeschichtliche Sammlung der Stadt und Region Alkmaar. Damit die Sammlung auch f\u00fcr k\u00fcnftige Generationen erhalten bleibt, ist das Museum dringend auf Ihre Unterst\u00fctzung angewiesen. Mit Ihrem Beitrag, ob gro\u00df oder klein, helfen Sie dem Stedelijk Museum Alkmaar, seine Ziele zu verwirklichen.<\/p>\n\n\n\n<ul class=\"wp-block-list\">\n<li><strong>Schenkung von Verm\u00f6genswerten<\/strong><br>Sie k\u00f6nnen dem Stedelijk Museum Alkmaar eine einmalige oder regelm\u00e4\u00dfige Spende zukommen lassen. Wir halten diese Spende in einer Vereinbarung fest. Bei einer regelm\u00e4\u00dfigen Spende ist der Steuervorteil in der Regel am gr\u00f6\u00dften, wenn sie \u00fcber f\u00fcnf Kalenderjahre verteilt wird. Alle Spenden sind vollst\u00e4ndig von der Erbschafts- und Schenkungssteuer befreit.<\/li>\n\n\n\n<li><strong>Schenkung eines Objekts<\/strong><br>Au\u00dferdem k\u00f6nnen Sie dem Museum ein (historisches) Kunstobjekt schenken. Unsere Kuratoren werden pr\u00fcfen, ob ein Objekt die Voraussetzungen f\u00fcr die Aufnahme in die Sammlung erf\u00fcllt.<\/li>\n<\/ul>\n\n\n\n<p><strong>Hinterlassenschaft<br><\/strong>Indem Sie das Stedelijk Museum Alkmaar in Ihrem Testament bedenken, k\u00f6nnen Sie dem Museum Verm\u00f6genswerte oder Gegenst\u00e4nde vermachen. Es gibt mehrere M\u00f6glichkeiten, wie Sie etwas vererben k\u00f6nnen.<\/p>\n\n\n\n<ul class=\"wp-block-list\">\n<li><strong>Erbe<br><\/strong>Sie k\u00f6nnen das Museum als einen Ihrer Erben benennen. Das Verm\u00e4chtnis (oder ein Teil davon) wird dann dem Museum zugeteilt. Hier k\u00f6nnen Sie w\u00e4hlen, ob das Verm\u00e4chtnis f\u00fcr ein bestimmtes Projekt verwendet werden soll.<\/li>\n\n\n\n<li><strong>Verm\u00e4chtnis<br><\/strong>Indem Sie ein Verm\u00e4chtnis in Ihr Testament aufnehmen, k\u00f6nnen Sie dem Museum einen Gegenstand oder einen Geldbetrag vermachen. Dies kann ein fester Betrag oder ein Prozentsatz sein.<\/li>\n<\/ul>\n\n\n\n<p>Zweck Ihrer Spende:<\/p>\n\n\n\n<ul class=\"wp-block-list\">\n<li>Konservierung und Restaurierung: Eine Spende kann speziell f\u00fcr die Restaurierung eines Kunstwerks oder eines Objekts des Kulturerbes bestimmt sein.<\/li>\n\n\n\n<li>Ankaufsfonds: Der Betrag kommt vollst\u00e4ndig einem Neuerwerb f\u00fcr die Sammlung zugute. Dabei kann zwischen einem Werk aus dem 16.\/17. Jahrhundert, der Bergener Schule oder zeitgen\u00f6ssischer Kunst gew\u00e4hlt werden. Die Wahl kann auch dem Museum \u00fcberlassen werden.<\/li>\n\n\n\n<li>Erneuerung und Erweiterung: Der Betrag kann f\u00fcr die Erneuerung der Sammlungspr\u00e4sentation von <a href=\"https:\/\/stedelijkmuseumalkmaar.nl\/de\/ausstellung\/die-bergschule\/\" data-type=\"exhibitions\" data-id=\"675\">die Schule in Bergen <\/a>oder f\u00fcr die Erweiterung des Museums als Ganzes<\/li>\n\n\n\n<li>Ein benannter Fonds: Auf Wunsch kann eine gro\u00dfe Spende unter einem bestimmten Namen verbucht werden, wobei die Mittel f\u00fcr einen vorher festgelegten Zweck verwendet werden (z. B. f\u00fcr eine oder mehrere Ausstellungen).<\/li>\n<\/ul>\n\n\n\n<p><strong>Kulturelles ANBI<br><\/strong>Die Stiftung Stedelijk Museum Alkmaar ist bei den Steuerbeh\u00f6rden als (kulturelle) gemeinn\u00fctzige Organisation (ANBI) registriert. Die RSIN-Nummer des Stedelijk Museum Alkmaar lautet: 853407769.<\/p>\n\n\n\n<p><strong>Was ist der steuerliche Vorteil?<\/strong><br>Schenkungen an eine ANBI-Einrichtung sind bei der j\u00e4hrlichen Einkommensteuererkl\u00e4rung (teilweise) abzugsf\u00e4hig. Dar\u00fcber hinaus bietet eine Spende an eine Kultureinrichtung einen zus\u00e4tzlichen Einkommenssteuervorteil aufgrund der&nbsp;<em>Multiplikator<\/em>. Sie k\u00f6nnen 125% des Schenkungsbetrags von Ihrem Einkommen im Rahmen dieser Regelung abziehen.<\/p>\n\n\n\n<p><\/p>\n\n\n\n<p>Bei Fragen wenden Sie sich bitte an:<strong><br>Nadine Filarski<\/strong><br>Senior Fundraiser<br>n&#97;&#100;&#105;&#110;&#101;&#64;&#109;u&#115;e&#117;&#109;a&#108;km&#97;&#97;&#114;.n&#108; \/ 072 548 9740<\/p>","protected":false},"excerpt":{"rendered":"<p>Warum Ihre Unterst\u00fctzung so wichtig ist: Das Stedelijk Museum Alkmaar erforscht, ver\u00f6ffentlicht, sammelt, verwaltet und pr\u00e4sentiert die kunst- und kulturgeschichtliche Sammlung der Stadt und Region Alkmaar. Damit die Sammlung auch f\u00fcr k\u00fcnftige Generationen gesichert werden kann, unterst\u00fctzt das<a class=\"excerpt-read-more\" href=\"https:\/\/stedelijkmuseumalkmaar.nl\/de\/steun-ons\/schenken-nalaten\/\" title=\"Lesen Sie mehrSchenken und Vererben\">... Mehr lesen \"<\/a><\/p>","protected":false},"author":1,"featured_media":798,"parent":508,"menu_order":18,"comment_status":"closed","ping_status":"closed","template":"","meta":{"_acf_changed":false,"inline_featured_image":false,"footnotes":""},"class_list":["post-521","page","type-page","status-publish","has-post-thumbnail","hentry"],"acf":[],"_links":{"self":[{"href":"https:\/\/stedelijkmuseumalkmaar.nl\/de\/wp-json\/wp\/v2\/pages\/521","targetHints":{"allow":["GET"]}}],"collection":[{"href":"https:\/\/stedelijkmuseumalkmaar.nl\/de\/wp-json\/wp\/v2\/pages"}],"about":[{"href":"https:\/\/stedelijkmuseumalkmaar.nl\/de\/wp-json\/wp\/v2\/types\/page"}],"author":[{"embeddable":true,"href":"https:\/\/stedelijkmuseumalkmaar.nl\/de\/wp-json\/wp\/v2\/users\/1"}],"replies":[{"embeddable":true,"href":"https:\/\/stedelijkmuseumalkmaar.nl\/de\/wp-json\/wp\/v2\/comments?post=521"}],"version-history":[{"count":5,"href":"https:\/\/stedelijkmuseumalkmaar.nl\/de\/wp-json\/wp\/v2\/pages\/521\/revisions"}],"predecessor-version":[{"id":1836,"href":"https:\/\/stedelijkmuseumalkmaar.nl\/de\/wp-json\/wp\/v2\/pages\/521\/revisions\/1836"}],"up":[{"embeddable":true,"href":"https:\/\/stedelijkmuseumalkmaar.nl\/de\/wp-json\/wp\/v2\/pages\/508"}],"wp:featuredmedia":[{"embeddable":true,"href":"https:\/\/stedelijkmuseumalkmaar.nl\/de\/wp-json\/wp\/v2\/media\/798"}],"wp:attachment":[{"href":"https:\/\/stedelijkmuseumalkmaar.nl\/de\/wp-json\/wp\/v2\/media?parent=521"}],"curies":[{"name":"wp","href":"https:\/\/api.w.org\/{rel}","templated":true}]}}