{"id":515,"date":"2025-03-18T15:31:21","date_gmt":"2025-03-18T14:31:21","guid":{"rendered":"https:\/\/stedelijkmuseumalkmaar.nl\/?page_id=515"},"modified":"2025-10-20T09:26:45","modified_gmt":"2025-10-20T07:26:45","slug":"schutze","status":"publish","type":"page","link":"https:\/\/stedelijkmuseumalkmaar.nl\/de\/steun-ons\/schutter\/","title":{"rendered":"Sch\u00fctze"},"content":{"rendered":"<h2 class=\"wp-block-heading has-text-align-center\">Unternehmensfreunde und Kunstliebhaber<\/h2>\n\n\n\n<p>Die Schutters des Stedelijk Museum Alkmaar sind neben Freunden des Unternehmens auch private Kunstliebhaber, denen es wichtig ist, einen Beitrag zu Kunst und Kultur in der Region Alkmaar zu leisten. So unterst\u00fctzen sie das Museum bei der Pr\u00e4sentation seiner Sch\u00e4tze und beim Ankauf neuer Werke f\u00fcr die Sammlung. Dar\u00fcber hinaus bilden die Schutters einen lebendigen und inspirierenden Networking-Club, der das Museum bei der Verwirklichung seiner Ziele anregt.<\/p>\n\n\n\n<h3 class=\"wp-block-heading\">Shooter-Privilegien:<\/h3>\n\n\n\n<ul class=\"wp-block-list\">\n<li><strong>Freier Eintritt ins Museum<br><\/strong>Mit dem pers\u00f6nlichen Archer-Pass haben zwei Personen unbegrenzt freien Eintritt in das Museum. Sie sind auch von Zuschl\u00e4gen befreit.<\/li>\n\n\n\n<li><strong>Personalisierte Einladungen<\/strong><br>Einladungen zu allen Ausstellungser\u00f6ffnungen f\u00fcr zwei Personen.<\/li>\n<\/ul>\n\n\n\n<ul class=\"wp-block-list\">\n<li><strong>Inspirierende Netzwerktreffen<\/strong><br>Zweimal im Jahr treffen sich die Bogensch\u00fctzen zu einem \"Blick hinter die Kulissen\" oder zu einer Vorbesichtigung einer Ausstellung in Form eines Fr\u00fchst\u00fccks, eines Getr\u00e4nks oder eines Bogensch\u00fctzenessens.<\/li>\n\n\n\n<li><strong>Vorlesungen<br><\/strong>Das Museum organisiert jedes Jahr mehrere Vortr\u00e4ge, die sich an die Wechselausstellungen anschlie\u00dfen.<\/li>\n\n\n\n<li><strong>Erm\u00e4\u00dfigungen auf Ver\u00f6ffentlichungen und Geschenke<br><\/strong>Erm\u00e4\u00dfigungen im Museumsshop.<\/li>\n\n\n\n<li><strong>Willkommensgeschenk<\/strong><br>Einmalige Ver\u00f6ffentlichung \"Schutters van Alkmaar\", verfasst von Nelleke de Vries (2021).<\/li>\n<\/ul>\n\n\n\n<p>Beitrag: 500 \u20ac pro Jahr. Bei Bedarf senden wir Ihnen eine Mehrwertsteuerrechnung f\u00fcr Ihr Unternehmen.<\/p>\n\n\n\n<div class=\"wp-block-buttons is-layout-flex wp-block-buttons-is-layout-flex\">\n<div class=\"wp-block-button\"><a class=\"wp-block-button__link has-text-align-left wp-element-button\" href=\"https:\/\/tickets.stedelijkmuseumalkmaar.nl\/vrienden\/#\/tickets\/Vrienden\">Direkt hier bewerben<\/a><\/div>\n<\/div>\n\n\n\n<p><\/p>\n\n\n\n<p><\/p>\n\n\n\n<figure class=\"wp-block-image size-large\"><img loading=\"lazy\" decoding=\"async\" width=\"1024\" height=\"683\" src=\"https:\/\/stedelijkmuseumalkmaar.nl\/wp-content\/uploads\/2025\/04\/zakelijke-verhuur-stedelijk-museum-alkmaar-zaal-1024x683.jpg\" alt=\"gesch\u00e4ftsmiete stedelijk museum alkmaar hall\" class=\"wp-image-714\" srcset=\"https:\/\/stedelijkmuseumalkmaar.nl\/wp-content\/uploads\/2025\/04\/zakelijke-verhuur-stedelijk-museum-alkmaar-zaal-1024x683.jpg 1024w, https:\/\/stedelijkmuseumalkmaar.nl\/wp-content\/uploads\/2025\/04\/zakelijke-verhuur-stedelijk-museum-alkmaar-zaal-300x200.jpg 300w, https:\/\/stedelijkmuseumalkmaar.nl\/wp-content\/uploads\/2025\/04\/zakelijke-verhuur-stedelijk-museum-alkmaar-zaal-768x512.jpg 768w, https:\/\/stedelijkmuseumalkmaar.nl\/wp-content\/uploads\/2025\/04\/zakelijke-verhuur-stedelijk-museum-alkmaar-zaal-1536x1024.jpg 1536w, https:\/\/stedelijkmuseumalkmaar.nl\/wp-content\/uploads\/2025\/04\/zakelijke-verhuur-stedelijk-museum-alkmaar-zaal-2048x1366.jpg 2048w, https:\/\/stedelijkmuseumalkmaar.nl\/wp-content\/uploads\/2025\/04\/zakelijke-verhuur-stedelijk-museum-alkmaar-zaal-18x12.jpg 18w, https:\/\/stedelijkmuseumalkmaar.nl\/wp-content\/uploads\/2025\/04\/zakelijke-verhuur-stedelijk-museum-alkmaar-zaal-1200x800.jpg 1200w, https:\/\/stedelijkmuseumalkmaar.nl\/wp-content\/uploads\/2025\/04\/zakelijke-verhuur-stedelijk-museum-alkmaar-zaal-600x400.jpg 600w\" sizes=\"auto, (max-width: 1024px) 100vw, 1024px\" \/><\/figure>","protected":false},"excerpt":{"rendered":"<p>Korporative Freunde und Kunstliebhaber Die Bogensch\u00fctzen des Stedelijk Museum Alkmaar sind neben korporativen Freunden auch private Kunstliebhaber, denen es wichtig ist, einen Beitrag zu Kunst und Kultur in der Region Alkmaar zu leisten. Auf diese Weise unterst\u00fctzen sie das Museum bei der Pr\u00e4sentation seiner Sch\u00e4tze und beim Erwerb neuer Werke f\u00fcr die Sammlung. Au\u00dferdem bilden die Schutters eine<a class=\"excerpt-read-more\" href=\"https:\/\/stedelijkmuseumalkmaar.nl\/de\/steun-ons\/schutter\/\" title=\"Mehr lesenShooter\">... Mehr lesen \"<\/a><\/p>","protected":false},"author":1,"featured_media":718,"parent":508,"menu_order":15,"comment_status":"closed","ping_status":"closed","template":"","meta":{"_acf_changed":false,"inline_featured_image":false,"footnotes":""},"class_list":["post-515","page","type-page","status-publish","has-post-thumbnail","hentry"],"acf":[],"_links":{"self":[{"href":"https:\/\/stedelijkmuseumalkmaar.nl\/de\/wp-json\/wp\/v2\/pages\/515","targetHints":{"allow":["GET"]}}],"collection":[{"href":"https:\/\/stedelijkmuseumalkmaar.nl\/de\/wp-json\/wp\/v2\/pages"}],"about":[{"href":"https:\/\/stedelijkmuseumalkmaar.nl\/de\/wp-json\/wp\/v2\/types\/page"}],"author":[{"embeddable":true,"href":"https:\/\/stedelijkmuseumalkmaar.nl\/de\/wp-json\/wp\/v2\/users\/1"}],"replies":[{"embeddable":true,"href":"https:\/\/stedelijkmuseumalkmaar.nl\/de\/wp-json\/wp\/v2\/comments?post=515"}],"version-history":[{"count":11,"href":"https:\/\/stedelijkmuseumalkmaar.nl\/de\/wp-json\/wp\/v2\/pages\/515\/revisions"}],"predecessor-version":[{"id":1977,"href":"https:\/\/stedelijkmuseumalkmaar.nl\/de\/wp-json\/wp\/v2\/pages\/515\/revisions\/1977"}],"up":[{"embeddable":true,"href":"https:\/\/stedelijkmuseumalkmaar.nl\/de\/wp-json\/wp\/v2\/pages\/508"}],"wp:featuredmedia":[{"embeddable":true,"href":"https:\/\/stedelijkmuseumalkmaar.nl\/de\/wp-json\/wp\/v2\/media\/718"}],"wp:attachment":[{"href":"https:\/\/stedelijkmuseumalkmaar.nl\/de\/wp-json\/wp\/v2\/media?parent=515"}],"curies":[{"name":"wp","href":"https:\/\/api.w.org\/{rel}","templated":true}]}}