{"id":513,"date":"2025-03-18T15:30:54","date_gmt":"2025-03-18T14:30:54","guid":{"rendered":"https:\/\/stedelijkmuseumalkmaar.nl\/?page_id=513"},"modified":"2026-04-16T16:33:44","modified_gmt":"2026-04-16T14:33:44","slug":"kreis","status":"publish","type":"page","link":"https:\/\/stedelijkmuseumalkmaar.nl\/de\/steun-ons\/kring\/","title":{"rendered":"Bergen School Circle"},"content":{"rendered":"<p><\/p>\n\n\n\n<p>Wie in unserer kommenden Ausstellung <em>Gestel und De Smet Farbenfrohe Freundschaft<\/em> Verbindung ist auch innerhalb der Kring Bergense Schule zentral. Die Ausstellung zeigt, wie k\u00fcnstlerische Freundschaft zu Erneuerung, Vertiefung und Inspiration f\u00fchrte.<\/p>\n\n\n\n<p>Heute bringt der Bergen School Circle Sammler, Kenner und Enthusiasten zusammen, die dieselbe Leidenschaft teilen.<\/p>\n\n\n\n<p>Sie wollen nicht nur zuschauen, sondern selbst aktiv werden?<br>Werden Sie vor dem 24. April Mitglied des Circle und Sie erhalten eine Einladung zur Er\u00f6ffnung der Ausstellung. Sie sind auch herzlich eingeladen, den exklusiven Vortrag der Kuratorin am Donnerstag, den 28. Mai zu besuchen. <\/p>\n\n\n\n<p><strong>Kosten 150 \u20ac pro Jahr<\/strong><br>Mit dem Jahresbeitrag tragen Sie direkt dazu bei, Werke f\u00fcr die Sammlung der Bergen School zu erwerben und zu erhalten. Zum Beispiel konnten wir k\u00fcrzlich dieses Stillleben von Else Berg dank der Unterst\u00fctzung unserer Circle-Mitglieder erwerben. <\/p>\n\n\n\n<div class=\"wp-block-buttons is-content-justification-left is-layout-flex wp-container-core-buttons-is-layout-fdcfc74e wp-block-buttons-is-layout-flex\">\n<div class=\"wp-block-button\"><a class=\"wp-block-button__link has-text-align-left wp-element-button\" href=\"https:\/\/tickets.stedelijkmuseumalkmaar.nl\/vrienden\/#\/tickets\/Vrienden\">Registrieren Sie sich<\/a><\/div>\n<\/div>\n\n\n\n<p><\/p>\n\n\n\n<p><\/p>\n\n\n\n<p><strong>Circle-Mitglieder genie\u00dfen:<\/strong><\/p>\n\n\n\n<ul class=\"wp-block-list\">\n<li>Freier Eintritt ins Museum f\u00fcr zwei Personen<\/li>\n\n\n\n<li>Befreiung von Zuschl\u00e4gen<\/li>\n\n\n\n<li>Spezielle Newsletters der Bergen School<\/li>\n\n\n\n<li>Mindestens zweimal im Jahr ein exklusives Treffen mit Abschlussgetr\u00e4nk <\/li>\n\n\n\n<li>Erm\u00e4\u00dfigungen auf Museumspublikationen<\/li>\n\n\n\n<li>Pers\u00f6nliche Einladungen zur Er\u00f6ffnung einer neuen Ausstellung (f\u00fcr zwei Personen)<\/li>\n<\/ul>\n\n\n\n<div class=\"wp-block-buttons is-content-justification-space-between is-layout-flex wp-container-core-buttons-is-layout-3d213aab wp-block-buttons-is-layout-flex\"><\/div>\n\n\n\n<figure class=\"wp-block-image aligncenter size-large is-resized\"><img loading=\"lazy\" decoding=\"async\" width=\"1024\" height=\"856\" src=\"https:\/\/stedelijkmuseumalkmaar.nl\/wp-content\/uploads\/2026\/03\/Else-Berg-Vaas-met-bloemen-CN-1800x1504-1-1024x856.jpg\" alt=\"Vase mit Blumen\" class=\"wp-image-2533\" style=\"aspect-ratio:1.1963245586309659;width:248px;height:auto\" srcset=\"https:\/\/stedelijkmuseumalkmaar.nl\/wp-content\/uploads\/2026\/03\/Else-Berg-Vaas-met-bloemen-CN-1800x1504-1-1024x856.jpg 1024w, https:\/\/stedelijkmuseumalkmaar.nl\/wp-content\/uploads\/2026\/03\/Else-Berg-Vaas-met-bloemen-CN-1800x1504-1-300x251.jpg 300w, https:\/\/stedelijkmuseumalkmaar.nl\/wp-content\/uploads\/2026\/03\/Else-Berg-Vaas-met-bloemen-CN-1800x1504-1-768x642.jpg 768w, https:\/\/stedelijkmuseumalkmaar.nl\/wp-content\/uploads\/2026\/03\/Else-Berg-Vaas-met-bloemen-CN-1800x1504-1-1536x1283.jpg 1536w, https:\/\/stedelijkmuseumalkmaar.nl\/wp-content\/uploads\/2026\/03\/Else-Berg-Vaas-met-bloemen-CN-1800x1504-1-14x12.jpg 14w, https:\/\/stedelijkmuseumalkmaar.nl\/wp-content\/uploads\/2026\/03\/Else-Berg-Vaas-met-bloemen-CN-1800x1504-1.jpg 1800w\" sizes=\"auto, (max-width: 1024px) 100vw, 1024px\" \/><figcaption class=\"wp-element-caption\">Else Berg, <em>Vase mit Blumen<\/em>, \u00d6l auf Leinwand, aus der Sammlung Boendermaker<\/figcaption><\/figure>\n\n\n\n<p><\/p>","protected":false},"excerpt":{"rendered":"<p>Net als in onze aankomende tentoonstelling Gestel en De Smet Kleurrijke Vriendschap staat ook binnen de Kring Bergense School verbondenheid centraal. De tentoonstelling laat zien hoe artistieke vriendschap leidde tot vernieuwing, verdieping en inspiratie. De Kring Bergense School brengt vandaag verzamelaars, kenners en liefhebbers samen rond dezelfde passie. Wil je niet alleen kijken, maar ook<a class=\"excerpt-read-more\" href=\"https:\/\/stedelijkmuseumalkmaar.nl\/de\/steun-ons\/kring\/\" title=\"Lesen Sie mehrKreis Bergen Schule\">... Mehr lesen \"<\/a><\/p>","protected":false},"author":1,"featured_media":1261,"parent":508,"menu_order":14,"comment_status":"closed","ping_status":"closed","template":"","meta":{"_acf_changed":false,"inline_featured_image":false,"footnotes":""},"class_list":["post-513","page","type-page","status-publish","has-post-thumbnail","hentry"],"acf":[],"_links":{"self":[{"href":"https:\/\/stedelijkmuseumalkmaar.nl\/de\/wp-json\/wp\/v2\/pages\/513","targetHints":{"allow":["GET"]}}],"collection":[{"href":"https:\/\/stedelijkmuseumalkmaar.nl\/de\/wp-json\/wp\/v2\/pages"}],"about":[{"href":"https:\/\/stedelijkmuseumalkmaar.nl\/de\/wp-json\/wp\/v2\/types\/page"}],"author":[{"embeddable":true,"href":"https:\/\/stedelijkmuseumalkmaar.nl\/de\/wp-json\/wp\/v2\/users\/1"}],"replies":[{"embeddable":true,"href":"https:\/\/stedelijkmuseumalkmaar.nl\/de\/wp-json\/wp\/v2\/comments?post=513"}],"version-history":[{"count":41,"href":"https:\/\/stedelijkmuseumalkmaar.nl\/de\/wp-json\/wp\/v2\/pages\/513\/revisions"}],"predecessor-version":[{"id":2715,"href":"https:\/\/stedelijkmuseumalkmaar.nl\/de\/wp-json\/wp\/v2\/pages\/513\/revisions\/2715"}],"up":[{"embeddable":true,"href":"https:\/\/stedelijkmuseumalkmaar.nl\/de\/wp-json\/wp\/v2\/pages\/508"}],"wp:featuredmedia":[{"embeddable":true,"href":"https:\/\/stedelijkmuseumalkmaar.nl\/de\/wp-json\/wp\/v2\/media\/1261"}],"wp:attachment":[{"href":"https:\/\/stedelijkmuseumalkmaar.nl\/de\/wp-json\/wp\/v2\/media?parent=513"}],"curies":[{"name":"wp","href":"https:\/\/api.w.org\/{rel}","templated":true}]}}