{"id":510,"date":"2025-03-18T15:30:02","date_gmt":"2025-03-18T14:30:02","guid":{"rendered":"https:\/\/stedelijkmuseumalkmaar.nl\/?page_id=510"},"modified":"2026-04-21T15:30:02","modified_gmt":"2026-04-21T13:30:02","slug":"freund","status":"publish","type":"page","link":"https:\/\/stedelijkmuseumalkmaar.nl\/de\/steun-ons\/vriend\/","title":{"rendered":"Freund"},"content":{"rendered":"<h2 class=\"wp-block-heading has-text-align-center\">Mach einen Unterschied, werde <img loading=\"lazy\" decoding=\"async\" width=\"150\" height=\"47\" class=\"wp-image-2733\" style=\"width: 150px;\" src=\"https:\/\/stedelijkmuseumalkmaar.nl\/wp-content\/uploads\/2026\/04\/SMA-vriend-zwart-1.png\" alt=\"\" srcset=\"https:\/\/stedelijkmuseumalkmaar.nl\/wp-content\/uploads\/2026\/04\/SMA-vriend-zwart-1.png 543w, https:\/\/stedelijkmuseumalkmaar.nl\/wp-content\/uploads\/2026\/04\/SMA-vriend-zwart-1-300x94.png 300w, https:\/\/stedelijkmuseumalkmaar.nl\/wp-content\/uploads\/2026\/04\/SMA-vriend-zwart-1-18x6.png 18w\" sizes=\"auto, (max-width: 150px) 100vw, 150px\" \/><\/h2>\n\n\n\n<p>Als Vriend beleeft u het museum van dichtbij met exclusieve activiteiten en ontmoetingen. Tegelijkertijd draagt u bij aan tentoonstellingen, het behoud van de collectie en nieuwe aankopen. <\/p>\n\n\n\n<p>So konnten wir k\u00fcrzlich, auch dank unserer Freunde, zwei seltene T\u00e4felchen des Meisters von<br>Alkmaar zur Sammlung hinzuf\u00fcgen.<br><\/p>\n\n\n\n<p>Unterst\u00fctzen Sie eines der \u00e4ltesten Museen der Niederlande, heute und in Zukunft.<\/p>\n\n\n\n<p><\/p>\n\n\n\n<p>Als Freund erh\u00e4ltst du:<\/p>\n\n\n\n<ul class=\"wp-block-list\">\n<li><strong>Immer freier Eintritt<\/strong><\/li>\n\n\n\n<li><strong>Exklusive F\u00fchrungen f\u00fcr Freunde und Vortr\u00e4ge in Wechselausstellungen<\/strong><\/li>\n\n\n\n<li><strong>Einladung zu besonderen Er\u00f6ffnungen von Freunden<\/strong><\/li>\n\n\n\n<li><strong>Erm\u00e4\u00dfigungen bei Museumsaktivit\u00e4ten<\/strong><\/li>\n\n\n\n<li><strong>Als erstes die Museumsneuigkeiten \u00fcber den periodischen Newsletter<\/strong><\/li>\n<\/ul>\n\n\n\n<p>Du bist  <img loading=\"lazy\" decoding=\"async\" width=\"150\" height=\"47\" class=\"wp-image-2733\" style=\"width: 150px;\" src=\"https:\/\/stedelijkmuseumalkmaar.nl\/wp-content\/uploads\/2026\/04\/SMA-vriend-zwart-1.png\" alt=\"\" srcset=\"https:\/\/stedelijkmuseumalkmaar.nl\/wp-content\/uploads\/2026\/04\/SMA-vriend-zwart-1.png 543w, https:\/\/stedelijkmuseumalkmaar.nl\/wp-content\/uploads\/2026\/04\/SMA-vriend-zwart-1-300x94.png 300w, https:\/\/stedelijkmuseumalkmaar.nl\/wp-content\/uploads\/2026\/04\/SMA-vriend-zwart-1-18x6.png 18w\" sizes=\"auto, (max-width: 150px) 100vw, 150px\" \/> ab 50 \u20ac pro Person pro Jahr<\/p>\n\n\n\n<div class=\"wp-block-buttons is-layout-flex wp-block-buttons-is-layout-flex\">\n<div class=\"wp-block-button\"><a class=\"wp-block-button__link wp-element-button\" href=\"https:\/\/tickets.stedelijkmuseumalkmaar.nl\/vrienden\/#\/tickets\/Vrienden\">Werden Sie ein Freund<\/a><\/div>\n<\/div>\n\n\n\n<p><\/p>\n\n\n\n<p><\/p>\n\n\n\n<h6 class=\"wp-block-heading\"><\/h6>\n\n\n\n<p><\/p>\n\n\n\n<section class=\"video wp-block alignfull\" id=\"video-block_b0d6daf2df0d6bcc34e63a863a861462\">\n        <div class=\"row align-center\">\n        <div class=\"column small-12 large-8\">\n            <div class=\"mb-m\">\n                                    <h2 class=\"video__title\">Sehen Sie hier, warum unsere Freunde zu Freunden wurden!<\/h2>\n                                            <\/div>\n        <\/div>\n    <\/div>\n        <div class=\"row align-center\">\n                    <div class=\"column small-12 large-8\">\n                                                            <div class=\"player aspect-ratio-16-9\" data-plyr-provider=\"youtube\" data-plyr-embed-id=\"6RlsZauB6f8\" loading=\"lazy\"><\/div>\n                                                <\/div>\n                        <\/div>\n<\/section>","protected":false},"excerpt":{"rendered":"<p>Maak verschil, word Als Vriend beleef je het museum van dichtbij met exclusieve activiteiten en ontmoetingen. Tegelijkertijd draag je bij aan tentoonstellingen, het behoud van de collectie en nieuwe aankopen. Zo konden we onlangs, mede dankzij onze Vrienden, twee zeldzame paneeltjes van de Meester vanAlkmaar aan de collectie toevoegen. Steun \u00e9\u00e9n van de oudste musea<a class=\"excerpt-read-more\" href=\"https:\/\/stedelijkmuseumalkmaar.nl\/de\/steun-ons\/vriend\/\" title=\"Mehr lesenFreund\">... Mehr lesen \"<\/a><\/p>","protected":false},"author":1,"featured_media":2093,"parent":508,"menu_order":11,"comment_status":"closed","ping_status":"closed","template":"","meta":{"_acf_changed":false,"inline_featured_image":false,"footnotes":""},"class_list":["post-510","page","type-page","status-publish","has-post-thumbnail","hentry"],"acf":[],"_links":{"self":[{"href":"https:\/\/stedelijkmuseumalkmaar.nl\/de\/wp-json\/wp\/v2\/pages\/510","targetHints":{"allow":["GET"]}}],"collection":[{"href":"https:\/\/stedelijkmuseumalkmaar.nl\/de\/wp-json\/wp\/v2\/pages"}],"about":[{"href":"https:\/\/stedelijkmuseumalkmaar.nl\/de\/wp-json\/wp\/v2\/types\/page"}],"author":[{"embeddable":true,"href":"https:\/\/stedelijkmuseumalkmaar.nl\/de\/wp-json\/wp\/v2\/users\/1"}],"replies":[{"embeddable":true,"href":"https:\/\/stedelijkmuseumalkmaar.nl\/de\/wp-json\/wp\/v2\/comments?post=510"}],"version-history":[{"count":31,"href":"https:\/\/stedelijkmuseumalkmaar.nl\/de\/wp-json\/wp\/v2\/pages\/510\/revisions"}],"predecessor-version":[{"id":2738,"href":"https:\/\/stedelijkmuseumalkmaar.nl\/de\/wp-json\/wp\/v2\/pages\/510\/revisions\/2738"}],"up":[{"embeddable":true,"href":"https:\/\/stedelijkmuseumalkmaar.nl\/de\/wp-json\/wp\/v2\/pages\/508"}],"wp:featuredmedia":[{"embeddable":true,"href":"https:\/\/stedelijkmuseumalkmaar.nl\/de\/wp-json\/wp\/v2\/media\/2093"}],"wp:attachment":[{"href":"https:\/\/stedelijkmuseumalkmaar.nl\/de\/wp-json\/wp\/v2\/media?parent=510"}],"curies":[{"name":"wp","href":"https:\/\/api.w.org\/{rel}","templated":true}]}}