{"id":508,"date":"2025-03-18T15:29:29","date_gmt":"2025-03-18T14:29:29","guid":{"rendered":"https:\/\/stedelijkmuseumalkmaar.nl\/?page_id=508"},"modified":"2026-02-19T11:48:25","modified_gmt":"2026-02-19T10:48:25","slug":"uns-unterstutzen","status":"publish","type":"page","link":"https:\/\/stedelijkmuseumalkmaar.nl\/de\/steun-ons\/","title":{"rendered":"Unterst\u00fctzen Sie uns"},"content":{"rendered":"<h2 class=\"wp-block-heading has-text-align-center\">Treffen im Museum<\/h2>\n\n\n\n<p>Werden Sie ein Freund des Stedelijk Museum Alkmaar und werden Sie Teil eines der \u00e4ltesten Freundesnetzwerke von Kunstliebhabern in den Niederlanden. Ihre Unterst\u00fctzung erm\u00f6glicht es dem Museum, Ausstellungen zu gestalten, die st\u00e4ndige Sammlung zu verwalten und neue Werke zu erwerben. Lassen Sie sich bei unseren exklusiven Treffen inspirieren und genie\u00dfen Sie tolle Freundschaftsvorteile wie; <\/p>\n\n\n\n<ul class=\"wp-block-list\">\n<li>Einen pers\u00f6nlichen Friends Pass, der unbegrenzten freien Eintritt ins Museum gew\u00e4hrt<\/li>\n\n\n\n<li>Einladungen zu F\u00fchrungen, Vortr\u00e4gen, Exkursionen und speziellen Friends-Er\u00f6ffnungen<\/li>\n<\/ul>\n\n\n\n<p>Sie sind bereits ab 50 \u20ac pro Jahr ein Freund.<\/p>\n\n\n\n<p><strong>W\u00e4hlen Sie die Freundschaft, die zu Ihnen passt:<\/strong><\/p>\n\n\n\n\t<section class=\"item-list wp-block alignfull\" id=\"item-list-block_4a035f3fd8f07b4b69696d23e0afeddb\">\n\t\t<div class=\"row\">\n\t\t\t<div class=\"column\">\n\t\t\t\t\t\t\t\t\t\t\t<\/div>\n\t\t<\/div>\n\t\t<div class=\"row small-up-1 medium-up-2 large-up-3 flex-grow\">\n\t\t\t\t\t\t\t<div class=\"column\">\n\t\t\t\t\t<a href=\"https:\/\/stedelijkmuseumalkmaar.nl\/de\/steun-ons\/vriend\/\"\n\t\t\t\t\t\tclass=\"card\">\n\t\t\t\t\t\t<div class=\"card__image\">\n\t\t\t\t\t\t\t<img class=\"lazyload aspect-ratio-6-4\" data-src=\"https:\/\/stedelijkmuseumalkmaar.nl\/wp-content\/uploads\/2025\/11\/DSC3444-2-600x400.jpg\" alt=\"\" \/>\n\t\t\t\t\t\t\t<span class=\"lees-verder\">Mehr lesen<\/span>\n\t\t\t\t\t\t<\/div>\n\t\t\t\t\t\t<div class=\"card__content\">\n\t\t\t\t\t\t\t<h4 class=\"card__title\">Freund<\/h4>\n\t\t\t\t\t\t\t\t\t\t\t\t\t\t\t<h6 class=\"card__subtitle\">Freunde treffen sich im Museum<\/h6>\n\t\t\t\t\t\t\t\t\t\t\t\t\t<\/div>\n\t\t\t\t\t<\/a>\n\t\t\t\t<\/div>\n\t\t\t\t\t\t\t<div class=\"column\">\n\t\t\t\t\t<a href=\"https:\/\/stedelijkmuseumalkmaar.nl\/de\/steun-ons\/kring\/\"\n\t\t\t\t\t\tclass=\"card\">\n\t\t\t\t\t\t<div class=\"card__image\">\n\t\t\t\t\t\t\t<img class=\"lazyload aspect-ratio-6-4\" data-src=\"https:\/\/stedelijkmuseumalkmaar.nl\/wp-content\/uploads\/2025\/05\/Marjan-lezing-600x400.jpg\" alt=\"Kurator der Bergen School\" \/>\n\t\t\t\t\t\t\t<span class=\"lees-verder\">Mehr lesen<\/span>\n\t\t\t\t\t\t<\/div>\n\t\t\t\t\t\t<div class=\"card__content\">\n\t\t\t\t\t\t\t<h4 class=\"card__title\">Bergen School Circle<\/h4>\n\t\t\t\t\t\t\t\t\t\t\t\t\t\t\t<h6 class=\"card__subtitle\">Kenner, Sammler und Liebhaber<\/h6>\n\t\t\t\t\t\t\t\t\t\t\t\t\t<\/div>\n\t\t\t\t\t<\/a>\n\t\t\t\t<\/div>\n\t\t\t\t\t\t\t<div class=\"column\">\n\t\t\t\t\t<a href=\"https:\/\/stedelijkmuseumalkmaar.nl\/de\/steun-ons\/schutter\/\"\n\t\t\t\t\t\tclass=\"card\">\n\t\t\t\t\t\t<div class=\"card__image\">\n\t\t\t\t\t\t\t<img class=\"lazyload aspect-ratio-6-4\" data-src=\"https:\/\/stedelijkmuseumalkmaar.nl\/wp-content\/uploads\/2025\/04\/schuttersmaaltijd-2024-stedelijk-museum-alkmaar-600x400.jpg\" alt=\"sch\u00fctzenmahlzeit 2024 stedelijk museum alkmaar\" \/>\n\t\t\t\t\t\t\t<span class=\"lees-verder\">Mehr lesen<\/span>\n\t\t\t\t\t\t<\/div>\n\t\t\t\t\t\t<div class=\"card__content\">\n\t\t\t\t\t\t\t<h4 class=\"card__title\">Sch\u00fctze<\/h4>\n\t\t\t\t\t\t\t\t\t\t\t\t\t\t\t<h6 class=\"card__subtitle\">Unternehmensfreunde und Kunstliebhaber<\/h6>\n\t\t\t\t\t\t\t\t\t\t\t\t\t<\/div>\n\t\t\t\t\t<\/a>\n\t\t\t\t<\/div>\n\t\t\t\t\t\t\t<div class=\"column\">\n\t\t\t\t\t<a href=\"https:\/\/stedelijkmuseumalkmaar.nl\/de\/steun-ons\/patroon\/\"\n\t\t\t\t\t\tclass=\"card\">\n\t\t\t\t\t\t<div class=\"card__image\">\n\t\t\t\t\t\t\t<img class=\"lazyload aspect-ratio-6-4\" data-src=\"https:\/\/stedelijkmuseumalkmaar.nl\/wp-content\/uploads\/2025\/04\/patroon-stedelijk-museum-alkmaar-600x400.jpg\" alt=\"muster stadtmuseum alkmaar\" \/>\n\t\t\t\t\t\t\t<span class=\"lees-verder\">Mehr lesen<\/span>\n\t\t\t\t\t\t<\/div>\n\t\t\t\t\t\t<div class=\"card__content\">\n\t\t\t\t\t\t\t<h4 class=\"card__title\">Muster<\/h4>\n\t\t\t\t\t\t\t\t\t\t\t\t\t\t\t<h6 class=\"card__subtitle\">Treffen Sie K\u00fcnstler und Restauratoren und werfen Sie einen Blick hinter die Kulissen<\/h6>\n\t\t\t\t\t\t\t\t\t\t\t\t\t<\/div>\n\t\t\t\t\t<\/a>\n\t\t\t\t<\/div>\n\t\t\t\t\t\t\t<div class=\"column\">\n\t\t\t\t\t<a href=\"https:\/\/stedelijkmuseumalkmaar.nl\/de\/steun-ons\/schenken-nalaten\/\"\n\t\t\t\t\t\tclass=\"card\">\n\t\t\t\t\t\t<div class=\"card__image\">\n\t\t\t\t\t\t\t<img class=\"lazyload aspect-ratio-6-4\" data-src=\"https:\/\/stedelijkmuseumalkmaar.nl\/wp-content\/uploads\/2025\/04\/Allemaal-Alkmaar-Stedelijk-Museum-Alkmaar-1-600x400.jpg\" alt=\"Alle Alkmaar - Stedelijk Museum Alkmaar\" \/>\n\t\t\t\t\t\t\t<span class=\"lees-verder\">Mehr lesen<\/span>\n\t\t\t\t\t\t<\/div>\n\t\t\t\t\t\t<div class=\"card__content\">\n\t\t\t\t\t\t\t<h4 class=\"card__title\">Schenkungen und Verm\u00e4chtnisse<\/h4>\n\t\t\t\t\t\t\t\t\t\t\t\t\t\t\t<h6 class=\"card__subtitle\">Mit Ihrer Unterst\u00fctzung kann das Museum auch k\u00fcnftige Generationen inspirieren<\/h6>\n\t\t\t\t\t\t\t\t\t\t\t\t\t<\/div>\n\t\t\t\t\t<\/a>\n\t\t\t\t<\/div>\n\t\t\t\t\t<\/div>\n\t<\/section>","protected":false},"excerpt":{"rendered":"<p>Treffen Sie sich im Museum Werden Sie ein Freund des Stedelijk Museum Alkmaar und werden Sie Teil eines der \u00e4ltesten Freundesnetzwerke von Kunstliebhabern in den Niederlanden. Ihre Unterst\u00fctzung erm\u00f6glicht es dem Museum, Ausstellungen zu organisieren, die st\u00e4ndige Sammlung zu verwalten und neue Werke zu erwerben. Lassen Sie sich bei unseren exklusiven Treffen inspirieren und genie\u00dfen Sie tolle Freundschaftsvorteile wie: Ihr<a class=\"excerpt-read-more\" href=\"https:\/\/stedelijkmuseumalkmaar.nl\/de\/steun-ons\/\" title=\"Mehr lesenUnterst\u00fctzen Sie uns\">... Mehr lesen \"<\/a><\/p>","protected":false},"author":1,"featured_media":2093,"parent":0,"menu_order":11,"comment_status":"closed","ping_status":"closed","template":"","meta":{"_acf_changed":false,"inline_featured_image":false,"footnotes":""},"class_list":["post-508","page","type-page","status-publish","has-post-thumbnail","hentry"],"acf":[],"_links":{"self":[{"href":"https:\/\/stedelijkmuseumalkmaar.nl\/de\/wp-json\/wp\/v2\/pages\/508","targetHints":{"allow":["GET"]}}],"collection":[{"href":"https:\/\/stedelijkmuseumalkmaar.nl\/de\/wp-json\/wp\/v2\/pages"}],"about":[{"href":"https:\/\/stedelijkmuseumalkmaar.nl\/de\/wp-json\/wp\/v2\/types\/page"}],"author":[{"embeddable":true,"href":"https:\/\/stedelijkmuseumalkmaar.nl\/de\/wp-json\/wp\/v2\/users\/1"}],"replies":[{"embeddable":true,"href":"https:\/\/stedelijkmuseumalkmaar.nl\/de\/wp-json\/wp\/v2\/comments?post=508"}],"version-history":[{"count":14,"href":"https:\/\/stedelijkmuseumalkmaar.nl\/de\/wp-json\/wp\/v2\/pages\/508\/revisions"}],"predecessor-version":[{"id":2019,"href":"https:\/\/stedelijkmuseumalkmaar.nl\/de\/wp-json\/wp\/v2\/pages\/508\/revisions\/2019"}],"wp:featuredmedia":[{"embeddable":true,"href":"https:\/\/stedelijkmuseumalkmaar.nl\/de\/wp-json\/wp\/v2\/media\/2093"}],"wp:attachment":[{"href":"https:\/\/stedelijkmuseumalkmaar.nl\/de\/wp-json\/wp\/v2\/media?parent=508"}],"curies":[{"name":"wp","href":"https:\/\/api.w.org\/{rel}","templated":true}]}}