{"id":502,"date":"2025-03-18T15:27:42","date_gmt":"2025-03-18T14:27:42","guid":{"rendered":"https:\/\/stedelijkmuseumalkmaar.nl\/?page_id=502"},"modified":"2026-04-20T10:11:17","modified_gmt":"2026-04-20T08:11:17","slug":"presse","status":"publish","type":"page","link":"https:\/\/stedelijkmuseumalkmaar.nl\/de\/over-het-museum\/pers\/","title":{"rendered":"Presse"},"content":{"rendered":"<h2 class=\"wp-block-heading has-text-align-center\">Wir helfen Ihnen gerne weiter<\/h2>\n\n\n\n\t<section class=\"item-list wp-block alignfull berichten-slider\" id=\"item-list-berichtenslider-block_8c777c21b83c36cd2036033eff5f7963\">\n\t\t<div class=\"row\">\n\t\t\t<div class=\"small-12 large-6 column\">\n\t\t\t\t<div class=\"mb-m\">\n\t\t\t\t\t<h2>Pressemitteilungen<\/h2>\t\t\t\t\t\t\t\t\t<\/div>\n\t\t\t<\/div>\n\t\t\t<div class=\"row small-up-1 medium-up-2 large-up-3 flex-grow berichten-slider__wrapper\">\n\t\t\t\t\t\t\t\t\t<div class=\"column\">\n\t\t\t\t\t\t<a href=\"https:\/\/stedelijkmuseumalkmaar.nl\/de\/gestelendesmet\/\" class=\"card\">\n\t\t\t\t\t\t\t\t\t\t\t\t\t\t\t<h6 class=\"card__special\">\n\t\t\t\t\t\t\t\t\t24. Februar 2026\t\t\t\t\t\t\t\t<\/h6>\n\t\t\t\t\t\t\t\t\t\t\t\t\t\t<div class=\"card__image\">\n\t\t\t\t\t\t\t\t<img loading=\"lazy\" decoding=\"async\" width=\"600\" height=\"382\" src=\"https:\/\/stedelijkmuseumalkmaar.nl\/wp-content\/uploads\/2026\/02\/Schermafbeelding-2026-02-20-103424-e1775810413632-600x382.png\" class=\"aspect-ratio-6-4 wp-post-image\" alt=\"\" srcset=\"https:\/\/stedelijkmuseumalkmaar.nl\/wp-content\/uploads\/2026\/02\/Schermafbeelding-2026-02-20-103424-e1775810413632-600x382.png 600w, https:\/\/stedelijkmuseumalkmaar.nl\/wp-content\/uploads\/2026\/02\/Schermafbeelding-2026-02-20-103424-e1775810413632-18x10.png 18w\" sizes=\"auto, (max-width: 600px) 100vw, 600px\" \/>\t\t\t\t\t\t\t\t<span class=\"lees-verder\">Mehr lesen<\/span>\n\t\t\t\t\t\t\t<\/div>\n\t\t\t\t\t\t\t<div class=\"card__content\">\n\t\t\t\t\t\t\t\t<h4 class=\"card__title\">Die farbenfrohe Freundschaft zwischen den Gro\u00dfmeistern Gestel und De Smet<\/h4>\n\t\t\t\t\t\t\t\t\t\t\t\t\t\t\t\t\t<h6 class=\"card__subtitle\">\nAb dem 24. April zeigt das Stedelijk Museum\u2026<\/h6>\n\t\t\t\t\t\t\t\t\t\t\t\t\t\t\t<\/div>\n\t\t\t\t\t\t<\/a>\n\t\t\t\t\t<\/div>\n\t\t\t\t\t\t\t\t\t<div class=\"column\">\n\t\t\t\t\t\t<a href=\"https:\/\/stedelijkmuseumalkmaar.nl\/de\/regio-deal-noord-holland-noord-kent-subsidie-toe-aan-uniek-samenwerkingsproject-van-twaalf-musea\/\" class=\"card\">\n\t\t\t\t\t\t\t\t\t\t\t\t\t\t\t<h6 class=\"card__special\">\n\t\t\t\t\t\t\t\t\t21. Januar 2026\t\t\t\t\t\t\t\t<\/h6>\n\t\t\t\t\t\t\t\t\t\t\t\t\t\t<div class=\"card__image\">\n\t\t\t\t\t\t\t\t<img loading=\"lazy\" decoding=\"async\" width=\"600\" height=\"400\" src=\"https:\/\/stedelijkmuseumalkmaar.nl\/wp-content\/uploads\/2026\/04\/1769069602441-600x400.jpg\" class=\"aspect-ratio-6-4 wp-post-image\" alt=\"\" srcset=\"https:\/\/stedelijkmuseumalkmaar.nl\/wp-content\/uploads\/2026\/04\/1769069602441-600x400.jpg 600w, https:\/\/stedelijkmuseumalkmaar.nl\/wp-content\/uploads\/2026\/04\/1769069602441-300x200.jpg 300w, https:\/\/stedelijkmuseumalkmaar.nl\/wp-content\/uploads\/2026\/04\/1769069602441-1024x683.jpg 1024w, https:\/\/stedelijkmuseumalkmaar.nl\/wp-content\/uploads\/2026\/04\/1769069602441-768x512.jpg 768w, https:\/\/stedelijkmuseumalkmaar.nl\/wp-content\/uploads\/2026\/04\/1769069602441-1536x1024.jpg 1536w, https:\/\/stedelijkmuseumalkmaar.nl\/wp-content\/uploads\/2026\/04\/1769069602441-18x12.jpg 18w, https:\/\/stedelijkmuseumalkmaar.nl\/wp-content\/uploads\/2026\/04\/1769069602441-1200x800.jpg 1200w, https:\/\/stedelijkmuseumalkmaar.nl\/wp-content\/uploads\/2026\/04\/1769069602441.jpg 2048w\" sizes=\"auto, (max-width: 600px) 100vw, 600px\" \/>\t\t\t\t\t\t\t\t<span class=\"lees-verder\">Mehr lesen<\/span>\n\t\t\t\t\t\t\t<\/div>\n\t\t\t\t\t\t\t<div class=\"card__content\">\n\t\t\t\t\t\t\t\t<h4 class=\"card__title\">Regio Deal Noord-Holland Noord bewilligt Zuschuss!<\/h4>\n\t\t\t\t\t\t\t\t\t\t\t\t\t\t\t\t\t<h6 class=\"card__subtitle\">\nAlkmaar, 21-01-2026\n\nDie Regiodeal\u2026<\/h6>\n\t\t\t\t\t\t\t\t\t\t\t\t\t\t\t<\/div>\n\t\t\t\t\t\t<\/a>\n\t\t\t\t\t<\/div>\n\t\t\t\t\t\t\t\t\t<div class=\"column\">\n\t\t\t\t\t\t<a href=\"https:\/\/stedelijkmuseumalkmaar.nl\/de\/stedelijk-museum-alkmaar-viert-150-jaar-met-geschenk-aan-de-stad\/\" class=\"card\">\n\t\t\t\t\t\t\t\t\t\t\t\t\t\t\t<h6 class=\"card__special\">\n\t\t\t\t\t\t\t\t\t10 Oktober 2025\t\t\t\t\t\t\t\t<\/h6>\n\t\t\t\t\t\t\t\t\t\t\t\t\t\t<div class=\"card__image\">\n\t\t\t\t\t\t\t\t<img loading=\"lazy\" decoding=\"async\" width=\"600\" height=\"400\" src=\"https:\/\/stedelijkmuseumalkmaar.nl\/wp-content\/uploads\/2025\/10\/JJMB151025_73_004-600x400.jpg\" class=\"aspect-ratio-6-4 wp-post-image\" alt=\"\" srcset=\"https:\/\/stedelijkmuseumalkmaar.nl\/wp-content\/uploads\/2025\/10\/JJMB151025_73_004-600x400.jpg 600w, https:\/\/stedelijkmuseumalkmaar.nl\/wp-content\/uploads\/2025\/10\/JJMB151025_73_004-18x12.jpg 18w, https:\/\/stedelijkmuseumalkmaar.nl\/wp-content\/uploads\/2025\/10\/JJMB151025_73_004-1200x800.jpg 1200w\" sizes=\"auto, (max-width: 600px) 100vw, 600px\" \/>\t\t\t\t\t\t\t\t<span class=\"lees-verder\">Mehr lesen<\/span>\n\t\t\t\t\t\t\t<\/div>\n\t\t\t\t\t\t\t<div class=\"card__content\">\n\t\t\t\t\t\t\t\t<h4 class=\"card__title\">Das Stedelijk Museum Alkmaar feiert 150 Jahre mit einem Geschenk an die Stadt.\u00a0<\/h4>\n\t\t\t\t\t\t\t\t\t\t\t\t\t\t\t\t\t<h6 class=\"card__subtitle\">\nSeltene Tafeln von Meister von Alkmaar.<\/h6>\n\t\t\t\t\t\t\t\t\t\t\t\t\t\t\t<\/div>\n\t\t\t\t\t\t<\/a>\n\t\t\t\t\t<\/div>\n\t\t\t\t\t\t\t\t\t<div class=\"column\">\n\t\t\t\t\t\t<a href=\"https:\/\/stedelijkmuseumalkmaar.nl\/de\/lutherskastje-op-reis-van-alkmaar-naar-washigton-en-gent\/\" class=\"card\">\n\t\t\t\t\t\t\t\t\t\t\t\t\t\t\t<h6 class=\"card__special\">\n\t\t\t\t\t\t\t\t\t29. August 2025\t\t\t\t\t\t\t\t<\/h6>\n\t\t\t\t\t\t\t\t\t\t\t\t\t\t<div class=\"card__image\">\n\t\t\t\t\t\t\t\t<img loading=\"lazy\" decoding=\"async\" width=\"600\" height=\"399\" src=\"https:\/\/stedelijkmuseumalkmaar.nl\/wp-content\/uploads\/2025\/08\/ketterkast_interieur-600x400.jpg\" class=\"aspect-ratio-6-4 wp-post-image\" alt=\"\" srcset=\"https:\/\/stedelijkmuseumalkmaar.nl\/wp-content\/uploads\/2025\/08\/ketterkast_interieur-600x400.jpg 600w, https:\/\/stedelijkmuseumalkmaar.nl\/wp-content\/uploads\/2025\/08\/ketterkast_interieur-18x12.jpg 18w, https:\/\/stedelijkmuseumalkmaar.nl\/wp-content\/uploads\/2025\/08\/ketterkast_interieur-1200x800.jpg 1200w\" sizes=\"auto, (max-width: 600px) 100vw, 600px\" \/>\t\t\t\t\t\t\t\t<span class=\"lees-verder\">Mehr lesen<\/span>\n\t\t\t\t\t\t\t<\/div>\n\t\t\t\t\t\t\t<div class=\"card__content\">\n\t\t\t\t\t\t\t\t<h4 class=\"card__title\">Luthers Kabinett auf Tournee: von Alkmaar nach Washington und Gent<\/h4>\n\t\t\t\t\t\t\t\t\t\t\t\t\t\t\t\t\t<h6 class=\"card__subtitle\">\nDas besondere 17. Jahrhundert Prunkk\u00e4stchen aus\u2026<\/h6>\n\t\t\t\t\t\t\t\t\t\t\t\t\t\t\t<\/div>\n\t\t\t\t\t\t<\/a>\n\t\t\t\t\t<\/div>\n\t\t\t\t\t\t\t\t\t<div class=\"column\">\n\t\t\t\t\t\t<a href=\"https:\/\/stedelijkmuseumalkmaar.nl\/de\/een-van-de-belangrijkste-particuliere-collecties-ter-wereld-van-nederlandse-en-vlaamse-17de-eeuwse-schilderkunst-mogelijk-voor-decennia-te-zien-in-stedelijk-museum-alkmaar\/\" class=\"card\">\n\t\t\t\t\t\t\t\t\t\t\t\t\t\t\t<h6 class=\"card__special\">\n\t\t\t\t\t\t\t\t\t3. M\u00e4rz 2025\t\t\t\t\t\t\t\t<\/h6>\n\t\t\t\t\t\t\t\t\t\t\t\t\t\t<div class=\"card__image\">\n\t\t\t\t\t\t\t\t<img loading=\"lazy\" decoding=\"async\" width=\"600\" height=\"400\" src=\"https:\/\/stedelijkmuseumalkmaar.nl\/wp-content\/uploads\/2025\/03\/Kremer-collectie_06.d0d6eba62a4b3c0e0ce635deb33a0f23-600x400.jpg\" class=\"aspect-ratio-6-4 wp-post-image\" alt=\"\" srcset=\"https:\/\/stedelijkmuseumalkmaar.nl\/wp-content\/uploads\/2025\/03\/Kremer-collectie_06.d0d6eba62a4b3c0e0ce635deb33a0f23-600x400.jpg 600w, https:\/\/stedelijkmuseumalkmaar.nl\/wp-content\/uploads\/2025\/03\/Kremer-collectie_06.d0d6eba62a4b3c0e0ce635deb33a0f23-300x200.jpg 300w, https:\/\/stedelijkmuseumalkmaar.nl\/wp-content\/uploads\/2025\/03\/Kremer-collectie_06.d0d6eba62a4b3c0e0ce635deb33a0f23-1024x682.jpg 1024w, https:\/\/stedelijkmuseumalkmaar.nl\/wp-content\/uploads\/2025\/03\/Kremer-collectie_06.d0d6eba62a4b3c0e0ce635deb33a0f23-768x512.jpg 768w, https:\/\/stedelijkmuseumalkmaar.nl\/wp-content\/uploads\/2025\/03\/Kremer-collectie_06.d0d6eba62a4b3c0e0ce635deb33a0f23-1536x1023.jpg 1536w, https:\/\/stedelijkmuseumalkmaar.nl\/wp-content\/uploads\/2025\/03\/Kremer-collectie_06.d0d6eba62a4b3c0e0ce635deb33a0f23-18x12.jpg 18w, https:\/\/stedelijkmuseumalkmaar.nl\/wp-content\/uploads\/2025\/03\/Kremer-collectie_06.d0d6eba62a4b3c0e0ce635deb33a0f23-1200x800.jpg 1200w, https:\/\/stedelijkmuseumalkmaar.nl\/wp-content\/uploads\/2025\/03\/Kremer-collectie_06.d0d6eba62a4b3c0e0ce635deb33a0f23.jpg 1900w\" sizes=\"auto, (max-width: 600px) 100vw, 600px\" \/>\t\t\t\t\t\t\t\t<span class=\"lees-verder\">Mehr lesen<\/span>\n\t\t\t\t\t\t\t<\/div>\n\t\t\t\t\t\t\t<div class=\"card__content\">\n\t\t\t\t\t\t\t\t<h4 class=\"card__title\">Kremer Kollektion m\u00f6glicherweise f\u00fcr Jahrzehnte im Stedelijk Museum Alkmaar zu sehen\u00a0<\/h4>\n\t\t\t\t\t\t\t\t\t\t\t\t\t\t\t\t\t<h6 class=\"card__subtitle\">\nBer\u00fchmte Kremer Sammlung in langfristig...<\/h6>\n\t\t\t\t\t\t\t\t\t\t\t\t\t\t\t<\/div>\n\t\t\t\t\t\t<\/a>\n\t\t\t\t\t<\/div>\n\t\t\t\t\t\t\t<\/div>\n\t<\/section>\n\n\n\n<p><\/p>\n\n\n\n<h3 class=\"wp-block-heading\">Bildmaterial oder weitere Informationen?<\/h3>\n\n\n\n<p>M\u00f6chten Sie Bilder oder weitere Informationen \u00fcber das Stedelijk Museum Alkmaar, unsere Ausstellungen, Aktivit\u00e4ten und Veranstaltungen anfordern? Oder m\u00f6chten Sie sich in unseren Presseverteiler eintragen? Bitte kontaktieren Sie unsere Abteilung Marketing und Kommunikation.<\/p>\n\n\n\n<p><strong>Marketing und Kommunikation<br><\/strong>072-5489729<br><a href=\"mailto:pe&#114;s&#64;mu&#115;e&#117;&#109;&#97;&#108;&#107;ma&#97;&#114;&#46;&#110;&#108;\">pers@museumalkmaar.nl<\/a><\/p>\n\n\n\n<p><strong>Presseerkl\u00e4rung<\/strong><br>Veerle van de Laar<br>veerle@museumalkmaar.nl<\/p>\n\n\n\n<p>Annemieke Min<br>annemieke@museumalkmaar.nl<\/p>\n\n\n\n<div class=\"wp-block-buttons is-layout-flex wp-block-buttons-is-layout-flex\">\n<div class=\"wp-block-button is-style-primary\"><a class=\"wp-block-button__link wp-element-button\" href=\"https:\/\/www.dropbox.com\/scl\/fo\/1l7o8wqpohvzs2yx4xg14\/AI5Bm9TBV2yMAk1jLp-FkSU?rlkey=64ebodddhuuy9zoknzqxtoshv&amp;st=p25vl8rp&amp;dl=0\" target=\"_blank\" rel=\"noopener\">Pressebilder Gestel und De Smet<\/a><\/div>\n\n\n\n<div class=\"wp-block-button\"><a class=\"wp-block-button__link wp-element-button\" href=\"https:\/\/www.dropbox.com\/scl\/fo\/5yj4rmmu2aycgor6fx9lz\/AGB5am6ofEBYx6ncqEvq8ro?rlkey=4wimimepivc724amn6q6wkoma&amp;st=riafmz8v&amp;dl=0\" target=\"_blank\" rel=\"noopener\">Pressebildtafeln Meister von Alkmaar<\/a><\/div>\n<\/div>\n\n\n\n<p><\/p>\n\n\n\n<h5 class=\"wp-block-heading\"><strong>Pictoright<\/strong><\/h5>\n\n\n\n<p>Die Bilder d\u00fcrfen nur in Verbindung mit der Erw\u00e4hnung der Ausstellung und f\u00fcr die Dauer der Ausstellung verwendet werden. Bei Verwendung sind Bildunterschriften\/Creditzeilen erforderlich. Die Werke von Pictoright angeschlossenen Urhebern sind nicht frei von Urheberrechten. Die Nutzer sollten sich gegebenenfalls mit Pictoright in Verbindung setzen, um im Voraus eine Genehmigung f\u00fcr die Nutzung zu erhalten:&nbsp;<a href=\"mailto:&#105;&#110;f&#111;&#64;p&#105;c&#116;&#111;&#114;&#105;&#103;ht&#46;n&#108;\">info@pictoright.nl<\/a>.<\/p>\n\n\n\n<p><\/p>","protected":false},"excerpt":{"rendered":"<p>Wij staan je graag te woord Beeldmateriaal of meer informatie? Wil je beeldmateriaal aanvragen of meer informatie over Stedelijk Museum Alkmaar, onze tentoonstellingen, activiteiten en evenementen? Of wil je je inschrijven voor onze perslijst? Neem contact op met onze afdeling Marketing en communicatie. Marketing en communicatie072-5489729&#112;ers&#64;&#109;&#117;s&#101;&#117;m&#97;l&#107;&#109;&#97;&#97;&#114;.&#110;l PerswoordvoeringVeerle van de Laarve&#101;&#114;l&#101;&#64;m&#117;s&#101;&#117;&#109;a&#108;kma&#97;&#114;&#46;nl Annemieke Minann&#101;&#109;ie&#107;&#101;&#64;&#109;&#117;&#115;eu&#109;&#97;&#108;k&#109;aa&#114;.n&#108; Pictoright Beeldmateriaal alleen<a class=\"excerpt-read-more\" href=\"https:\/\/stedelijkmuseumalkmaar.nl\/de\/over-het-museum\/pers\/\" title=\"Mehr lesenPresse\">... Mehr lesen \"<\/a><\/p>","protected":false},"author":1,"featured_media":694,"parent":426,"menu_order":24,"comment_status":"closed","ping_status":"closed","template":"","meta":{"_acf_changed":false,"inline_featured_image":false,"footnotes":""},"class_list":["post-502","page","type-page","status-publish","has-post-thumbnail","hentry"],"acf":[],"_links":{"self":[{"href":"https:\/\/stedelijkmuseumalkmaar.nl\/de\/wp-json\/wp\/v2\/pages\/502","targetHints":{"allow":["GET"]}}],"collection":[{"href":"https:\/\/stedelijkmuseumalkmaar.nl\/de\/wp-json\/wp\/v2\/pages"}],"about":[{"href":"https:\/\/stedelijkmuseumalkmaar.nl\/de\/wp-json\/wp\/v2\/types\/page"}],"author":[{"embeddable":true,"href":"https:\/\/stedelijkmuseumalkmaar.nl\/de\/wp-json\/wp\/v2\/users\/1"}],"replies":[{"embeddable":true,"href":"https:\/\/stedelijkmuseumalkmaar.nl\/de\/wp-json\/wp\/v2\/comments?post=502"}],"version-history":[{"count":51,"href":"https:\/\/stedelijkmuseumalkmaar.nl\/de\/wp-json\/wp\/v2\/pages\/502\/revisions"}],"predecessor-version":[{"id":2716,"href":"https:\/\/stedelijkmuseumalkmaar.nl\/de\/wp-json\/wp\/v2\/pages\/502\/revisions\/2716"}],"up":[{"embeddable":true,"href":"https:\/\/stedelijkmuseumalkmaar.nl\/de\/wp-json\/wp\/v2\/pages\/426"}],"wp:featuredmedia":[{"embeddable":true,"href":"https:\/\/stedelijkmuseumalkmaar.nl\/de\/wp-json\/wp\/v2\/media\/694"}],"wp:attachment":[{"href":"https:\/\/stedelijkmuseumalkmaar.nl\/de\/wp-json\/wp\/v2\/media?parent=502"}],"curies":[{"name":"wp","href":"https:\/\/api.w.org\/{rel}","templated":true}]}}