{"id":496,"date":"2025-03-18T15:26:10","date_gmt":"2025-03-18T14:26:10","guid":{"rendered":"https:\/\/stedelijkmuseumalkmaar.nl\/?page_id=496"},"modified":"2025-04-16T17:40:44","modified_gmt":"2025-04-16T15:40:44","slug":"museumsshop","status":"publish","type":"page","link":"https:\/\/stedelijkmuseumalkmaar.nl\/de\/over-het-museum\/museumwinkel\/","title":{"rendered":"Museumsshop"},"content":{"rendered":"<h3 class=\"wp-block-heading has-text-align-center\">Finden Sie die besten Geschenke im Museumsshop!<\/h3>\n\n\n\n<p><\/p>\n\n\n\n<p>Kommen Sie in den Museumsshop des Stedelijk Museum Alkmaar, um ein sch\u00f6nes Geschenk zu kaufen oder eine sch\u00f6ne Erinnerung mit nach Hause zu nehmen. Von Postkarten bis zu B\u00fcchern, Geschirr und Schmuck. Sie k\u00f6nnen den Shop frei besuchen, Sie brauchen kein Museumsticket.<\/p>\n\n\n\n<p><strong>Von Postkarten bis zu Luxusgeschenken<\/strong><br>Werfen Sie auch einen Blick in unseren umfangreichen Museumsshop am Canadaplein. Im Museumsshop finden Sie alles, was mit dem Museum und Alkmaar zu tun hat. Gadgets sind ebenso erh\u00e4ltlich wie Luxus- und Designgeschenke. Auch B\u00fccher \u00fcber Kunst und Geschichte machen den Shop zu einem lohnenden Ziel. Zu den Ausstellungen sind oft sch\u00f6ne Kataloge erh\u00e4ltlich.<\/p>\n\n\n\n<p><strong>\u00d6ffnungszeiten Museumsshop<\/strong><br>Dienstag bis Sonntag von 11.00 bis 17.00 Uhr<\/p>\n\n\n\n<p><strong>Adresse<\/strong><br>Stedelijk Museum Alkmaar<br>Canadaplein 1<br>1811 KE Alkmaar<br>Tel. 072-5489789<\/p>\n\n\n\n<div class=\"wp-block-columns alignwide is-layout-flex wp-container-core-columns-is-layout-9d6595d7 wp-block-columns-is-layout-flex\">\n<div class=\"wp-block-column is-layout-flow wp-block-column-is-layout-flow\">\n<figure class=\"wp-block-image size-large\"><img loading=\"lazy\" decoding=\"async\" width=\"1024\" height=\"682\" src=\"https:\/\/stedelijkmuseumalkmaar.nl\/wp-content\/uploads\/2025\/04\/museum-winkel-boeken-stedelijk-museum-alkmaar-1024x682.jpg\" alt=\"museumsshop stedelijk museum alkmaar\" class=\"wp-image-807\" srcset=\"https:\/\/stedelijkmuseumalkmaar.nl\/wp-content\/uploads\/2025\/04\/museum-winkel-boeken-stedelijk-museum-alkmaar-1024x682.jpg 1024w, https:\/\/stedelijkmuseumalkmaar.nl\/wp-content\/uploads\/2025\/04\/museum-winkel-boeken-stedelijk-museum-alkmaar-300x200.jpg 300w, https:\/\/stedelijkmuseumalkmaar.nl\/wp-content\/uploads\/2025\/04\/museum-winkel-boeken-stedelijk-museum-alkmaar-768x511.jpg 768w, https:\/\/stedelijkmuseumalkmaar.nl\/wp-content\/uploads\/2025\/04\/museum-winkel-boeken-stedelijk-museum-alkmaar-1536x1022.jpg 1536w, https:\/\/stedelijkmuseumalkmaar.nl\/wp-content\/uploads\/2025\/04\/museum-winkel-boeken-stedelijk-museum-alkmaar-2048x1363.jpg 2048w, https:\/\/stedelijkmuseumalkmaar.nl\/wp-content\/uploads\/2025\/04\/museum-winkel-boeken-stedelijk-museum-alkmaar-18x12.jpg 18w, https:\/\/stedelijkmuseumalkmaar.nl\/wp-content\/uploads\/2025\/04\/museum-winkel-boeken-stedelijk-museum-alkmaar-1200x800.jpg 1200w, https:\/\/stedelijkmuseumalkmaar.nl\/wp-content\/uploads\/2025\/04\/museum-winkel-boeken-stedelijk-museum-alkmaar-600x400.jpg 600w\" sizes=\"auto, (max-width: 1024px) 100vw, 1024px\" \/><\/figure>\n<\/div>\n\n\n\n<div class=\"wp-block-column is-layout-flow wp-block-column-is-layout-flow\">\n<figure class=\"wp-block-image size-large\"><img loading=\"lazy\" decoding=\"async\" width=\"1024\" height=\"683\" src=\"https:\/\/stedelijkmuseumalkmaar.nl\/wp-content\/uploads\/2025\/04\/museumwinkel-stedelijk-museum-alkmaar-1024x683.jpg\" alt=\"museumsshop stedelijk museum alkmaar\" class=\"wp-image-806\" srcset=\"https:\/\/stedelijkmuseumalkmaar.nl\/wp-content\/uploads\/2025\/04\/museumwinkel-stedelijk-museum-alkmaar-1024x683.jpg 1024w, https:\/\/stedelijkmuseumalkmaar.nl\/wp-content\/uploads\/2025\/04\/museumwinkel-stedelijk-museum-alkmaar-300x200.jpg 300w, https:\/\/stedelijkmuseumalkmaar.nl\/wp-content\/uploads\/2025\/04\/museumwinkel-stedelijk-museum-alkmaar-768x512.jpg 768w, https:\/\/stedelijkmuseumalkmaar.nl\/wp-content\/uploads\/2025\/04\/museumwinkel-stedelijk-museum-alkmaar-1536x1024.jpg 1536w, https:\/\/stedelijkmuseumalkmaar.nl\/wp-content\/uploads\/2025\/04\/museumwinkel-stedelijk-museum-alkmaar-2048x1366.jpg 2048w, https:\/\/stedelijkmuseumalkmaar.nl\/wp-content\/uploads\/2025\/04\/museumwinkel-stedelijk-museum-alkmaar-18x12.jpg 18w, https:\/\/stedelijkmuseumalkmaar.nl\/wp-content\/uploads\/2025\/04\/museumwinkel-stedelijk-museum-alkmaar-1200x800.jpg 1200w, https:\/\/stedelijkmuseumalkmaar.nl\/wp-content\/uploads\/2025\/04\/museumwinkel-stedelijk-museum-alkmaar-600x400.jpg 600w\" sizes=\"auto, (max-width: 1024px) 100vw, 1024px\" \/><\/figure>\n<\/div>\n<\/div>","protected":false},"excerpt":{"rendered":"<p>Finden Sie die sch\u00f6nsten Geschenke im Museumsshop! Kommen Sie in den Museumsshop des Stedelijk Museum Alkmaar, um ein sch\u00f6nes Geschenk zu kaufen oder ein sch\u00f6nes Souvenir mit nach Hause zu nehmen. Von Postkarten bis zu B\u00fcchern, Geschirr und Schmuck. Sie k\u00f6nnen den Shop frei besuchen, Sie brauchen keine Eintrittskarte f\u00fcr das Museum. Von Postkarten bis zu LuxusgeschenkenSiehe auch<a class=\"excerpt-read-more\" href=\"https:\/\/stedelijkmuseumalkmaar.nl\/de\/over-het-museum\/museumwinkel\/\" title=\"Mehr lesenMuseumsshop\">... Mehr lesen \"<\/a><\/p>","protected":false},"author":1,"featured_media":696,"parent":426,"menu_order":24,"comment_status":"closed","ping_status":"closed","template":"","meta":{"_acf_changed":false,"inline_featured_image":false,"footnotes":""},"class_list":["post-496","page","type-page","status-publish","has-post-thumbnail","hentry"],"acf":[],"_links":{"self":[{"href":"https:\/\/stedelijkmuseumalkmaar.nl\/de\/wp-json\/wp\/v2\/pages\/496","targetHints":{"allow":["GET"]}}],"collection":[{"href":"https:\/\/stedelijkmuseumalkmaar.nl\/de\/wp-json\/wp\/v2\/pages"}],"about":[{"href":"https:\/\/stedelijkmuseumalkmaar.nl\/de\/wp-json\/wp\/v2\/types\/page"}],"author":[{"embeddable":true,"href":"https:\/\/stedelijkmuseumalkmaar.nl\/de\/wp-json\/wp\/v2\/users\/1"}],"replies":[{"embeddable":true,"href":"https:\/\/stedelijkmuseumalkmaar.nl\/de\/wp-json\/wp\/v2\/comments?post=496"}],"version-history":[{"count":10,"href":"https:\/\/stedelijkmuseumalkmaar.nl\/de\/wp-json\/wp\/v2\/pages\/496\/revisions"}],"predecessor-version":[{"id":1095,"href":"https:\/\/stedelijkmuseumalkmaar.nl\/de\/wp-json\/wp\/v2\/pages\/496\/revisions\/1095"}],"up":[{"embeddable":true,"href":"https:\/\/stedelijkmuseumalkmaar.nl\/de\/wp-json\/wp\/v2\/pages\/426"}],"wp:featuredmedia":[{"embeddable":true,"href":"https:\/\/stedelijkmuseumalkmaar.nl\/de\/wp-json\/wp\/v2\/media\/696"}],"wp:attachment":[{"href":"https:\/\/stedelijkmuseumalkmaar.nl\/de\/wp-json\/wp\/v2\/media?parent=496"}],"curies":[{"name":"wp","href":"https:\/\/api.w.org\/{rel}","templated":true}]}}