{"id":492,"date":"2025-03-18T15:23:46","date_gmt":"2025-03-18T14:23:46","guid":{"rendered":"https:\/\/stedelijkmuseumalkmaar.nl\/?page_id=492"},"modified":"2025-04-15T11:26:04","modified_gmt":"2025-04-15T09:26:04","slug":"kinder","status":"publish","type":"page","link":"https:\/\/stedelijkmuseumalkmaar.nl\/de\/plan-je-bezoek\/kinderen\/","title":{"rendered":"Kinder"},"content":{"rendered":"<h2 class=\"wp-block-heading has-text-align-center\">Mit den Kindern ins Museum<\/h2>\n\n\n\n<p>Im Museum gibt es immer viel zu tun und zu lernen. Am Eingang liegen Anders-Kijken-Aufgabenkarten bereit, die Sie w\u00e4hrend Ihres Besuchs kostenlos mitnehmen k\u00f6nnen. Anhand von kreativen Aufgaben, die Sie gemeinsam oder allein l\u00f6sen k\u00f6nnen, werden Sie dazu aufgefordert, Kunst aufmerksam zu betrachten (slow looking). W\u00e4hrend der Schulferien gibt es Familienf\u00fchrungen und Workshops.<\/p>","protected":false},"excerpt":{"rendered":"<p>Kinder ins Museum mitnehmen Im Museum gibt es immer viel zu tun und zu lernen. Beim Betreten des Museums liegen die Anders-Kijken-Aufgabenkarten bereit, die ihr kostenlos mitnehmen k\u00f6nnt. Mit kreativen Aufgaben, die ihr gemeinsam oder allein l\u00f6sen k\u00f6nnt, werdet ihr aufgefordert, Kunst genau zu betrachten<a class=\"excerpt-read-more\" href=\"https:\/\/stedelijkmuseumalkmaar.nl\/de\/plan-je-bezoek\/kinderen\/\" title=\"Mehr lesenKinder\">... Mehr lesen \"<\/a><\/p>","protected":false},"author":1,"featured_media":798,"parent":420,"menu_order":19,"comment_status":"closed","ping_status":"closed","template":"page-templates\/tedoen-kinderen.php","meta":{"_acf_changed":false,"inline_featured_image":false,"footnotes":""},"class_list":["post-492","page","type-page","status-publish","has-post-thumbnail","hentry"],"acf":[],"_links":{"self":[{"href":"https:\/\/stedelijkmuseumalkmaar.nl\/de\/wp-json\/wp\/v2\/pages\/492","targetHints":{"allow":["GET"]}}],"collection":[{"href":"https:\/\/stedelijkmuseumalkmaar.nl\/de\/wp-json\/wp\/v2\/pages"}],"about":[{"href":"https:\/\/stedelijkmuseumalkmaar.nl\/de\/wp-json\/wp\/v2\/types\/page"}],"author":[{"embeddable":true,"href":"https:\/\/stedelijkmuseumalkmaar.nl\/de\/wp-json\/wp\/v2\/users\/1"}],"replies":[{"embeddable":true,"href":"https:\/\/stedelijkmuseumalkmaar.nl\/de\/wp-json\/wp\/v2\/comments?post=492"}],"version-history":[{"count":2,"href":"https:\/\/stedelijkmuseumalkmaar.nl\/de\/wp-json\/wp\/v2\/pages\/492\/revisions"}],"predecessor-version":[{"id":799,"href":"https:\/\/stedelijkmuseumalkmaar.nl\/de\/wp-json\/wp\/v2\/pages\/492\/revisions\/799"}],"up":[{"embeddable":true,"href":"https:\/\/stedelijkmuseumalkmaar.nl\/de\/wp-json\/wp\/v2\/pages\/420"}],"wp:featuredmedia":[{"embeddable":true,"href":"https:\/\/stedelijkmuseumalkmaar.nl\/de\/wp-json\/wp\/v2\/media\/798"}],"wp:attachment":[{"href":"https:\/\/stedelijkmuseumalkmaar.nl\/de\/wp-json\/wp\/v2\/media?parent=492"}],"curies":[{"name":"wp","href":"https:\/\/api.w.org\/{rel}","templated":true}]}}