{"id":489,"date":"2025-03-18T15:21:33","date_gmt":"2025-03-18T14:21:33","guid":{"rendered":"https:\/\/stedelijkmuseumalkmaar.nl\/?page_id=489"},"modified":"2025-07-07T14:32:29","modified_gmt":"2025-07-07T12:32:29","slug":"sammlung-online","status":"publish","type":"page","link":"https:\/\/stedelijkmuseumalkmaar.nl\/de\/nu-te-zien\/collectie-online\/","title":{"rendered":"Sammlung"},"content":{"rendered":"<h2 class=\"wp-block-heading has-text-align-center\">Besuchen Sie die Sammlung online<\/h2>\n\n\n\n<p>Die gesamte Sammlung des Stedelijk Museum Alkmaar, \u00fcber 22.000 Objekte, kann online eingesehen werden. Verborgene Sch\u00e4tze aus dem Museumsdepot k\u00f6nnen jederzeit im Detail bewundert werden.<\/p>\n\n\n\n<h3 class=\"wp-block-heading\">150 Jahre Sammelt\u00e4tigkeit<\/h3>\n\n\n\n<p>In der Bilddatenbank gibt es viel zu sehen. Von den gro\u00dfen Milizgem\u00e4lden von C\u00e4sar van Everdingen bis zum kleinsten Objekt der Sammlung, einer Hundeh\u00fctte mit einem Keeshond darin. Nicht alles, was in der Bilddatenbank gezeigt wird, ist auch im Museum ausgestellt.<\/p>\n\n\n\n<h3 class=\"wp-block-heading\">Durchsuchen Sie die Sammlung<\/h3>\n\n\n\n<div class=\"wp-block-buttons is-layout-flex wp-block-buttons-is-layout-flex\">\n<div class=\"wp-block-button\"><a class=\"wp-block-button__link wp-element-button\" href=\"https:\/\/smalkmaar.adlibhosting.com\/ais6\/search\/simple?\" target=\"_blank\" rel=\"noopener\">Suche in der Bilddatenbank<\/a><\/div>\n<\/div>\n\n\n\n<p><\/p>\n\n\n\n<p>Bis 1871 war die Sammlung so stark angewachsen, dass die Einrichtung eines Stadtmuseums notwendig wurde. Vier Jahre sp\u00e4ter \u00f6ffnete das Stedelijk Museum Alkmaar seine T\u00fcren. Es ist eines der ersten Museen in den Niederlanden und der stolze Ausdruck einer selbstbewussten Stadt, die ihre glorreiche Geschichte zu sch\u00e4tzen wusste.<\/p>\n\n\n\n<h3 class=\"wp-block-heading\">Intelligenter leihen<\/h3>\n\n\n\n<p>Das Stedelijk Museum Alkmaar ist Mitglied der Arbeitsgruppe&nbsp;<em>Intelligentere Kreditvergabe<\/em>&nbsp;und bef\u00fcrwortet die&nbsp;<a href=\"https:\/\/museumvereniging.nl\/kennisbank\/collectie-nederland-zichtbaar-maken\/\" target=\"_blank\" rel=\"noreferrer noopener\">Kreditvergabegrunds\u00e4tze<\/a>&nbsp;innerhalb der Niederlande vom Museumsverband.<\/p>\n\n\n\n<h3 class=\"wp-block-heading\">Darlehensantr\u00e4ge<\/h3>\n\n\n\n<p>F\u00fcr Leihantr\u00e4ge senden Sie bitte mindestens sechs Monate vor dem gew\u00fcnschten Starttermin ein Antragsschreiben zu H\u00e4nden von Marrigje Rikken, Direktorin. Der Vollst\u00e4ndigkeit halber m\u00f6chten wir, dass dem Antrag ein Ausstellungsplan und ein Objektbericht beigef\u00fcgt werden.<\/p>\n\n\n\n<h3 class=\"wp-block-heading\">Bilder<\/h3>\n\n\n\n<p>Nicht alle Bilder sind frei von Bildrechten, weshalb die Bilder noch nicht frei zum Herunterladen sind. Die Gem\u00e4lde der Bergener Schule zum Beispiel unterliegen immer noch den \"Bildrechten\", und die Verwendung der Gem\u00e4lde aus der Nijenburg-Sammlung erfordert immer die Genehmigung der Nachkommen.<\/p>\n\n\n\n<p>M\u00f6chten Sie ein Bild eines Objekts aus der Sammlung anfordern? Dann senden Sie eine E-Mail an&nbsp;<a href=\"mailto:r&#101;gi&#115;&#116;r&#97;r&#64;mu&#115;eumalk&#109;a&#97;r.nl\" target=\"_blank\" rel=\"noreferrer noopener\">registrar@museumalkmaar.nl<\/a>. Geben Sie den Grund f\u00fcr die Anfrage und die Objektnummer des anzufordernden Bildes an.<\/p>\n\n\n\n<div class=\"wp-block-buttons is-layout-flex wp-block-buttons-is-layout-flex\">\n<div class=\"wp-block-button\"><a class=\"wp-block-button__link wp-element-button\" href=\"https:\/\/stedelijkmuseumalkmaar.nl\/wp-content\/uploads\/2025\/04\/Collectiezoeker-zoekhulp.pdf\">Hilfe zur Suche<\/a><\/div>\n<\/div>\n\n\n\n<p><\/p>","protected":false},"excerpt":{"rendered":"<p>Besuchen Sie die Sammlung online Die gesamte Sammlung des Stedelijk Museum Alkmaar, \u00fcber 22.000 Objekte, kann online betrachtet werden. Verborgene Sch\u00e4tze aus dem Museumsdepot k\u00f6nnen jederzeit im Detail bewundert werden. 150 Jahre Sammelt\u00e4tigkeit Es gibt viel zu sehen in der Bilderbank. Von den gro\u00dfen Milizbildern von C\u00e4sar van Everdingen bis zu den kleinsten<a class=\"excerpt-read-more\" href=\"https:\/\/stedelijkmuseumalkmaar.nl\/de\/nu-te-zien\/collectie-online\/\" title=\"Mehr lesenKollektion\">... Mehr lesen \"<\/a><\/p>","protected":false},"author":1,"featured_media":1410,"parent":307,"menu_order":58,"comment_status":"closed","ping_status":"closed","template":"","meta":{"_acf_changed":false,"inline_featured_image":false,"footnotes":""},"class_list":["post-489","page","type-page","status-publish","has-post-thumbnail","hentry"],"acf":[],"_links":{"self":[{"href":"https:\/\/stedelijkmuseumalkmaar.nl\/de\/wp-json\/wp\/v2\/pages\/489","targetHints":{"allow":["GET"]}}],"collection":[{"href":"https:\/\/stedelijkmuseumalkmaar.nl\/de\/wp-json\/wp\/v2\/pages"}],"about":[{"href":"https:\/\/stedelijkmuseumalkmaar.nl\/de\/wp-json\/wp\/v2\/types\/page"}],"author":[{"embeddable":true,"href":"https:\/\/stedelijkmuseumalkmaar.nl\/de\/wp-json\/wp\/v2\/users\/1"}],"replies":[{"embeddable":true,"href":"https:\/\/stedelijkmuseumalkmaar.nl\/de\/wp-json\/wp\/v2\/comments?post=489"}],"version-history":[{"count":8,"href":"https:\/\/stedelijkmuseumalkmaar.nl\/de\/wp-json\/wp\/v2\/pages\/489\/revisions"}],"predecessor-version":[{"id":1411,"href":"https:\/\/stedelijkmuseumalkmaar.nl\/de\/wp-json\/wp\/v2\/pages\/489\/revisions\/1411"}],"up":[{"embeddable":true,"href":"https:\/\/stedelijkmuseumalkmaar.nl\/de\/wp-json\/wp\/v2\/pages\/307"}],"wp:featuredmedia":[{"embeddable":true,"href":"https:\/\/stedelijkmuseumalkmaar.nl\/de\/wp-json\/wp\/v2\/media\/1410"}],"wp:attachment":[{"href":"https:\/\/stedelijkmuseumalkmaar.nl\/de\/wp-json\/wp\/v2\/media?parent=489"}],"curies":[{"name":"wp","href":"https:\/\/api.w.org\/{rel}","templated":true}]}}