{"id":487,"date":"2025-03-18T15:19:45","date_gmt":"2025-03-18T14:19:45","guid":{"rendered":"https:\/\/stedelijkmuseumalkmaar.nl\/?page_id=487"},"modified":"2025-08-06T10:33:18","modified_gmt":"2025-08-06T08:33:18","slug":"geschaftsmiete","status":"publish","type":"page","link":"https:\/\/stedelijkmuseumalkmaar.nl\/de\/over-het-museum\/zakelijke-verhuur\/","title":{"rendered":"Miete f\u00fcr Unternehmen"},"content":{"rendered":"<p>M\u00f6chten Sie Ihre Gesch\u00e4ftskontakte in einer exklusiven und stimmungsvollen Umgebung empfangen? Das Stedelijk Museum Alkmaar ist ein sch\u00f6ner Ort f\u00fcr Empf\u00e4nge, Abendessen und Pr\u00e4sentationen. Sie k\u00f6nnen Ihren G\u00e4sten auch einen exklusiven Besuch in der Ausstellung oder den Museumsr\u00e4umen anbieten. Das moderne Kulturgeb\u00e4ude, in dem das Museum untergebracht ist, bietet mit seiner zeitgen\u00f6ssischen Architektur einen einzigartigen Rahmen f\u00fcr jeden Empfang. Im Inneren \u00fcberraschen die stimmungsvollen Museumsr\u00e4ume mit zahlreichen historischen Objekten und pr\u00e4chtigen Gem\u00e4lden. <\/p>\n\n\n\n<p>Zus\u00e4tzlich zu den st\u00e4ndigen Sammlungspr\u00e4sentationen wird etwa zweimal im Jahr eine Wechselausstellung organisiert, die der Veranstaltung ebenfalls ein besonderes Ambiente verleiht.<\/p>\n\n\n\n<h2 class=\"wp-block-heading\">Was ist m\u00f6glich?<\/h2>\n\n\n\n<p><strong>W\u00e4hrend der regul\u00e4ren \u00d6ffnungszeiten<\/strong><br>Im Erdgeschoss befindet sich unser Auditorium. Sie k\u00f6nnen das Auditorium (w\u00e4hrend der \u00d6ffnungszeiten) f\u00fcr eine Pr\u00e4sentation, ein Treffen, einen Geburtstag oder einen Vortrag nutzen. Das Auditorium ist standardm\u00e4\u00dfig mit einer Projektionsfl\u00e4che ausgestattet. Es gibt Platz f\u00fcr bis zu 50 Personen.<\/p>\n\n\n\n<p><strong>Au\u00dferhalb der regul\u00e4ren \u00d6ffnungszeiten<\/strong><\/p>\n\n\n\n<p>Das Stedelijk Museum Alkmaar bietet Empf\u00e4nge, Abendessen oder Empf\u00e4nge in kleinem Rahmen au\u00dferhalb der regul\u00e4ren \u00d6ffnungszeiten an. Neben dem Foyer ist nach Absprache auch eine exklusive Besichtigung (von Teilen) des Museums oder der aktuellen Ausstellung m\u00f6glich<\/p>\n\n\n\n<p><em>Preise auf Anfrage<\/em><\/p>\n\n\n\n<p>Zu unseren Kunden geh\u00f6ren: Van Lanschot Bankiers, Rabobank Alkmaar e.o., Actus Notarissen, Huisvuil Centrale Alkmaar, 8-october Vereeniging \"Alkmaar Ontzet\", ABN-AMRO, Orde van Advocaten, College van Burgemeester en Wethouders van Alkmaar, Noord Hollands Dagblad, Plein C.<\/p>\n\n\n\n<p><strong>Weitere Informationen?<\/strong><br>\u00dcber\u00a0<a href=\"mailto:r&#101;&#115;e&#114;v&#101;ren&#64;&#109;&#117;&#115;eum&#97;lkm&#97;ar&#46;nl\">reserveren@museumalkmaar.nl<\/a>\u00a0k\u00f6nnen Sie uns kontaktieren. Wir werden gerne mit Ihnen besprechen, was m\u00f6glich ist.<\/p>\n\n\n\n<figure class=\"wp-block-image size-large\"><img loading=\"lazy\" decoding=\"async\" width=\"1024\" height=\"683\" src=\"https:\/\/stedelijkmuseumalkmaar.nl\/wp-content\/uploads\/2025\/04\/bijeenkomst-stedelijk-museum-alkmaar-foyer-1024x683.jpg\" alt=\"tagung stedelijk museum alkmaar foyer\" class=\"wp-image-716\" srcset=\"https:\/\/stedelijkmuseumalkmaar.nl\/wp-content\/uploads\/2025\/04\/bijeenkomst-stedelijk-museum-alkmaar-foyer-1024x683.jpg 1024w, https:\/\/stedelijkmuseumalkmaar.nl\/wp-content\/uploads\/2025\/04\/bijeenkomst-stedelijk-museum-alkmaar-foyer-300x200.jpg 300w, https:\/\/stedelijkmuseumalkmaar.nl\/wp-content\/uploads\/2025\/04\/bijeenkomst-stedelijk-museum-alkmaar-foyer-768x512.jpg 768w, https:\/\/stedelijkmuseumalkmaar.nl\/wp-content\/uploads\/2025\/04\/bijeenkomst-stedelijk-museum-alkmaar-foyer-1536x1024.jpg 1536w, https:\/\/stedelijkmuseumalkmaar.nl\/wp-content\/uploads\/2025\/04\/bijeenkomst-stedelijk-museum-alkmaar-foyer-2048x1366.jpg 2048w, https:\/\/stedelijkmuseumalkmaar.nl\/wp-content\/uploads\/2025\/04\/bijeenkomst-stedelijk-museum-alkmaar-foyer-18x12.jpg 18w, https:\/\/stedelijkmuseumalkmaar.nl\/wp-content\/uploads\/2025\/04\/bijeenkomst-stedelijk-museum-alkmaar-foyer-1200x800.jpg 1200w, https:\/\/stedelijkmuseumalkmaar.nl\/wp-content\/uploads\/2025\/04\/bijeenkomst-stedelijk-museum-alkmaar-foyer-600x400.jpg 600w\" sizes=\"auto, (max-width: 1024px) 100vw, 1024px\" \/><\/figure>\n\n\n\n<figure class=\"wp-block-image size-large\"><img loading=\"lazy\" decoding=\"async\" width=\"1024\" height=\"683\" src=\"https:\/\/stedelijkmuseumalkmaar.nl\/wp-content\/uploads\/2025\/04\/evenementen-stedelijk-museum-alkmaar-1024x683.jpg\" alt=\"veranstaltungen stedelijk museum alkmaar\" class=\"wp-image-717\" srcset=\"https:\/\/stedelijkmuseumalkmaar.nl\/wp-content\/uploads\/2025\/04\/evenementen-stedelijk-museum-alkmaar-1024x683.jpg 1024w, https:\/\/stedelijkmuseumalkmaar.nl\/wp-content\/uploads\/2025\/04\/evenementen-stedelijk-museum-alkmaar-300x200.jpg 300w, https:\/\/stedelijkmuseumalkmaar.nl\/wp-content\/uploads\/2025\/04\/evenementen-stedelijk-museum-alkmaar-768x512.jpg 768w, https:\/\/stedelijkmuseumalkmaar.nl\/wp-content\/uploads\/2025\/04\/evenementen-stedelijk-museum-alkmaar-1536x1024.jpg 1536w, https:\/\/stedelijkmuseumalkmaar.nl\/wp-content\/uploads\/2025\/04\/evenementen-stedelijk-museum-alkmaar-2048x1366.jpg 2048w, https:\/\/stedelijkmuseumalkmaar.nl\/wp-content\/uploads\/2025\/04\/evenementen-stedelijk-museum-alkmaar-18x12.jpg 18w, https:\/\/stedelijkmuseumalkmaar.nl\/wp-content\/uploads\/2025\/04\/evenementen-stedelijk-museum-alkmaar-1200x800.jpg 1200w, https:\/\/stedelijkmuseumalkmaar.nl\/wp-content\/uploads\/2025\/04\/evenementen-stedelijk-museum-alkmaar-600x400.jpg 600w\" sizes=\"auto, (max-width: 1024px) 100vw, 1024px\" \/><\/figure>\n\n\n\n<figure class=\"wp-block-image size-large\"><img loading=\"lazy\" decoding=\"async\" width=\"1024\" height=\"683\" src=\"https:\/\/stedelijkmuseumalkmaar.nl\/wp-content\/uploads\/2025\/04\/schuttersmaaltijd-2024-stedelijk-museum-alkmaar-1024x683.jpg\" alt=\"\" class=\"wp-image-718\" srcset=\"https:\/\/stedelijkmuseumalkmaar.nl\/wp-content\/uploads\/2025\/04\/schuttersmaaltijd-2024-stedelijk-museum-alkmaar-1024x683.jpg 1024w, https:\/\/stedelijkmuseumalkmaar.nl\/wp-content\/uploads\/2025\/04\/schuttersmaaltijd-2024-stedelijk-museum-alkmaar-300x200.jpg 300w, https:\/\/stedelijkmuseumalkmaar.nl\/wp-content\/uploads\/2025\/04\/schuttersmaaltijd-2024-stedelijk-museum-alkmaar-768x512.jpg 768w, https:\/\/stedelijkmuseumalkmaar.nl\/wp-content\/uploads\/2025\/04\/schuttersmaaltijd-2024-stedelijk-museum-alkmaar-1536x1024.jpg 1536w, https:\/\/stedelijkmuseumalkmaar.nl\/wp-content\/uploads\/2025\/04\/schuttersmaaltijd-2024-stedelijk-museum-alkmaar-2048x1366.jpg 2048w, https:\/\/stedelijkmuseumalkmaar.nl\/wp-content\/uploads\/2025\/04\/schuttersmaaltijd-2024-stedelijk-museum-alkmaar-18x12.jpg 18w, https:\/\/stedelijkmuseumalkmaar.nl\/wp-content\/uploads\/2025\/04\/schuttersmaaltijd-2024-stedelijk-museum-alkmaar-1200x800.jpg 1200w, https:\/\/stedelijkmuseumalkmaar.nl\/wp-content\/uploads\/2025\/04\/schuttersmaaltijd-2024-stedelijk-museum-alkmaar-600x400.jpg 600w\" sizes=\"auto, (max-width: 1024px) 100vw, 1024px\" \/><\/figure>\n\n\n\n<figure class=\"wp-block-image size-large\"><img loading=\"lazy\" decoding=\"async\" width=\"1024\" height=\"683\" src=\"https:\/\/stedelijkmuseumalkmaar.nl\/wp-content\/uploads\/2025\/04\/auditorium-stedelijk-museum-alkmaar1-1024x683.jpg\" alt=\"auditorium stedelijk museum alkmaar1\" class=\"wp-image-721\" srcset=\"https:\/\/stedelijkmuseumalkmaar.nl\/wp-content\/uploads\/2025\/04\/auditorium-stedelijk-museum-alkmaar1-1024x683.jpg 1024w, https:\/\/stedelijkmuseumalkmaar.nl\/wp-content\/uploads\/2025\/04\/auditorium-stedelijk-museum-alkmaar1-300x200.jpg 300w, https:\/\/stedelijkmuseumalkmaar.nl\/wp-content\/uploads\/2025\/04\/auditorium-stedelijk-museum-alkmaar1-768x512.jpg 768w, https:\/\/stedelijkmuseumalkmaar.nl\/wp-content\/uploads\/2025\/04\/auditorium-stedelijk-museum-alkmaar1-1536x1024.jpg 1536w, https:\/\/stedelijkmuseumalkmaar.nl\/wp-content\/uploads\/2025\/04\/auditorium-stedelijk-museum-alkmaar1-2048x1366.jpg 2048w, https:\/\/stedelijkmuseumalkmaar.nl\/wp-content\/uploads\/2025\/04\/auditorium-stedelijk-museum-alkmaar1-18x12.jpg 18w, https:\/\/stedelijkmuseumalkmaar.nl\/wp-content\/uploads\/2025\/04\/auditorium-stedelijk-museum-alkmaar1-1200x800.jpg 1200w, https:\/\/stedelijkmuseumalkmaar.nl\/wp-content\/uploads\/2025\/04\/auditorium-stedelijk-museum-alkmaar1-600x400.jpg 600w\" sizes=\"auto, (max-width: 1024px) 100vw, 1024px\" \/><\/figure>","protected":false},"excerpt":{"rendered":"<p>M\u00f6chten Sie Ihre Gesch\u00e4ftskontakte in einer exklusiven und stimmungsvollen Umgebung empfangen? Das Stedelijk Museum Alkmaar ist ein sch\u00f6ner Ort f\u00fcr Empf\u00e4nge, Abendessen und Pr\u00e4sentationen. Sie k\u00f6nnen Ihren G\u00e4sten auch einen exklusiven Besuch in der Ausstellung oder den Museumsr\u00e4umen anbieten. Das moderne Kulturgeb\u00e4ude, in dem das Museum untergebracht ist, bildet mit seiner zeitgen\u00f6ssischen Architektur eine einzigartige<a class=\"excerpt-read-more\" href=\"https:\/\/stedelijkmuseumalkmaar.nl\/de\/over-het-museum\/zakelijke-verhuur\/\" title=\"Mehr lesenGewerbliche Vermietung\">... Mehr lesen \"<\/a><\/p>","protected":false},"author":1,"featured_media":714,"parent":426,"menu_order":22,"comment_status":"closed","ping_status":"closed","template":"","meta":{"_acf_changed":false,"inline_featured_image":false,"footnotes":""},"class_list":["post-487","page","type-page","status-publish","has-post-thumbnail","hentry"],"acf":[],"_links":{"self":[{"href":"https:\/\/stedelijkmuseumalkmaar.nl\/de\/wp-json\/wp\/v2\/pages\/487","targetHints":{"allow":["GET"]}}],"collection":[{"href":"https:\/\/stedelijkmuseumalkmaar.nl\/de\/wp-json\/wp\/v2\/pages"}],"about":[{"href":"https:\/\/stedelijkmuseumalkmaar.nl\/de\/wp-json\/wp\/v2\/types\/page"}],"author":[{"embeddable":true,"href":"https:\/\/stedelijkmuseumalkmaar.nl\/de\/wp-json\/wp\/v2\/users\/1"}],"replies":[{"embeddable":true,"href":"https:\/\/stedelijkmuseumalkmaar.nl\/de\/wp-json\/wp\/v2\/comments?post=487"}],"version-history":[{"count":5,"href":"https:\/\/stedelijkmuseumalkmaar.nl\/de\/wp-json\/wp\/v2\/pages\/487\/revisions"}],"predecessor-version":[{"id":1489,"href":"https:\/\/stedelijkmuseumalkmaar.nl\/de\/wp-json\/wp\/v2\/pages\/487\/revisions\/1489"}],"up":[{"embeddable":true,"href":"https:\/\/stedelijkmuseumalkmaar.nl\/de\/wp-json\/wp\/v2\/pages\/426"}],"wp:featuredmedia":[{"embeddable":true,"href":"https:\/\/stedelijkmuseumalkmaar.nl\/de\/wp-json\/wp\/v2\/media\/714"}],"wp:attachment":[{"href":"https:\/\/stedelijkmuseumalkmaar.nl\/de\/wp-json\/wp\/v2\/media?parent=487"}],"curies":[{"name":"wp","href":"https:\/\/api.w.org\/{rel}","templated":true}]}}