{"id":452,"date":"2025-03-18T12:16:01","date_gmt":"2025-03-18T11:16:01","guid":{"rendered":"https:\/\/stedelijkmuseumalkmaar.nl\/?page_id=452"},"modified":"2026-03-16T11:53:25","modified_gmt":"2026-03-16T10:53:25","slug":"fuhrungen","status":"publish","type":"page","link":"https:\/\/stedelijkmuseumalkmaar.nl\/de\/plan-je-bezoek\/rondleidingen\/","title":{"rendered":"Gef\u00fchrte Touren"},"content":{"rendered":"\n<h2 class=\"wp-block-heading\">Verrijk je bezoek met een rondleiding<\/h2>\n\n\n\n<p>Wil je een uitstapje met een vereniging, vriendengroep of familie? Zoek je verdieping en ben je benieuwd naar de verhalen achter unieke museumstukken? Een ervaren gids laat je op een boeiende manier kennis maken met de collectie. Je kunt kiezen uit verschillende rondleidingen: zowel bij de vaste- als wisseltentoonstellingen. <\/p>\n\n\n\n<p>Rondleidingen over onze vaste tentoonstellingen Allemaal Alkmaar en De Bergense School kunnen geboekt worden, net als onze wisseltentoonstelling Alkmaar in Beeld. Een rondleiding vraag je aan via onderstaand formulier. Het invullen van dit formulier betreft een <strong>aanvraag<\/strong>, nog geen definitieve reservering. Wij nemen zo snel mogelijk contact met je op om de mogelijkheden te bespreken.<\/p>\n\n\n\n<p>Vanaf zondag 21 december zijn er ook weer gratis inlooprondleidingen over de nieuwe tentoonstelling Alkmaar in Beeld. Deze vinden plaats op elke zondag, tot en met 29 maart, om 14.00 uur. Het maximaal aantal personen is 15. Aanmelden is niet nodig, maar wees op tijd, want vol is vol.<\/p>\n\n\n<script type=\"text\/javascript\">\n\/* <![CDATA[ *\/\nvar gform;gform||(document.addEventListener(\"gform_main_scripts_loaded\",function(){gform.scriptsLoaded=!0}),document.addEventListener(\"gform\/theme\/scripts_loaded\",function(){gform.themeScriptsLoaded=!0}),window.addEventListener(\"DOMContentLoaded\",function(){gform.domLoaded=!0}),gform={domLoaded:!1,scriptsLoaded:!1,themeScriptsLoaded:!1,isFormEditor:()=>\"function\"==typeof InitializeEditor,callIfLoaded:function(o){return!(!gform.domLoaded||!gform.scriptsLoaded||!gform.themeScriptsLoaded&&!gform.isFormEditor()||(gform.isFormEditor()&&console.warn(\"The use of gform.initializeOnLoaded() is deprecated in the form editor context and will be removed in Gravity Forms 3.1.\"),o(),0))},initializeOnLoaded:function(o){gform.callIfLoaded(o)||(document.addEventListener(\"gform_main_scripts_loaded\",()=>{gform.scriptsLoaded=!0,gform.callIfLoaded(o)}),document.addEventListener(\"gform\/theme\/scripts_loaded\",()=>{gform.themeScriptsLoaded=!0,gform.callIfLoaded(o)}),window.addEventListener(\"DOMContentLoaded\",()=>{gform.domLoaded=!0,gform.callIfLoaded(o)}))},hooks:{action:{},filter:{}},addAction:function(o,r,e,t){gform.addHook(\"action\",o,r,e,t)},addFilter:function(o,r,e,t){gform.addHook(\"filter\",o,r,e,t)},doAction:function(o){gform.doHook(\"action\",o,arguments)},applyFilters:function(o){return gform.doHook(\"filter\",o,arguments)},removeAction:function(o,r){gform.removeHook(\"action\",o,r)},removeFilter:function(o,r,e){gform.removeHook(\"filter\",o,r,e)},addHook:function(o,r,e,t,n){null==gform.hooks[o][r]&&(gform.hooks[o][r]=[]);var d=gform.hooks[o][r];null==n&&(n=r+\"_\"+d.length),gform.hooks[o][r].push({tag:n,callable:e,priority:t=null==t?10:t})},doHook:function(r,o,e){var t;if(e=Array.prototype.slice.call(e,1),null!=gform.hooks[r][o]&&((o=gform.hooks[r][o]).sort(function(o,r){return o.priority-r.priority}),o.forEach(function(o){\"function\"!=typeof(t=o.callable)&&(t=window[t]),\"action\"==r?t.apply(null,e):e[0]=t.apply(null,e)})),\"filter\"==r)return e[0]},removeHook:function(o,r,t,n){var e;null!=gform.hooks[o][r]&&(e=(e=gform.hooks[o][r]).filter(function(o,r,e){return!!(null!=n&&n!=o.tag||null!=t&&t!=o.priority)}),gform.hooks[o][r]=e)}});\n\/* ]]> *\/\n<\/script>\n\n                <div class='gf_browser_gecko gform_wrapper gravity-theme gform-theme--no-framework' data-form-theme='gravity-theme' data-form-index='0' id='gform_wrapper_2' ><div id='gf_2' class='gform_anchor' tabindex='-1'><\/div>\n                        <div class='gform_heading'>\n                            <h2 class=\"gform_title\">Rondleiding<\/h2>\n                            <p class='gform_description'><\/p>\n                        <\/div><form method='post' enctype='multipart\/form-data'  id='gform_2'  action='\/de\/wp-json\/wp\/v2\/pages\/452#gf_2' data-formid='2' novalidate><div class='gf_invisible ginput_recaptchav3' data-sitekey='6LfkLgIaAAAAAIdrJLFTeBNmBDnBVEc_qxnlWJ41' data-tabindex='0'><input id=\"input_e2b319fd2e41264554e8d155ce5222e0\" class=\"gfield_recaptcha_response\" type=\"hidden\" name=\"input_e2b319fd2e41264554e8d155ce5222e0\" value=\"\"\/><\/div>\n                        <div class='gform-body gform_body'><div id='gform_fields_2' class='gform_fields top_label form_sublabel_below description_below validation_below'><div id=\"field_2_9\" class=\"gfield gfield--type-select gfield--input-type-select gfield--width-full gfield_contains_required field_sublabel_below gfield--no-description field_description_below field_validation_below gfield_visibility_visible\"  ><label class='gfield_label gform-field-label' for='input_2_9'>Keuze rondleiding<span class=\"gfield_required\"><span class=\"gfield_required gfield_required_text\">(Required)<\/span><\/span><\/label><div class='ginput_container ginput_container_select'><select name='input_9' id='input_2_9' class='large gfield_select'    aria-required=\"true\" aria-invalid=\"false\" ><option value='Voor groepen: Allemaal Alkmaar' >Voor groepen: Allemaal Alkmaar<\/option><option value='Voor groepen: Alkmaar in Beeld' >Voor groepen: Alkmaar in Beeld<\/option><option value='Voor groepen: Bergense School' >Voor groepen: Bergense School<\/option><\/select><\/div><\/div><div id=\"field_2_2\" class=\"gfield gfield--type-date gfield--input-type-date gfield--input-type-datepicker gfield--datepicker-no-icon gfield--width-full gfield_contains_required field_sublabel_below gfield--no-description field_description_below field_validation_below gfield_visibility_visible\"  ><label class='gfield_label gform-field-label' for='input_2_2'>Voorkeursdatum (bij voorkeur 2 weken van te voren)<span class=\"gfield_required\"><span class=\"gfield_required gfield_required_text\">(Required)<\/span><\/span><\/label><div class='ginput_container ginput_container_date'>\n                            <input name='input_2' id='input_2_2' type='text' value='' class='datepicker gform-datepicker mdy datepicker_no_icon gdatepicker-no-icon'   placeholder='mm\/dd\/yyyy' aria-describedby=\"input_2_2_date_format\" aria-invalid=\"false\" aria-required=\"true\"\/>\n                            <span id='input_2_2_date_format' class='screen-reader-text'>MM slash DD slash YYYY<\/span>\n                        <\/div>\n                        <input type='hidden' id='gforms_calendar_icon_input_2_2' class='gform_hidden' value='https:\/\/stedelijkmuseumalkmaar.nl\/wp-content\/plugins\/gravityforms\/images\/datepicker\/datepicker.svg'\/><\/div><fieldset id=\"field_2_3\" class=\"gfield gfield--type-time gfield--input-type-time gfield--width-full gfield_contains_required field_sublabel_below gfield--no-description field_description_below field_validation_below gfield_visibility_visible\"  ><legend class='gfield_label gform-field-label gfield_label_before_complex' >Gewenste aanvangstijd<span class=\"gfield_required\"><span class=\"gfield_required gfield_required_text\">(Required)<\/span><\/span><\/legend><div class=\"ginput_container ginput_complex gform-grid-row\">\n                        <div class='gfield_time_hour ginput_container ginput_container_time gform-grid-col' id='input_2_3'>\n                            <input type='number' name='input_3[]' id='input_2_3_1' value=''  min='0' max='24' step='1'  placeholder='HH' aria-required='true'   \/> \n                            <label class='gform-field-label gform-field-label--type-sub hour_label screen-reader-text' for='input_2_3_1'>Hours<\/label>\n                        <\/div>\n                        <div class=\"below hour_minute_colon gform-grid-col\">:<\/div>\n                        <div class='gfield_time_minute ginput_container ginput_container_time gform-grid-col'>\n                            <input type='number' name='input_3[]' id='input_2_3_2' value=''  min='0' max='59' step='1'  placeholder='MM' aria-required='true'  \/>\n                            <label class='gform-field-label gform-field-label--type-sub minute_label screen-reader-text' for='input_2_3_2'>Minutes<\/label>\n                        <\/div>\n                        \n                    <\/div><\/fieldset><fieldset id=\"field_2_4\" class=\"gfield gfield--type-name gfield--input-type-name gfield--width-full gfield_contains_required field_sublabel_below gfield--no-description field_description_below field_validation_below gfield_visibility_visible\"  ><legend class='gfield_label gform-field-label gfield_label_before_complex' >Naam<span class=\"gfield_required\"><span class=\"gfield_required gfield_required_text\">(Required)<\/span><\/span><\/legend><div class='ginput_complex ginput_container ginput_container--name no_prefix has_first_name no_middle_name has_last_name no_suffix gf_name_has_2 ginput_container_name gform-grid-row' id='input_2_4'>\n                            \n                            <span id='input_2_4_3_container' class='name_first gform-grid-col gform-grid-col--size-auto' >\n                                                    <input type='text' name='input_4.3' id='input_2_4_3' value=''   aria-required='true'     \/>\n                                                    <label for='input_2_4_3' class='gform-field-label gform-field-label--type-sub '>First<\/label>\n                                                <\/span>\n                            \n                            <span id='input_2_4_6_container' class='name_last gform-grid-col gform-grid-col--size-auto' >\n                                                    <input type='text' name='input_4.6' id='input_2_4_6' value=''   aria-required='true'     \/>\n                                                    <label for='input_2_4_6' class='gform-field-label gform-field-label--type-sub '>Last<\/label>\n                                                <\/span>\n                            \n                        <\/div><\/fieldset><div id=\"field_2_5\" class=\"gfield gfield--type-phone gfield--input-type-phone gfield--width-half gfield_contains_required field_sublabel_below gfield--no-description field_description_below field_validation_below gfield_visibility_visible\"  ><label class='gfield_label gform-field-label' for='input_2_5'>Telefoonnummer<span class=\"gfield_required\"><span class=\"gfield_required gfield_required_text\">(Required)<\/span><\/span><\/label><div class='ginput_container ginput_container_phone'><input name='input_5' id='input_2_5' type='tel' value='' class='large'   aria-required=\"true\" aria-invalid=\"false\"   \/><\/div><\/div><div id=\"field_2_1\" class=\"gfield gfield--type-email gfield--input-type-email gfield--width-half gfield_contains_required field_sublabel_below gfield--no-description field_description_below field_validation_below gfield_visibility_visible\"  ><label class='gfield_label gform-field-label' for='input_2_1'>E-mailadres<span class=\"gfield_required\"><span class=\"gfield_required gfield_required_text\">(Required)<\/span><\/span><\/label><div class='ginput_container ginput_container_email'>\n                            <input name='input_1' id='input_2_1' type='email' value='' class='large'    aria-required=\"true\" aria-invalid=\"false\"  \/>\n                        <\/div><\/div><div id=\"field_2_6\" class=\"gfield gfield--type-number gfield--input-type-number gfield_contains_required field_sublabel_below gfield--no-description field_description_below field_validation_below gfield_visibility_visible\"  ><label class='gfield_label gform-field-label' for='input_2_6'>Aantal personen<span class=\"gfield_required\"><span class=\"gfield_required gfield_required_text\">(Required)<\/span><\/span><\/label><div class='ginput_container ginput_container_number'><input name='input_6' id='input_2_6' type='number' step='any'   value='' class='large'     aria-required=\"true\" aria-invalid=\"false\"  \/><\/div><\/div><div id=\"field_2_7\" class=\"gfield gfield--type-text gfield--input-type-text field_sublabel_below gfield--no-description field_description_below field_validation_below gfield_visibility_visible\"  ><label class='gfield_label gform-field-label' for='input_2_7'>Groepsnaam en samenstelling<\/label><div class='ginput_container ginput_container_text'><input name='input_7' id='input_2_7' type='text' value='' class='large'      aria-invalid=\"false\"   \/><\/div><\/div><div id=\"field_2_8\" class=\"gfield gfield--type-textarea gfield--input-type-textarea field_sublabel_below gfield--no-description field_description_below field_validation_below gfield_visibility_visible\"  ><label class='gfield_label gform-field-label' for='input_2_8'>Opmerkingen (koffie, lunch, rolstoel, etc.)<\/label><div class='ginput_container ginput_container_textarea'><textarea name='input_8' id='input_2_8' class='textarea large'      aria-invalid=\"false\"   rows='10' cols='50'><\/textarea><\/div><\/div><\/div><\/div>\n        <div class='gform-footer gform_footer top_label'> <input type='submit' id='gform_submit_button_2' class='gform_button button' onclick='gform.submission.handleButtonClick(this);' data-submission-type='submit' value='Aanvragen'  \/> \n            <input type='hidden' class='gform_hidden' name='gform_submission_method' data-js='gform_submission_method_2' value='postback' \/>\n            <input type='hidden' class='gform_hidden' name='gform_theme' data-js='gform_theme_2' id='gform_theme_2' value='gravity-theme' \/>\n            <input type='hidden' class='gform_hidden' name='gform_style_settings' data-js='gform_style_settings_2' id='gform_style_settings_2' value='{&quot;inputPrimaryColor&quot;:&quot;#204ce5&quot;}' \/>\n            <input type='hidden' class='gform_hidden' name='is_submit_2' value='1' \/>\n            <input type='hidden' class='gform_hidden' name='gform_submit' value='2' \/>\n            \n            <input type='hidden' class='gform_hidden' name='gform_currency' data-currency='EUR' value='NKmQH30TzBRtVKNDInY7rIoJSsBepVTSyO2ZTXJEd9wng+L2\/Orzqq6gF9jLmzxRhFnaYRP8soS\/98\/XtnEQjGbrKjHRtyNNkhmFJWEAFx\/O2Zw=' \/>\n            <input type='hidden' class='gform_hidden' name='gform_unique_id' value='' \/>\n            <input type='hidden' class='gform_hidden' name='state_2' value='WyJ7XCI5XCI6W1wiNzhlMTg4MjliNjdkYzE0OGFkZTU3YzY5YWZhYTY5MGNcIixcImFkNjVjZDk2N2NjZjVkNDgxNTM2NjA3MDk2N2UzM2E1XCIsXCIxZTk4NzdiMWM3OTkyMTViNjQyY2U3ZmRjMDNlODY4Y1wiXX0iLCJiYjI2N2Y2YjE3MzcyNzBjNGIyMTZjNGIyMzBmZDUzZCJd' \/>\n            <input type='hidden' autocomplete='off' class='gform_hidden' name='gform_target_page_number_2' id='gform_target_page_number_2' value='0' \/>\n            <input type='hidden' autocomplete='off' class='gform_hidden' name='gform_source_page_number_2' id='gform_source_page_number_2' value='1' \/>\n            <input type='hidden' name='gform_field_values' value='' \/>\n            \n        <\/div>\n                        <\/form>\n                        <\/div><script type=\"text\/javascript\">\n\/* <![CDATA[ *\/\n gform.initializeOnLoaded( function() {gformInitSpinner( 2, 'https:\/\/stedelijkmuseumalkmaar.nl\/wp-content\/plugins\/gravityforms\/images\/spinner.svg', true );jQuery('#gform_ajax_frame_2').on('load',function(){var contents = jQuery(this).contents().find('*').html();var is_postback = contents.indexOf('GF_AJAX_POSTBACK') >= 0;if(!is_postback){return;}var form_content = jQuery(this).contents().find('#gform_wrapper_2');var is_confirmation = jQuery(this).contents().find('#gform_confirmation_wrapper_2').length > 0;var is_redirect = contents.indexOf('gformRedirect(){') >= 0;var is_form = form_content.length > 0 && ! is_redirect && ! is_confirmation;var mt = parseInt(jQuery('html').css('margin-top'), 10) + parseInt(jQuery('body').css('margin-top'), 10) + 100;if(is_form){jQuery('#gform_wrapper_2').html(form_content.html());if(form_content.hasClass('gform_validation_error')){jQuery('#gform_wrapper_2').addClass('gform_validation_error');} else {jQuery('#gform_wrapper_2').removeClass('gform_validation_error');}setTimeout( function() { \/* delay the scroll by 50 milliseconds to fix a bug in chrome *\/ jQuery(document).scrollTop(20); }, 50 );if(window['gformInitDatepicker']) {gformInitDatepicker();}if(window['gformInitPriceFields']) {gformInitPriceFields();}var current_page = jQuery('#gform_source_page_number_2').val();gformInitSpinner( 2, 'https:\/\/stedelijkmuseumalkmaar.nl\/wp-content\/plugins\/gravityforms\/images\/spinner.svg', true );jQuery(document).trigger('gform_page_loaded', [2, current_page]);window['gf_submitting_2'] = false;}else if(!is_redirect){var confirmation_content = jQuery(this).contents().find('.GF_AJAX_POSTBACK').html();if(!confirmation_content){confirmation_content = contents;}jQuery('#gform_wrapper_2').replaceWith(confirmation_content);jQuery(document).scrollTop(20);jQuery(document).trigger('gform_confirmation_loaded', [2]);window['gf_submitting_2'] = false;wp.a11y.speak(jQuery('#gform_confirmation_message_2').text());}else{jQuery('#gform_2').append(contents);if(window['gformRedirect']) {gformRedirect();}}jQuery(document).trigger(\"gform_pre_post_render\", [{ formId: \"2\", currentPage: \"current_page\", abort: function() { this.preventDefault(); } }]);        if (event && event.defaultPrevented) {                return;        }        const gformWrapperDiv = document.getElementById( \"gform_wrapper_2\" );        if ( gformWrapperDiv ) {            const visibilitySpan = document.createElement( \"span\" );            visibilitySpan.id = \"gform_visibility_test_2\";            gformWrapperDiv.insertAdjacentElement( \"afterend\", visibilitySpan );        }        const visibilityTestDiv = document.getElementById( \"gform_visibility_test_2\" );        let postRenderFired = false;        function triggerPostRender() {            if ( postRenderFired ) {                return;            }            postRenderFired = true;            gform.core.triggerPostRenderEvents( 2, current_page );            if ( visibilityTestDiv ) {                visibilityTestDiv.parentNode.removeChild( visibilityTestDiv );            }        }        function debounce( func, wait, immediate ) {            var timeout;            return function() {                var context = this, args = arguments;                var later = function() {                    timeout = null;                    if ( !immediate ) func.apply( context, args );                };                var callNow = immediate && !timeout;                clearTimeout( timeout );                timeout = setTimeout( later, wait );                if ( callNow ) func.apply( context, args );            };        }        const debouncedTriggerPostRender = debounce( function() {            triggerPostRender();        }, 200 );        if ( visibilityTestDiv && visibilityTestDiv.offsetParent === null ) {            const observer = new MutationObserver( ( mutations ) => {                mutations.forEach( ( mutation ) => {                    if ( mutation.type === 'attributes' && visibilityTestDiv.offsetParent !== null ) {                        debouncedTriggerPostRender();                        observer.disconnect();                    }                });            });            observer.observe( document.body, {                attributes: true,                childList: false,                subtree: true,                attributeFilter: [ 'style', 'class' ],            });        } else {            triggerPostRender();        }    } );} ); \n\/* ]]> *\/\n<\/script>\n","protected":false},"excerpt":{"rendered":"<p>Bereichern Sie Ihren Besuch mit einer F\u00fchrung Planen Sie einen Ausflug mit einem Verein, einer Gruppe von Freunden oder der Familie? Sie suchen Tiefgang und sind neugierig auf die Geschichten hinter einzigartigen Museumsst\u00fccken? Ein erfahrener F\u00fchrer wird Ihnen die Sammlung auf faszinierende Weise n\u00e4her bringen. Sie k\u00f6nnen zwischen verschiedenen F\u00fchrungen w\u00e4hlen: sowohl f\u00fcr Dauer- als auch f\u00fcr Wechselausstellungen.<a class=\"excerpt-read-more\" href=\"https:\/\/stedelijkmuseumalkmaar.nl\/de\/plan-je-bezoek\/rondleidingen\/\" title=\"Lesen Sie mehrF\u00fchrungen\">... Mehr lesen \"<\/a><\/p>","protected":false},"author":1,"featured_media":783,"parent":420,"menu_order":38,"comment_status":"closed","ping_status":"closed","template":"","meta":{"_acf_changed":false,"inline_featured_image":false,"footnotes":""},"class_list":["post-452","page","type-page","status-publish","has-post-thumbnail","hentry"],"acf":[],"_links":{"self":[{"href":"https:\/\/stedelijkmuseumalkmaar.nl\/de\/wp-json\/wp\/v2\/pages\/452","targetHints":{"allow":["GET"]}}],"collection":[{"href":"https:\/\/stedelijkmuseumalkmaar.nl\/de\/wp-json\/wp\/v2\/pages"}],"about":[{"href":"https:\/\/stedelijkmuseumalkmaar.nl\/de\/wp-json\/wp\/v2\/types\/page"}],"author":[{"embeddable":true,"href":"https:\/\/stedelijkmuseumalkmaar.nl\/de\/wp-json\/wp\/v2\/users\/1"}],"replies":[{"embeddable":true,"href":"https:\/\/stedelijkmuseumalkmaar.nl\/de\/wp-json\/wp\/v2\/comments?post=452"}],"version-history":[{"count":18,"href":"https:\/\/stedelijkmuseumalkmaar.nl\/de\/wp-json\/wp\/v2\/pages\/452\/revisions"}],"predecessor-version":[{"id":2594,"href":"https:\/\/stedelijkmuseumalkmaar.nl\/de\/wp-json\/wp\/v2\/pages\/452\/revisions\/2594"}],"up":[{"embeddable":true,"href":"https:\/\/stedelijkmuseumalkmaar.nl\/de\/wp-json\/wp\/v2\/pages\/420"}],"wp:featuredmedia":[{"embeddable":true,"href":"https:\/\/stedelijkmuseumalkmaar.nl\/de\/wp-json\/wp\/v2\/media\/783"}],"wp:attachment":[{"href":"https:\/\/stedelijkmuseumalkmaar.nl\/de\/wp-json\/wp\/v2\/media?parent=452"}],"curies":[{"name":"wp","href":"https:\/\/api.w.org\/{rel}","templated":true}]}}