{"id":448,"date":"2025-03-18T12:08:48","date_gmt":"2025-03-18T11:08:48","guid":{"rendered":"https:\/\/stedelijkmuseumalkmaar.nl\/?page_id=448"},"modified":"2026-01-09T11:03:06","modified_gmt":"2026-01-09T10:03:06","slug":"zuganglichkeit","status":"publish","type":"page","link":"https:\/\/stedelijkmuseumalkmaar.nl\/de\/plan-je-bezoek\/bereikbaarheid\/","title":{"rendered":"Erreichbarkeit"},"content":{"rendered":"<h3 class=\"wp-block-heading\">Treffen am Stedelijk Museum Alkmaar <\/h3>\n\n\n\n<p><\/p>\n\n\n\n<h3 class=\"wp-block-heading\">Auto&nbsp;<\/h3>\n\n\n\n<p>Sie k\u00f6nnen Alkmaar mit dem Auto aus verschiedenen Richtungen erreichen. Nehmen Sie auf der N9 die Ausfahrt Bergerweg. Auf dem Bergerweg fahren Sie am Kreisverkehr und an der ersten Ampel geradeaus. An der zweiten Ampel biegen Sie links in den Stationsweg ein. Folgen Sie dieser Stra\u00dfe bis zur Ampel an der T-Kreuzung. Biegen Sie hier rechts in den Helderseweg ein. Von hier aus k\u00f6nnen Sie zu verschiedenen Parkpl\u00e4tzen fahren.<\/p>\n\n\n\n<p>Sie k\u00f6nnen auch auf dem Bergerweg bleiben, indem Sie an der zweiten Ampel geradeaus fahren, die Sie auf den Scharlo f\u00fchrt. Von dieser Stra\u00dfe aus gelangen Sie zu einem gro\u00dfen Kreisverkehr, wo Sie die dritte Ausfahrt in Richtung Geestersingel nehmen. Danach biegen Sie sofort wieder rechts ab auf die Bergerbrug. Fahren Sie hier geradeaus, die Stra\u00dfe geht in die Zevenhuizen und die Gasthuisstraat \u00fcber. Am Ende der Gasthuisstraat biegen Sie rechts in die Bagijnenstraat ein. Hier finden Sie zu Ihrer Linken&nbsp;<strong>Parkhaus Grote Kerk.<\/strong>&nbsp;Beachten Sie, dass das Museum in einer autofreien Zone liegt. Sie k\u00f6nnen vor der Bibliothek in der Gasthuisstraat aussteigen und 100 Meter bis zum Museum laufen.<\/p>\n\n\n\n<p>Von der Provinzstra\u00dfe N242 nehmen Sie die Ausfahrt Richtung Avenhorn, Zaanstad und Purmerend. Halten Sie sich in der Kurve rechts und nehmen Sie die Ausfahrt nach rechts in Richtung Centrum. Sie kommen dann auf den Nieuwe Schermerweg. Folgen Sie dieser Stra\u00dfe, bis Sie die Friese brug sehen. Hier geht die Stra\u00dfe in den Randersdijk \u00fcber. Sie k\u00f6nnen dem Randersdijk folgen, der in die Kwakelkade \u00fcbergeht, um zu den Parkpl\u00e4tzen Ringers und De Kwakel zu gelangen.&nbsp;<\/p>\n\n\n\n<p><a href=\"https:\/\/stedelijkmuseumalkmaar.nl\/de\/parkplatz\/\" data-type=\"page\" data-id=\"1087\">Alle Parkm\u00f6glichkeiten anzeigen.<\/a><\/p>\n\n\n\n<h3 class=\"wp-block-heading\">\u00d6ffentliche Verkehrsmittel&nbsp;<\/h3>\n\n\n\n<p><strong>Bahnhof Alkmaar<\/strong>&nbsp;<br>Der Bahnhof Alkmaar ist etwa 10 Minuten zu Fu\u00df vom Museum entfernt. Verlassen Sie den Bahnhof auf der mittleren Seite. Biegen Sie auf der gegen\u00fcberliegenden Seite rechts ab. Folgen Sie dann der Stra\u00dfe, die nach links abbiegt. Gehen Sie diese Stra\u00dfe ganz hinunter. Hier befindet sich ein Zebrastreifen, der zu einer Br\u00fccke f\u00fchrt. Gehen Sie \u00fcber den Zebrastreifen und die Br\u00fccke. Gehen Sie hier geradeaus in Richtung der Grote Kerk, die Sie oberhalb der H\u00e4user sehen k\u00f6nnen. Zu Ihrer Linken sehen Sie den Eingang zur Bibliothek. Wenn Sie daran vorbeigehen und links um das Geb\u00e4ude herumgehen, kommen Sie auf den Canadaplein. Hier befindet sich der Eingang zum Stedelijk Museum Alkmaar.&nbsp;<\/p>\n\n\n\n<p><strong>Bushaltestelle Canal Quay<\/strong>\u00a0<br>Mehrere Buslinien halten an dieser Haltestelle: 4, 10, 123, 129, 160, 162 und 350<br><br>Weitere Informationen und Abfahrtszeiten der \u00f6ffentlichen Verkehrsmittel finden Sie unter\u00a0<a href=\"https:\/\/9292.nl\/\" target=\"_blank\" rel=\"noopener\">9292.co.uk.<\/a><\/p>\n\n\n\n<p><strong>Taxi<\/strong>&nbsp;<br>Der n\u00e4chstgelegene Taxistand ist der Bahnhof von Alkmaar.<\/p>\n\n\n\n<h3 class=\"wp-block-heading\">Zugriff auf<\/h3>\n\n\n\n<p><a href=\"https:\/\/stedelijkmuseumalkmaar.nl\/de\/zuganglichkeit-2\/\" data-type=\"page\" data-id=\"821\">Klicken Sie hier f\u00fcr Informationen zur Zug\u00e4nglichkeit<\/a> des Stedelijk Museum Alkmaar. Hier finden Sie unter anderem Informationen zu den M\u00f6glichkeiten f\u00fcr Rollstuhlfahrer, Assistenzhunde und Begleitpersonen.<\/p>","protected":false},"excerpt":{"rendered":"<p>Treffen im Stedelijk Museum Alkmaar Auto Mit dem Auto k\u00f6nnen Sie Alkmaar aus verschiedenen Richtungen erreichen. Nehmen Sie auf der N9 die Ausfahrt Bergerweg. Auf dem Bergerweg fahren Sie am Kreisverkehr und an der ersten Ampel geradeaus. An der zweiten Ampel biegen Sie links in den Stationsweg ein. Folgen Sie dieser Stra\u00dfe bis<a class=\"excerpt-read-more\" href=\"https:\/\/stedelijkmuseumalkmaar.nl\/de\/plan-je-bezoek\/bereikbaarheid\/\" title=\"Mehr lesenZug\u00e4nglichkeit\">... Mehr lesen \"<\/a><\/p>","protected":false},"author":1,"featured_media":780,"parent":420,"menu_order":34,"comment_status":"closed","ping_status":"closed","template":"","meta":{"_acf_changed":false,"inline_featured_image":false,"footnotes":""},"class_list":["post-448","page","type-page","status-publish","has-post-thumbnail","hentry"],"acf":[],"_links":{"self":[{"href":"https:\/\/stedelijkmuseumalkmaar.nl\/de\/wp-json\/wp\/v2\/pages\/448","targetHints":{"allow":["GET"]}}],"collection":[{"href":"https:\/\/stedelijkmuseumalkmaar.nl\/de\/wp-json\/wp\/v2\/pages"}],"about":[{"href":"https:\/\/stedelijkmuseumalkmaar.nl\/de\/wp-json\/wp\/v2\/types\/page"}],"author":[{"embeddable":true,"href":"https:\/\/stedelijkmuseumalkmaar.nl\/de\/wp-json\/wp\/v2\/users\/1"}],"replies":[{"embeddable":true,"href":"https:\/\/stedelijkmuseumalkmaar.nl\/de\/wp-json\/wp\/v2\/comments?post=448"}],"version-history":[{"count":9,"href":"https:\/\/stedelijkmuseumalkmaar.nl\/de\/wp-json\/wp\/v2\/pages\/448\/revisions"}],"predecessor-version":[{"id":2279,"href":"https:\/\/stedelijkmuseumalkmaar.nl\/de\/wp-json\/wp\/v2\/pages\/448\/revisions\/2279"}],"up":[{"embeddable":true,"href":"https:\/\/stedelijkmuseumalkmaar.nl\/de\/wp-json\/wp\/v2\/pages\/420"}],"wp:featuredmedia":[{"embeddable":true,"href":"https:\/\/stedelijkmuseumalkmaar.nl\/de\/wp-json\/wp\/v2\/media\/780"}],"wp:attachment":[{"href":"https:\/\/stedelijkmuseumalkmaar.nl\/de\/wp-json\/wp\/v2\/media?parent=448"}],"curies":[{"name":"wp","href":"https:\/\/api.w.org\/{rel}","templated":true}]}}