{"id":440,"date":"2025-03-18T12:00:37","date_gmt":"2025-03-18T11:00:37","guid":{"rendered":"https:\/\/stedelijkmuseumalkmaar.nl\/?page_id=440"},"modified":"2026-01-16T11:06:23","modified_gmt":"2026-01-16T10:06:23","slug":"zeiten-und-preise","status":"publish","type":"page","link":"https:\/\/stedelijkmuseumalkmaar.nl\/de\/plan-je-bezoek\/tijden-en-prijzen\/","title":{"rendered":"Zeiten und Preise"},"content":{"rendered":"<h3 class=\"wp-block-heading\">\u00d6ffnungszeit<\/h3>\n\n\n\n<p>Das Museum ist Dienstag bis Sonntag von 11 bis 17 Uhr ge\u00f6ffnet und an den folgenden Tagen geschlossen:<\/p>\n\n\n\n<p>Montags*<br>K\u00f6nigstag<br>Weihnachtstag<br>Neujahrstag&nbsp;&nbsp;<\/p>\n\n\n\n<p>* au\u00dfer Ostermontag, 6. April, und Pfingstmontag, 25. Mai, an denen wir ge\u00f6ffnet sind.<\/p>\n\n\n\n<h3 class=\"wp-block-heading\">Eintrittsgelder 2026<\/h3>\n\n\n\n<p>17,00 \u20ac*| Voller Tarif<br>8,50 \u20ac | CJP, Studentenausweis, AlkmaarPas<br>0,00 \u20ac | Jugend bis 18 Jahre, Museumkaart, VriendenLoterij VIP-KAART, ICOM-Pass, Vereniging Rembrandtpas, Freunde des Museums<\/p>\n\n\n\n<p>Wenn Sie eine Rabattkarte haben, zeigen Sie diese immer an der Kasse vor. Sonst k\u00f6nnen wir Ihnen keinen Rabatt gew\u00e4hren. Ohne Karte oder Pass zahlen Sie den vollen Preis.<br>*Haben Sie Probleme, \u00fcber die Runden zu kommen, und ein Ticket ist Ihnen zu teuer? Dann schauen Sie sich\u00a0<a href=\"https:\/\/stedelijkmuseumalkmaar.nl\/de\/plan-uw-bezoek\/freie-aktivitaten\/\" data-type=\"page\" data-id=\"810\">diese Seite<\/a>.<br><br><strong>Kombiticket<\/strong> Niederl\u00e4ndisches K\u00e4semuseum &amp; Stedelijk Museum Alkmaar \u20ac 20.00<br>Erh\u00e4ltlich vom 1. Januar bis 30. Juni 2026 bei: Alkmaar Store\/VVV und in beiden Museen (auch online)<br>G\u00fcltig f\u00fcr: einen Besuch in beiden Museen und nicht in Kombination mit anderen Rabattkarten und\/oder Aktionen. Einl\u00f6sbar bis zum 9. September 2026.<\/p>\n\n\n\n<h3 class=\"wp-block-heading\">Eintritt frei<\/h3>\n\n\n\n<p>Kinder und Jugendliche bis 18 Jahre, Freunde des Museums, Museumskarte, ICOM, VIP-Karte der Freundeslotterie und Rembrandt-Vereinigung.<\/p>\n\n\n\n<h3 class=\"wp-block-heading\">Kaufen Sie Ihre Tickets online<\/h3>\n\n\n\n<p>Reservieren Sie im Voraus einen Platz an einem Tag und zu einer Uhrzeit, die Ihnen passt. Das Museum akzeptiert nur die Zahlung per PIN und Kreditkarte.<\/p>\n\n\n\n<div class=\"wp-block-buttons is-layout-flex wp-block-buttons-is-layout-flex\">\n<div class=\"wp-block-button\"><a class=\"wp-block-button__link wp-element-button\" href=\"https:\/\/tickets.stedelijkmuseumalkmaar.nl\/#\/tickets\/tickets\" target=\"_blank\" rel=\"noreferrer noopener\">Tickets kaufen<\/a><\/div>\n<\/div>\n\n\n\n<h3 class=\"wp-block-heading\">Hausordnung<\/h3>\n\n\n\n<p>Das Stedelijk Museum Alkmaar m\u00f6chte, dass sich jeder hier zu Hause f\u00fchlt. Wir m\u00f6chten auch, dass unsere Mitarbeiter, das Geb\u00e4ude und die Ausstellungen gut behandelt werden. Deshalb gibt es&nbsp;<a href=\"https:\/\/stedelijkmuseumalkmaar.nl\/de\/besuchsbedingungen\/\" data-type=\"page\" data-id=\"819\"><u>Allgemeine Besucherbedingungen<\/u><\/a>&nbsp;erstellt, damit jeder wei\u00df, was im Museum erlaubt und m\u00f6glich ist.<\/p>\n\n\n\n<p>Taschen, die gr\u00f6\u00dfer als A4 sind, d\u00fcrfen nicht mit ins Museum genommen werden. Wir bitten Sie, sie in einem unserer Schlie\u00dff\u00e4cher im Museum aufzubewahren. Bitte beachten Sie, dass es nur eine begrenzte Anzahl von Schlie\u00dff\u00e4chern gibt, daher empfehlen wir, gro\u00dfe Taschen zu Hause zu lassen.<\/p>\n\n\n\n<h3 class=\"wp-block-heading\">\u00dcberlegen Sie sich dies einen Moment<\/h3>\n\n\n\n<p>Foto-, Video- und Filmaufnahmen mit Licht, Blitzlicht und\/oder Stativ (einschlie\u00dflich Selfie-Sticks) sind ohne vorherige schriftliche Genehmigung des Stedelijk Museum Alkmaar nicht gestattet.<\/p>\n\n\n\n<h3 class=\"wp-block-heading\">Nur Pin<\/h3>\n\n\n\n<p>Im Stedelijk Museum Alkmaar k\u00f6nnen Sie nur mit Pin bezahlen. K\u00f6nnen Sie nicht mit einer Debitkarte bezahlen? Rufen Sie uns an und wir besprechen die M\u00f6glichkeiten.<\/p>\n\n\n\n<h3 class=\"wp-block-heading\">Zugriff auf<\/h3>\n\n\n\n<p>Wir m\u00f6chten jeden willkommen hei\u00dfen. Deshalb tun wir alles, um das Museum f\u00fcr alle Besucher leicht zug\u00e4nglich zu machen. Wir haben einen Aufzug, eine Toilette f\u00fcr Menschen mit Behinderungen und einen Rollstuhl. Lesen Sie mehr \u00fcber das&nbsp;<a href=\"https:\/\/stedelijkmuseumalkmaar.nl\/de\/zuganglichkeit-2\/\" data-type=\"page\" data-id=\"821\">Zug\u00e4nglichkeit<\/a>.<\/p>\n\n\n\n<p><\/p>","protected":false},"excerpt":{"rendered":"<p>Openingstijden Het museum is geopend van dinsdag tot en met zondag van 11:00 &#8211; 17:00 uur en gesloten op de volgende dagen: Maandagen*KoningsdagEerste KerstdagNieuwjaarsdag&nbsp;&nbsp; * met uitzondering van&nbsp;Paasmaandag 6 april en Pinksterenmaandag 25 mei, dan zijn we geopend. Entreeprijzen 2026 \u20ac 17,00*| Voltarief\u20ac 8,50&nbsp; |&nbsp; CJP, Studentenkaart, AlkmaarPas\u20ac 0,00&nbsp; |&nbsp; Jeugd t\/m 18 jaar, Museumkaart,<a class=\"excerpt-read-more\" href=\"https:\/\/stedelijkmuseumalkmaar.nl\/de\/plan-je-bezoek\/tijden-en-prijzen\/\" title=\"Mehr lesenZeiten und Preise\">... Mehr lesen \"<\/a><\/p>","protected":false},"author":1,"featured_media":694,"parent":420,"menu_order":33,"comment_status":"closed","ping_status":"closed","template":"","meta":{"_acf_changed":false,"inline_featured_image":false,"footnotes":""},"class_list":["post-440","page","type-page","status-publish","has-post-thumbnail","hentry"],"acf":[],"_links":{"self":[{"href":"https:\/\/stedelijkmuseumalkmaar.nl\/de\/wp-json\/wp\/v2\/pages\/440","targetHints":{"allow":["GET"]}}],"collection":[{"href":"https:\/\/stedelijkmuseumalkmaar.nl\/de\/wp-json\/wp\/v2\/pages"}],"about":[{"href":"https:\/\/stedelijkmuseumalkmaar.nl\/de\/wp-json\/wp\/v2\/types\/page"}],"author":[{"embeddable":true,"href":"https:\/\/stedelijkmuseumalkmaar.nl\/de\/wp-json\/wp\/v2\/users\/1"}],"replies":[{"embeddable":true,"href":"https:\/\/stedelijkmuseumalkmaar.nl\/de\/wp-json\/wp\/v2\/comments?post=440"}],"version-history":[{"count":24,"href":"https:\/\/stedelijkmuseumalkmaar.nl\/de\/wp-json\/wp\/v2\/pages\/440\/revisions"}],"predecessor-version":[{"id":2318,"href":"https:\/\/stedelijkmuseumalkmaar.nl\/de\/wp-json\/wp\/v2\/pages\/440\/revisions\/2318"}],"up":[{"embeddable":true,"href":"https:\/\/stedelijkmuseumalkmaar.nl\/de\/wp-json\/wp\/v2\/pages\/420"}],"wp:featuredmedia":[{"embeddable":true,"href":"https:\/\/stedelijkmuseumalkmaar.nl\/de\/wp-json\/wp\/v2\/media\/694"}],"wp:attachment":[{"href":"https:\/\/stedelijkmuseumalkmaar.nl\/de\/wp-json\/wp\/v2\/media?parent=440"}],"curies":[{"name":"wp","href":"https:\/\/api.w.org\/{rel}","templated":true}]}}