{"id":431,"date":"2025-03-18T11:24:40","date_gmt":"2025-03-18T10:24:40","guid":{"rendered":"https:\/\/stedelijkmuseumalkmaar.nl\/?page_id=431"},"modified":"2026-03-30T16:48:39","modified_gmt":"2026-03-30T14:48:39","slug":"organisation","status":"publish","type":"page","link":"https:\/\/stedelijkmuseumalkmaar.nl\/de\/over-het-museum\/organisatie\/","title":{"rendered":"Organisation und Team"},"content":{"rendered":"<p class=\"has-text-align-left\">Das Stedelijk Museum Alkmaar besteht aus einem Vorstand und den Abteilungen \u00d6ffentlichkeit, Programm &amp; Sammlung, Finanzen &amp; Betrieb und Einrichtungen &amp; Sicherheit. Die Mitarbeiter, die im Museumscaf\u00e9, im Museumsshop und\/oder als Hostess\/Host arbeiten, sind ehrenamtlich t\u00e4tig und vervollst\u00e4ndigen die Organisation. Das Museum hat 33 fest angestellte Mitarbeiter und etwa 60 Freiwillige. Das Stedelijk Museum Alkmaar ist eine unabh\u00e4ngige Stiftung mit einem Aufsichtsrat.<\/p>\n\n\n\n<p><a href=\"https:\/\/stedelijkmuseumalkmaar.nl\/de\/uber-das-museum\/aufsichtsratsmitglieder\/\" data-type=\"page\" data-id=\"1092\"><strong>Aufsichtsgremium<\/strong><\/a><\/p>\n\n\n\n<p><strong>Marrigje Rikken<\/strong>&nbsp;-Regisseur<\/p>\n\n\n\n<h3 class=\"wp-block-heading\">Abteilung Publikum<\/h3>\n\n\n\n<p><strong>Annemieke Min <\/strong>- Leiter des Publikums<br><strong>Veerle van de Laar<\/strong>- Marketing und Kommunikation <\/p>\n\n\n\n<p><strong>Nadine Filarski&nbsp;<\/strong>- Partnerschaften und G\u00f6nner<br><strong>Beau Wesseling <\/strong>- Referent f\u00fcr Reservierungen und Veranstaltungen <br><strong>Marja Boekel&nbsp;<\/strong>- Koordinator des Museumsshops<br><strong>Evelien Zandbergen&nbsp;<\/strong>- Koordinator f\u00fcr Museumscaf\u00e9 und Empf\u00e4nge<br><strong>Matt Grent&nbsp;<\/strong>- Arbeitsvorarbeiter Museumscaf\u00e9<\/p>\n\n\n\n<p><\/p>\n\n\n\n<h3 class=\"wp-block-heading\">Finanzen und Betrieb<\/h3>\n\n\n\n<p><strong>Peter Sieben<\/strong> - Leiter der Abteilung Finanzen und Betrieb<br><strong>Nathalie Overtoom<\/strong> - Betriebswirt<br><strong>Marja Boekel&nbsp;<\/strong>- Assistentin der Finanzverwaltung<br><strong>Iris van Beusekom<\/strong> - Assistentin der Gesch\u00e4ftsf\u00fchrung<\/p>\n\n\n\n<h3 class=\"wp-block-heading\">Programm &amp; Sammlung<\/h3>\n\n\n\n<p><strong>Pascal K\u00fcnste<\/strong> - Leiter der Abteilung Programm &amp; Sammlung<br><strong>Wanda Schoonhoven <\/strong>- Projektleiter<br><strong>Tristan Schiff&nbsp;<\/strong>- Konservator<br><strong>Marjan van Heteren<\/strong> - Konservator<br><strong>Sanne Brown<\/strong> - Kanzler<br><strong>Nicole van Eerdt <\/strong>- Kanzler<br><strong>Ellis van Leunen<\/strong> - Leiter der Sammlung<br><strong>Olga Kruisbrink&nbsp;<\/strong>- Verwaltung der Freiwilligensammlung<\/p>\n\n\n\n<p><\/p>\n\n\n\n<p><strong>Chantal Karels<\/strong> - Erzieherin<br><strong>Eline Ossevoort<\/strong> - Erzieherin <br><strong>Merel Schilder<\/strong>&nbsp;- Auszubildende im Bereich Bildung&nbsp;<br><strong>Olga Kruisbrink&nbsp;<\/strong>- Reiseleiter<br><strong>Patricia Bracke&nbsp;<\/strong>- Reiseleiter<br><strong>Ingrid V\u00f6lke&nbsp;<\/strong>- Reiseleiter<br><strong>Cindy R\u00fcben&nbsp;<\/strong>- Museumsp\u00e4dagoge<br><strong>Rob Karsten&nbsp;<\/strong>-Theater- und Tanzlehrer&nbsp;<br><strong>Lia Rood&nbsp;<\/strong>\u2013 Theaterp\u00e4dagoge<br><strong>Scherzartikel Houtkoper<\/strong>&nbsp;- Theaterlehrer<br><strong>Cecile van den Idsert&nbsp;<\/strong>- Theater- und Tanzlehrer<br><\/p>\n\n\n\n<p><strong>Floortje Portengen<\/strong> - Projektleiter Die junge Gr\u00fcnderin<br><strong>Anna van den Bos<\/strong> - Mitarbeiter Die junge Gr\u00fcnderin<br><strong>Ayinda Vorswijk<\/strong> - Mitarbeiter Die junge Gr\u00fcnderin<br><strong>Isabella Fathi<\/strong> - Mitarbeiter Die junge Gr\u00fcnderin<br><strong>Jesse Hoek<\/strong> - Mitarbeiter Die junge Gr\u00fcnderin<br><strong>Louise Schwidder<\/strong> - Mitarbeiter Die junge Gr\u00fcnderin<br><strong>Quint van Dijk<\/strong> - Mitarbeiter Die junge Gr\u00fcnderin<br><strong>Rebekka Biesbroek<\/strong> - Mitarbeiter Die junge Gr\u00fcnderin<\/p>\n\n\n\n<h3 class=\"wp-block-heading\">Einrichtung &amp; Sicherheit <\/h3>\n\n\n\n<p><strong>Peter Kuijs - <\/strong>Leiter der Abteilung Einrichtungen und Sicherheit<br><strong>Eray Iyimen&nbsp;<\/strong>- Koordinator des technischen Dienstes<br><strong>Willem Kalsbeek<\/strong> - Technischer Dienst f\u00fcr Mitarbeiter<\/p>\n\n\n\n<p><strong>Natascha de Boer<\/strong> - Koordinator f\u00fcr Rezeption und Sicherheit<br><strong>Bernadette Schmidt - <\/strong>Rezeption &amp; Sicherheit \/ Tageskoordinator<br><strong>John Valkering -<\/strong> Rezeption &amp; Sicherheit \/ Tageskoordinator<br><strong>Rob Verweij - <\/strong>Rezeption &amp; Sicherheit \/ Tageskoordinator<br><strong>Jerry de Gast \u2013\u00a0<\/strong>Rezeption &amp; Sicherheit \/ Tageskoordinator<br><strong>William Lebon - <\/strong>Rezeption und Sicherheit<strong><br>Monique Dalhuisen<\/strong> - Rezeption und Sicherheit<br><strong>Saskia te Lindert\u00a0<\/strong>- Rezeption und Sicherheit<\/p>\n\n\n\n<p><strong>Alle begeisterten und treuen ehrenamtlichen Mitarbeiter des Museumscaf\u00e9s, des Museumsshops und der Rezeption.<\/strong><\/p>\n\n\n\n<p><\/p>","protected":false},"excerpt":{"rendered":"<p>Das Stedelijk Museum Alkmaar besteht aus einem Vorstand und den Abteilungen \u00d6ffentlichkeit, Programm &amp; Sammlung, Finanzen &amp; Betrieb und Einrichtungen &amp; Sicherheit. Die Mitarbeiter, die im Museumscaf\u00e9, im Museumsshop und\/oder als Hostess\/Host arbeiten, sind ehrenamtlich t\u00e4tig und vervollst\u00e4ndigen die Organisation. Das Museum hat 33 fest angestellte Mitarbeiter und etwa 60 Freiwillige.<a class=\"excerpt-read-more\" href=\"https:\/\/stedelijkmuseumalkmaar.nl\/de\/over-het-museum\/organisatie\/\" title=\"Mehr lesenOrganisation und Team\">... Mehr lesen \"<\/a><\/p>","protected":false},"author":1,"featured_media":711,"parent":426,"menu_order":26,"comment_status":"closed","ping_status":"closed","template":"","meta":{"_acf_changed":false,"inline_featured_image":false,"footnotes":""},"class_list":["post-431","page","type-page","status-publish","has-post-thumbnail","hentry"],"acf":[],"_links":{"self":[{"href":"https:\/\/stedelijkmuseumalkmaar.nl\/de\/wp-json\/wp\/v2\/pages\/431","targetHints":{"allow":["GET"]}}],"collection":[{"href":"https:\/\/stedelijkmuseumalkmaar.nl\/de\/wp-json\/wp\/v2\/pages"}],"about":[{"href":"https:\/\/stedelijkmuseumalkmaar.nl\/de\/wp-json\/wp\/v2\/types\/page"}],"author":[{"embeddable":true,"href":"https:\/\/stedelijkmuseumalkmaar.nl\/de\/wp-json\/wp\/v2\/users\/1"}],"replies":[{"embeddable":true,"href":"https:\/\/stedelijkmuseumalkmaar.nl\/de\/wp-json\/wp\/v2\/comments?post=431"}],"version-history":[{"count":25,"href":"https:\/\/stedelijkmuseumalkmaar.nl\/de\/wp-json\/wp\/v2\/pages\/431\/revisions"}],"predecessor-version":[{"id":2612,"href":"https:\/\/stedelijkmuseumalkmaar.nl\/de\/wp-json\/wp\/v2\/pages\/431\/revisions\/2612"}],"up":[{"embeddable":true,"href":"https:\/\/stedelijkmuseumalkmaar.nl\/de\/wp-json\/wp\/v2\/pages\/426"}],"wp:featuredmedia":[{"embeddable":true,"href":"https:\/\/stedelijkmuseumalkmaar.nl\/de\/wp-json\/wp\/v2\/media\/711"}],"wp:attachment":[{"href":"https:\/\/stedelijkmuseumalkmaar.nl\/de\/wp-json\/wp\/v2\/media?parent=431"}],"curies":[{"name":"wp","href":"https:\/\/api.w.org\/{rel}","templated":true}]}}