{"id":426,"date":"2025-03-18T11:22:23","date_gmt":"2025-03-18T10:22:23","guid":{"rendered":"https:\/\/stedelijkmuseumalkmaar.nl\/?page_id=426"},"modified":"2026-02-24T11:39:27","modified_gmt":"2026-02-24T10:39:27","slug":"uber-das-museum","status":"publish","type":"page","link":"https:\/\/stedelijkmuseumalkmaar.nl\/de\/over-het-museum\/","title":{"rendered":"\u00dcber das Museum"},"content":{"rendered":"<h2 class=\"wp-block-heading has-text-align-center\">Eine Perle in Nordholland<\/h2>\n\n\n\n<p>Das Stedelijk Museum Alkmaar ist eines der \u00e4ltesten Museen der Niederlande und verbindet Menschen, Kunst und Geschichte. Das Museum pr\u00e4sentiert eine sch\u00f6ne Sammlung alter und moderner Kunst und hochkar\u00e4tige Wechselausstellungen. W\u00e4hrend der Schulferien werden Workshops f\u00fcr Kinder aller Altersgruppen angeboten und im Museumsshop k\u00f6nnen Sie originelle Geschenke kaufen. Im Museumscaf\u00e9 k\u00f6nnen Sie fair gehandelten Kaffee, hausgemachte Suppe oder k\u00f6stliches Geb\u00e4ck genie\u00dfen.<\/p>\n\n\n\n<h3 class=\"wp-block-heading\"><strong>Die Schule in Bergen<\/strong><\/h3>\n\n\n\n<p>Liebhaber der Bergen School k\u00f6nnen sich im Museum austoben. Die st\u00e4ndige Ausstellung zeigt Werke von K\u00fcnstlern wie Else Berg, Mommie Schwarz, Leo Gestel, Dirk Filarski, Gerrit Willem van Blaaderen, Arnout Colnot und Piet und Matthieu Wiegman.<\/p>\n\n\n\n<h3 class=\"wp-block-heading\"><strong>ANBI<\/strong><\/h3>\n\n\n\n<p>Seit dem 1. Januar 2014 ist das Stedelijk Museum Alkmaar eine unabh\u00e4ngige Stiftung mit einem Aufsichtsrat. Das Museum ist im niederl\u00e4ndischen Museumsregister eingetragen und tr\u00e4gt seit 2000 die Museumskarte. <strong><br><\/strong>Die Stiftung Stedelijk Museum Alkmaar ist bei den Steuerbeh\u00f6rden als (kulturelle) gemeinn\u00fctzige Organisation (ANBI) registriert. Die RSIN-Nummer des Stedelijk Museum Alkmaar lautet: 853407769.<\/p>\n\n\n\n<div class=\"wp-block-buttons is-layout-flex wp-block-buttons-is-layout-flex\">\n<div class=\"wp-block-button\"><a class=\"wp-block-button__link wp-element-button\" href=\"https:\/\/stedelijkmuseumalkmaar.nl\/wp-content\/uploads\/2025\/06\/SMA-2024-standaardform-pubplicht-anbi-algemeen-ib1101z4fol-1.pdf\">Kulturelles ANBI<\/a><\/div>\n<\/div>\n\n\n\n\t<section class=\"item-list wp-block alignfull\" id=\"item-list-block_9d9a69fd5804ec8b358d94b82bde4e41\">\n\t\t<div class=\"row\">\n\t\t\t<div class=\"column\">\n\t\t\t\t\t\t\t\t\t\t\t<\/div>\n\t\t<\/div>\n\t\t<div class=\"row small-up-1 medium-up-2 large-up-3 flex-grow\">\n\t\t\t\t\t\t\t<div class=\"column\">\n\t\t\t\t\t<a href=\"https:\/\/stedelijkmuseumalkmaar.nl\/de\/over-het-museum\/zakelijke-verhuur\/\"\n\t\t\t\t\t\tclass=\"card\">\n\t\t\t\t\t\t<div class=\"card__image\">\n\t\t\t\t\t\t\t<img class=\"lazyload aspect-ratio-6-4\" data-src=\"https:\/\/stedelijkmuseumalkmaar.nl\/wp-content\/uploads\/2025\/04\/zakelijke-verhuur-stedelijk-museum-alkmaar-zaal-600x400.jpg\" alt=\"gesch\u00e4ftsmiete stedelijk museum alkmaar hall\" \/>\n\t\t\t\t\t\t\t<span class=\"lees-verder\">Mehr lesen<\/span>\n\t\t\t\t\t\t<\/div>\n\t\t\t\t\t\t<div class=\"card__content\">\n\t\t\t\t\t\t\t<h4 class=\"card__title\">Miete f\u00fcr Unternehmen<\/h4>\n\t\t\t\t\t\t\t\t\t\t\t\t\t\t\t<h6 class=\"card__subtitle\">Treffen im Museum <\/h6>\n\t\t\t\t\t\t\t\t\t\t\t\t\t<\/div>\n\t\t\t\t\t<\/a>\n\t\t\t\t<\/div>\n\t\t\t\t\t\t\t<div class=\"column\">\n\t\t\t\t\t<a href=\"https:\/\/stedelijkmuseumalkmaar.nl\/de\/over-het-museum\/museumwinkel\/\"\n\t\t\t\t\t\tclass=\"card\">\n\t\t\t\t\t\t<div class=\"card__image\">\n\t\t\t\t\t\t\t<img class=\"lazyload aspect-ratio-6-4\" data-src=\"https:\/\/stedelijkmuseumalkmaar.nl\/wp-content\/uploads\/2025\/04\/museum-winkel-stedelijk-museum-alkmaar-600x400.jpg\" alt=\"museumsshop stedelijk museum alkmaar\" \/>\n\t\t\t\t\t\t\t<span class=\"lees-verder\">Mehr lesen<\/span>\n\t\t\t\t\t\t<\/div>\n\t\t\t\t\t\t<div class=\"card__content\">\n\t\t\t\t\t\t\t<h4 class=\"card__title\">Museumsshop<\/h4>\n\t\t\t\t\t\t\t\t\t\t\t\t\t\t\t<h6 class=\"card__subtitle\">Treffen im Museum <\/h6>\n\t\t\t\t\t\t\t\t\t\t\t\t\t<\/div>\n\t\t\t\t\t<\/a>\n\t\t\t\t<\/div>\n\t\t\t\t\t\t\t<div class=\"column\">\n\t\t\t\t\t<a href=\"https:\/\/stedelijkmuseumalkmaar.nl\/de\/over-het-museum\/pers\/\"\n\t\t\t\t\t\tclass=\"card\">\n\t\t\t\t\t\t<div class=\"card__image\">\n\t\t\t\t\t\t\t<img class=\"lazyload aspect-ratio-6-4\" data-src=\"https:\/\/stedelijkmuseumalkmaar.nl\/wp-content\/uploads\/2025\/04\/foyer-stedelijk-museum-alkmaar-600x400.jpg\" alt=\"foyer stedelijk museum alkmaar\" \/>\n\t\t\t\t\t\t\t<span class=\"lees-verder\">Mehr lesen<\/span>\n\t\t\t\t\t\t<\/div>\n\t\t\t\t\t\t<div class=\"card__content\">\n\t\t\t\t\t\t\t<h4 class=\"card__title\">Presse<\/h4>\n\t\t\t\t\t\t\t\t\t\t\t\t\t<\/div>\n\t\t\t\t\t<\/a>\n\t\t\t\t<\/div>\n\t\t\t\t\t\t\t<div class=\"column\">\n\t\t\t\t\t<a href=\"https:\/\/stedelijkmuseumalkmaar.nl\/de\/over-het-museum\/museumcafe\/\"\n\t\t\t\t\t\tclass=\"card\">\n\t\t\t\t\t\t<div class=\"card__image\">\n\t\t\t\t\t\t\t<img class=\"lazyload aspect-ratio-6-4\" data-src=\"https:\/\/stedelijkmuseumalkmaar.nl\/wp-content\/uploads\/2025\/04\/museum-cafe-stedelijk-museum-alkmaar-1-600x400.jpg\" alt=\"museum cafe stadtmuseum alkmaar\" \/>\n\t\t\t\t\t\t\t<span class=\"lees-verder\">Mehr lesen<\/span>\n\t\t\t\t\t\t<\/div>\n\t\t\t\t\t\t<div class=\"card__content\">\n\t\t\t\t\t\t\t<h4 class=\"card__title\">Museumscaf\u00e9<\/h4>\n\t\t\t\t\t\t\t\t\t\t\t\t\t\t\t<h6 class=\"card__subtitle\">Treffen im Museum <\/h6>\n\t\t\t\t\t\t\t\t\t\t\t\t\t<\/div>\n\t\t\t\t\t<\/a>\n\t\t\t\t<\/div>\n\t\t\t\t\t\t\t<div class=\"column\">\n\t\t\t\t\t<a href=\"https:\/\/stedelijkmuseumalkmaar.nl\/de\/over-het-museum\/organisatie\/\"\n\t\t\t\t\t\tclass=\"card\">\n\t\t\t\t\t\t<div class=\"card__image\">\n\t\t\t\t\t\t\t<img class=\"lazyload aspect-ratio-6-4\" data-src=\"https:\/\/stedelijkmuseumalkmaar.nl\/wp-content\/uploads\/2025\/04\/organisatie-en-team-stedelijk-museum-alkmaar-600x400.jpg\" alt=\"organisation und team stedelijk museum alkmaar\" \/>\n\t\t\t\t\t\t\t<span class=\"lees-verder\">Mehr lesen<\/span>\n\t\t\t\t\t\t<\/div>\n\t\t\t\t\t\t<div class=\"card__content\">\n\t\t\t\t\t\t\t<h4 class=\"card__title\">Organisation und Team<\/h4>\n\t\t\t\t\t\t\t\t\t\t\t\t\t\t\t<h6 class=\"card__subtitle\">Treffen im Museum <\/h6>\n\t\t\t\t\t\t\t\t\t\t\t\t\t<\/div>\n\t\t\t\t\t<\/a>\n\t\t\t\t<\/div>\n\t\t\t\t\t\t\t<div class=\"column\">\n\t\t\t\t\t<a href=\"https:\/\/stedelijkmuseumalkmaar.nl\/de\/over-het-museum\/de-jonge-lichting\/\"\n\t\t\t\t\t\tclass=\"card\">\n\t\t\t\t\t\t<div class=\"card__image\">\n\t\t\t\t\t\t\t<img class=\"lazyload aspect-ratio-6-4\" data-src=\"https:\/\/stedelijkmuseumalkmaar.nl\/wp-content\/uploads\/2026\/01\/Groepsfoto-1-DJL-25-26-600x400.jpg\" alt=\"\" \/>\n\t\t\t\t\t\t\t<span class=\"lees-verder\">Mehr lesen<\/span>\n\t\t\t\t\t\t<\/div>\n\t\t\t\t\t\t<div class=\"card__content\">\n\t\t\t\t\t\t\t<h4 class=\"card__title\">Die junge Gr\u00fcnderin<\/h4>\n\t\t\t\t\t\t\t\t\t\t\t\t\t\t\t<h6 class=\"card__subtitle\">Treffen im Museum <\/h6>\n\t\t\t\t\t\t\t\t\t\t\t\t\t<\/div>\n\t\t\t\t\t<\/a>\n\t\t\t\t<\/div>\n\t\t\t\t\t\t\t<div class=\"column\">\n\t\t\t\t\t<a href=\"https:\/\/stedelijkmuseumalkmaar.nl\/de\/over-het-museum\/raad-van-toezicht-leden\/\"\n\t\t\t\t\t\tclass=\"card\">\n\t\t\t\t\t\t<div class=\"card__image\">\n\t\t\t\t\t\t\t<img class=\"lazyload aspect-ratio-6-4\" data-src=\"https:\/\/stedelijkmuseumalkmaar.nl\/wp-content\/uploads\/2025\/03\/Schutterszaal-AA.b4ec21f39ce668523aa923b3d3d5a5fb-600x400.jpg\" alt=\"\" \/>\n\t\t\t\t\t\t\t<span class=\"lees-verder\">Mehr lesen<\/span>\n\t\t\t\t\t\t<\/div>\n\t\t\t\t\t\t<div class=\"card__content\">\n\t\t\t\t\t\t\t<h4 class=\"card__title\">Mitglieder des Aufsichtsrates<\/h4>\n\t\t\t\t\t\t\t\t\t\t\t\t\t\t\t<h6 class=\"card__subtitle\">Treffen im Museum <\/h6>\n\t\t\t\t\t\t\t\t\t\t\t\t\t<\/div>\n\t\t\t\t\t<\/a>\n\t\t\t\t<\/div>\n\t\t\t\t\t\t\t<div class=\"column\">\n\t\t\t\t\t<a href=\"https:\/\/stedelijkmuseumalkmaar.nl\/de\/over-het-museum\/jaarverslagen\/\"\n\t\t\t\t\t\tclass=\"card\">\n\t\t\t\t\t\t<div class=\"card__image\">\n\t\t\t\t\t\t\t<img class=\"lazyload aspect-ratio-6-4\" data-src=\"https:\/\/stedelijkmuseumalkmaar.nl\/wp-content\/uploads\/2025\/04\/Nepnieuws-stedelijk-museum-alkmaar-600x400.jpg\" alt=\"Fake News Stadtmuseum Alkmaar\" \/>\n\t\t\t\t\t\t\t<span class=\"lees-verder\">Mehr lesen<\/span>\n\t\t\t\t\t\t<\/div>\n\t\t\t\t\t\t<div class=\"card__content\">\n\t\t\t\t\t\t\t<h4 class=\"card__title\">Jahresberichte<\/h4>\n\t\t\t\t\t\t\t\t\t\t\t\t\t<\/div>\n\t\t\t\t\t<\/a>\n\t\t\t\t<\/div>\n\t\t\t\t\t\t\t<div class=\"column\">\n\t\t\t\t\t<a href=\"https:\/\/stedelijkmuseumalkmaar.nl\/de\/over-het-museum\/vacatures\/\"\n\t\t\t\t\t\tclass=\"card\">\n\t\t\t\t\t\t<div class=\"card__image\">\n\t\t\t\t\t\t\t<img class=\"lazyload aspect-ratio-6-4\" data-src=\"https:\/\/stedelijkmuseumalkmaar.nl\/wp-content\/uploads\/2025\/04\/Stedelijk-Museum-Alkmaar-gevel-600x400.jpg\" alt=\"Fassade des Stedelijk Museum Alkmaar\" \/>\n\t\t\t\t\t\t\t<span class=\"lees-verder\">Mehr lesen<\/span>\n\t\t\t\t\t\t<\/div>\n\t\t\t\t\t\t<div class=\"card__content\">\n\t\t\t\t\t\t\t<h4 class=\"card__title\">Offene Stellen<\/h4>\n\t\t\t\t\t\t\t\t\t\t\t\t\t<\/div>\n\t\t\t\t\t<\/a>\n\t\t\t\t<\/div>\n\t\t\t\t\t<\/div>\n\t<\/section>\n\n\n\n<section class=\"wp-block bg-gray links alignfull\" id=\"faq-block_c8d7395c0e4e94e47745db1b9af60c9d\">\n\t\t\t<div class=\"row text-center align-center\">\n\t\t\t<div class=\"column small-12 large-12\">\n\t\t\t\t<div class=\"mb-m\">\n\t\t\t\t\t\t\t\t\t\t\t<h2 class=\"item-list__title\"> gehen zu<\/h2>\n\t\t\t\t\t\t\t\t\t<\/div>\n\t\t\t<\/div>\n\t\t<\/div>\n\t\t\t\t<div class=\"row text-center align-center\">\n\t\t\t<div class=\"columns\">\n\t\t\t\t<div class=\"button-group\">\n\t\t\t\t\t\t\t\t\t\t\t\t\t\t\t\t\t<a href=\"#\" target=\"\" class=\"button button--black\">Planen Sie Ihren Besuch<\/a>\n\t\t\t\t\t\t\t\t\t\t\t\t\t\t\t\t\t<a href=\"https:\/\/stedelijkmuseumalkmaar.nl\/de\/jetzt-zu-sehen\/\" target=\"\" class=\"button button--black\">jetzt zu sehen<\/a>\n\t\t\t\t\t\t\t\t\t\t\t\t\t\t\t\t\t<a href=\"#\" target=\"\" class=\"button button--black\">\u00dcber das Museum<\/a>\n\t\t\t\t\t\t\t\t\t\t\t\t\t\t\t\t\t<a href=\"https:\/\/stedelijkmuseumalkmaar.nl\/de\/haufig-gestellte-fragen\/\" target=\"\" class=\"button button--black\">H\u00e4ufig gestellte Fragen<\/a>\n\t\t\t\t\t\t\t\t\t<\/div>\n\t\t\t<\/div>\n\t\t<\/div>\n\t<\/section>","protected":false},"excerpt":{"rendered":"<p>Eine Perle in Nordholland Das Stedelijk Museum Alkmaar ist eines der \u00e4ltesten Museen der Niederlande und verbindet Menschen, Kunst und Geschichte. Das Museum pr\u00e4sentiert eine sch\u00f6ne Sammlung alter und moderner Kunst sowie hochkar\u00e4tige Wechselausstellungen. W\u00e4hrend der Schulferien werden Workshops f\u00fcr Kinder aller Altersgruppen angeboten, und im Museumsshop k\u00f6nnen Sie originelle Geschenke erwerben. Im<a class=\"excerpt-read-more\" href=\"https:\/\/stedelijkmuseumalkmaar.nl\/de\/over-het-museum\/\" title=\"Mehr lesen\u00dcber das Museum\">... Mehr lesen \"<\/a><\/p>","protected":false},"author":1,"featured_media":427,"parent":0,"menu_order":20,"comment_status":"closed","ping_status":"closed","template":"","meta":{"_acf_changed":false,"inline_featured_image":false,"footnotes":""},"class_list":["post-426","page","type-page","status-publish","has-post-thumbnail","hentry"],"acf":[],"_links":{"self":[{"href":"https:\/\/stedelijkmuseumalkmaar.nl\/de\/wp-json\/wp\/v2\/pages\/426","targetHints":{"allow":["GET"]}}],"collection":[{"href":"https:\/\/stedelijkmuseumalkmaar.nl\/de\/wp-json\/wp\/v2\/pages"}],"about":[{"href":"https:\/\/stedelijkmuseumalkmaar.nl\/de\/wp-json\/wp\/v2\/types\/page"}],"author":[{"embeddable":true,"href":"https:\/\/stedelijkmuseumalkmaar.nl\/de\/wp-json\/wp\/v2\/users\/1"}],"replies":[{"embeddable":true,"href":"https:\/\/stedelijkmuseumalkmaar.nl\/de\/wp-json\/wp\/v2\/comments?post=426"}],"version-history":[{"count":10,"href":"https:\/\/stedelijkmuseumalkmaar.nl\/de\/wp-json\/wp\/v2\/pages\/426\/revisions"}],"predecessor-version":[{"id":2467,"href":"https:\/\/stedelijkmuseumalkmaar.nl\/de\/wp-json\/wp\/v2\/pages\/426\/revisions\/2467"}],"wp:featuredmedia":[{"embeddable":true,"href":"https:\/\/stedelijkmuseumalkmaar.nl\/de\/wp-json\/wp\/v2\/media\/427"}],"wp:attachment":[{"href":"https:\/\/stedelijkmuseumalkmaar.nl\/de\/wp-json\/wp\/v2\/media?parent=426"}],"curies":[{"name":"wp","href":"https:\/\/api.w.org\/{rel}","templated":true}]}}