{"id":420,"date":"2025-03-18T10:50:24","date_gmt":"2025-03-18T09:50:24","guid":{"rendered":"https:\/\/stedelijkmuseumalkmaar.nl\/?page_id=420"},"modified":"2025-04-17T14:44:01","modified_gmt":"2025-04-17T12:44:01","slug":"planen-sie-ihren-besuch","status":"publish","type":"page","link":"https:\/\/stedelijkmuseumalkmaar.nl\/de\/plan-je-bezoek\/","title":{"rendered":"Planen Sie Ihren Besuch"},"content":{"rendered":"<h2 class=\"wp-block-heading has-text-align-center\">Immer etwas zu tun<\/h2>\n\n\n\n<p class=\"has-text-align-left\">Rund um die Wechselausstellungen organisiert das Stedelijk Museum Alkmaar zahlreiche vertiefende Aktivit\u00e4ten: von kostenlosen, begehbaren F\u00fchrungen bis hin zu Fachvortr\u00e4gen.&nbsp;<\/p>\n\n\n\n<p>M\u00f6chten Sie mehr \u00fcber unsere \u00d6ffnungszeiten und Eintrittspreise erfahren? <strong><a href=\"https:\/\/stedelijkmuseumalkmaar.nl\/de\/planen-sie-ihren-besuch\/zeiten-und-preise\/\" data-type=\"page\" data-id=\"440\">Dann lesen Sie hier weiter.<\/a><\/strong><\/p>\n\n\n\n<div class=\"wp-block-buttons is-layout-flex wp-block-buttons-is-layout-flex\">\n<div class=\"wp-block-button\"><a class=\"wp-block-button__link has-text-align-center wp-element-button\" href=\"https:\/\/tickets.stedelijkmuseumalkmaar.nl\/#\/tickets\/tickets\">Tickets kaufen<\/a><\/div>\n<\/div>","protected":false},"excerpt":{"rendered":"<p>Immer etwas zu tun Rund um die Wechselausstellungen organisiert das Stedelijk Museum Alkmaar zahlreiche vertiefende Aktivit\u00e4ten: von kostenlosen F\u00fchrungen bis hin zu Fachvortr\u00e4gen.  M\u00f6chten Sie mehr \u00fcber unsere \u00d6ffnungszeiten und Eintrittspreise erfahren? Dann lesen Sie hier weiter.<\/p>","protected":false},"author":1,"featured_media":421,"parent":0,"menu_order":31,"comment_status":"closed","ping_status":"closed","template":"page-templates\/tedoen.php","meta":{"_acf_changed":false,"inline_featured_image":false,"footnotes":""},"class_list":["post-420","page","type-page","status-publish","has-post-thumbnail","hentry"],"acf":[],"_links":{"self":[{"href":"https:\/\/stedelijkmuseumalkmaar.nl\/de\/wp-json\/wp\/v2\/pages\/420","targetHints":{"allow":["GET"]}}],"collection":[{"href":"https:\/\/stedelijkmuseumalkmaar.nl\/de\/wp-json\/wp\/v2\/pages"}],"about":[{"href":"https:\/\/stedelijkmuseumalkmaar.nl\/de\/wp-json\/wp\/v2\/types\/page"}],"author":[{"embeddable":true,"href":"https:\/\/stedelijkmuseumalkmaar.nl\/de\/wp-json\/wp\/v2\/users\/1"}],"replies":[{"embeddable":true,"href":"https:\/\/stedelijkmuseumalkmaar.nl\/de\/wp-json\/wp\/v2\/comments?post=420"}],"version-history":[{"count":10,"href":"https:\/\/stedelijkmuseumalkmaar.nl\/de\/wp-json\/wp\/v2\/pages\/420\/revisions"}],"predecessor-version":[{"id":1130,"href":"https:\/\/stedelijkmuseumalkmaar.nl\/de\/wp-json\/wp\/v2\/pages\/420\/revisions\/1130"}],"wp:featuredmedia":[{"embeddable":true,"href":"https:\/\/stedelijkmuseumalkmaar.nl\/de\/wp-json\/wp\/v2\/media\/421"}],"wp:attachment":[{"href":"https:\/\/stedelijkmuseumalkmaar.nl\/de\/wp-json\/wp\/v2\/media?parent=420"}],"curies":[{"name":"wp","href":"https:\/\/api.w.org\/{rel}","templated":true}]}}