{"id":375,"date":"2025-03-17T13:54:13","date_gmt":"2025-03-17T12:54:13","guid":{"rendered":"https:\/\/stedelijkmuseumalkmaar.nl\/?page_id=375"},"modified":"2025-04-14T16:42:14","modified_gmt":"2025-04-14T14:42:14","slug":"bildung","status":"publish","type":"page","link":"https:\/\/stedelijkmuseumalkmaar.nl\/de\/onderwijs\/","title":{"rendered":"Bildung"},"content":{"rendered":"<h2 class=\"wp-block-heading has-text-align-center\">Mit der Klasse ins Museum<\/h2>\n\n\n\n<p class=\"has-text-align-left\">Die Kunst bringt die Sch\u00fcler dazu, sich selbst, die Gegenwart, die Vergangenheit und die Zukunft auf eine andere Art und Weise zu betrachten. Bei einem Museumsbesuch werden im Rahmen von interaktiven F\u00fchrungen und kreativen Workshops neue F\u00e4higkeiten entwickelt. W\u00e4hlen Sie ein Thema, das zum Lehrplan Ihrer Sch\u00fcler passt, und besuchen Sie mit Ihrer Klasse das Museum.<\/p>\n\n\n\n<p>Wir m\u00f6chten Sie \u00fcber das aktuelle Angebot an Museumskursen durch den Bildungsnewsletter auf dem Laufenden halten, melden Sie sich an!<\/p>\n\n\n\n<div class=\"wp-block-buttons is-layout-flex wp-block-buttons-is-layout-flex\">\n<div class=\"wp-block-button\"><a class=\"wp-block-button__link wp-element-button\" href=\"https:\/\/stedelijkmuseumalkmaar.nl\/de\/bildung\/newsletter-fur-schulen\/\">Anmeldung zum Newsletter<\/a><\/div>\n<\/div>\n\n\n\n<p><\/p>\n\n\n\n<p>Unsere Museumsp\u00e4dagogen fordern die Sch\u00fcler durch anregende Fragen zum Nachdenken und kreative Betrachtungs- und Zeichnungsaufgaben heraus, besser zu werden und, was noch wichtiger ist, zu zeichnen <em>ansonsten <\/em>sich mit Kunst zu besch\u00e4ftigen und ihr selbst einen Sinn zu geben. Es gibt Bildungsprogramme f\u00fcr Grund- und Sekundarschulen sowie Programme f\u00fcr MBO, NT-2-Gruppen und Lehrerausbildung.<\/p>\n\n\n\n\t<section class=\"item-list wp-block alignfull\" id=\"item-list-block_badc6011ebaf423a889c715020e8d595\">\n\t\t<div class=\"row\">\n\t\t\t<div class=\"column\">\n\t\t\t\t\t\t\t\t\t\t\t<\/div>\n\t\t<\/div>\n\t\t<div class=\"row small-up-1 medium-up-2 large-up-3 flex-grow\">\n\t\t\t\t\t\t\t<div class=\"column\">\n\t\t\t\t\t<a href=\"https:\/\/stedelijkmuseumalkmaar.nl\/de\/onderwijs\/primair-onderwijs\/\"\n\t\t\t\t\t\tclass=\"card\">\n\t\t\t\t\t\t<div class=\"card__image\">\n\t\t\t\t\t\t\t<img class=\"lazyload aspect-ratio-6-4\" data-src=\"https:\/\/stedelijkmuseumalkmaar.nl\/wp-content\/uploads\/2025\/03\/goudeneeuwmuseumleskleuters.eb0b39cdf478aef9f3cf648715d31554-600x400.jpg\" alt=\"\" \/>\n\t\t\t\t\t\t\t<span class=\"lees-verder\">Mehr lesen<\/span>\n\t\t\t\t\t\t<\/div>\n\t\t\t\t\t\t<div class=\"card__content\">\n\t\t\t\t\t\t\t<h4 class=\"card__title\">Grundschulbildung<\/h4>\n\t\t\t\t\t\t\t\t\t\t\t\t\t<\/div>\n\t\t\t\t\t<\/a>\n\t\t\t\t<\/div>\n\t\t\t\t\t\t\t<div class=\"column\">\n\t\t\t\t\t<a href=\"https:\/\/stedelijkmuseumalkmaar.nl\/de\/onderwijs\/mbo-hbo-nt2\/\"\n\t\t\t\t\t\tclass=\"card\">\n\t\t\t\t\t\t<div class=\"card__image\">\n\t\t\t\t\t\t\t<img class=\"lazyload aspect-ratio-6-4\" data-src=\"https:\/\/stedelijkmuseumalkmaar.nl\/wp-content\/uploads\/2025\/03\/scholennieuwsbrief-600x400.jpg\" alt=\"\" \/>\n\t\t\t\t\t\t\t<span class=\"lees-verder\">Mehr lesen<\/span>\n\t\t\t\t\t\t<\/div>\n\t\t\t\t\t\t<div class=\"card__content\">\n\t\t\t\t\t\t\t<h4 class=\"card__title\">MBO und HBO<\/h4>\n\t\t\t\t\t\t\t\t\t\t\t\t\t<\/div>\n\t\t\t\t\t<\/a>\n\t\t\t\t<\/div>\n\t\t\t\t\t\t\t<div class=\"column\">\n\t\t\t\t\t<a href=\"https:\/\/stedelijkmuseumalkmaar.nl\/de\/onderwijs\/voortgezet-onderwijs\/\"\n\t\t\t\t\t\tclass=\"card\">\n\t\t\t\t\t\t<div class=\"card__image\">\n\t\t\t\t\t\t\t<img class=\"lazyload aspect-ratio-6-4\" data-src=\"https:\/\/stedelijkmuseumalkmaar.nl\/wp-content\/uploads\/2025\/04\/anders-kijken-vo-600x400.jpg\" alt=\"die Dinge anders zu betrachten vo\" \/>\n\t\t\t\t\t\t\t<span class=\"lees-verder\">Mehr lesen<\/span>\n\t\t\t\t\t\t<\/div>\n\t\t\t\t\t\t<div class=\"card__content\">\n\t\t\t\t\t\t\t<h4 class=\"card__title\">Sekundarschulbildung<\/h4>\n\t\t\t\t\t\t\t\t\t\t\t\t\t<\/div>\n\t\t\t\t\t<\/a>\n\t\t\t\t<\/div>\n\t\t\t\t\t<\/div>\n\t<\/section>","protected":false},"excerpt":{"rendered":"<p>Ein Besuch im Museum Art bringt die Sch\u00fcler dazu, sich selbst, die Gegenwart, die Vergangenheit und die Zukunft auf eine andere Art und Weise zu betrachten. Bei einem Museumsbesuch werden im Rahmen von interaktiven F\u00fchrungen und kreativen Workshops neue F\u00e4higkeiten entwickelt. W\u00e4hlen Sie ein Thema, das zum Lehrplan Ihrer Sch\u00fcler passt, und kommen Sie mit Ihrer Klasse<a class=\"excerpt-read-more\" href=\"https:\/\/stedelijkmuseumalkmaar.nl\/de\/onderwijs\/\" title=\"Mehr lesenBildung\">... Mehr lesen \"<\/a><\/p>","protected":false},"author":1,"featured_media":376,"parent":0,"menu_order":38,"comment_status":"closed","ping_status":"closed","template":"","meta":{"_acf_changed":false,"inline_featured_image":false,"footnotes":""},"class_list":["post-375","page","type-page","status-publish","has-post-thumbnail","hentry"],"acf":[],"_links":{"self":[{"href":"https:\/\/stedelijkmuseumalkmaar.nl\/de\/wp-json\/wp\/v2\/pages\/375","targetHints":{"allow":["GET"]}}],"collection":[{"href":"https:\/\/stedelijkmuseumalkmaar.nl\/de\/wp-json\/wp\/v2\/pages"}],"about":[{"href":"https:\/\/stedelijkmuseumalkmaar.nl\/de\/wp-json\/wp\/v2\/types\/page"}],"author":[{"embeddable":true,"href":"https:\/\/stedelijkmuseumalkmaar.nl\/de\/wp-json\/wp\/v2\/users\/1"}],"replies":[{"embeddable":true,"href":"https:\/\/stedelijkmuseumalkmaar.nl\/de\/wp-json\/wp\/v2\/comments?post=375"}],"version-history":[{"count":8,"href":"https:\/\/stedelijkmuseumalkmaar.nl\/de\/wp-json\/wp\/v2\/pages\/375\/revisions"}],"predecessor-version":[{"id":991,"href":"https:\/\/stedelijkmuseumalkmaar.nl\/de\/wp-json\/wp\/v2\/pages\/375\/revisions\/991"}],"wp:featuredmedia":[{"embeddable":true,"href":"https:\/\/stedelijkmuseumalkmaar.nl\/de\/wp-json\/wp\/v2\/media\/376"}],"wp:attachment":[{"href":"https:\/\/stedelijkmuseumalkmaar.nl\/de\/wp-json\/wp\/v2\/media?parent=375"}],"curies":[{"name":"wp","href":"https:\/\/api.w.org\/{rel}","templated":true}]}}