{"id":2352,"date":"2026-01-23T14:28:51","date_gmt":"2026-01-23T13:28:51","guid":{"rendered":"https:\/\/stedelijkmuseumalkmaar.nl\/?page_id=2352"},"modified":"2026-01-30T09:48:59","modified_gmt":"2026-01-30T08:48:59","slug":"die-junge-generation","status":"publish","type":"page","link":"https:\/\/stedelijkmuseumalkmaar.nl\/de\/over-het-museum\/de-jonge-lichting\/","title":{"rendered":"Die junge Gr\u00fcnderin"},"content":{"rendered":"<h2 class=\"wp-block-heading has-text-align-center\">Aufbau des Museums der Zukunft<\/h2>\n\n\n\n<p>De Jonge Lichting ist eine Plattform f\u00fcr junge Menschen zwischen 16 und 26 Jahren in Nordholland, die sich in der Museumswelt Geh\u00f6r verschaffen wollen. Aus ihrer eigenen Perspektive reflektieren sie \u00fcber Museumssammlungen, die Gesellschaft und sich selbst - und gestalten so die Geschichten von heute und der Zukunft.<\/p>\n\n\n\n<p>Jonge Lichting ist eine vierj\u00e4hrige Zusammenarbeit zwischen dem Stedelijk Museum Alkmaar, dem Frans Hals Museum und dem Amsterdam Museum, die darauf abzielt, Museen f\u00fcr junge Menschen in Nordholland attraktiver zu machen. Dieses Projekt wird durch das Ministerium f\u00fcr Bildung, Kultur und Wissenschaft erm\u00f6glicht.<\/p>\n\n\n\n<h3 class=\"wp-block-heading\">Die junge Gr\u00fcnderin 2025 - 2026<\/h3>\n\n\n\n<p>Das erste Los hat begonnen! Unsere neuen Kollegen sind Anna, Ayinda, Isabella, Jesse, Louise, Quint und Rebekka. Sie werden mit unserer Sammlung und Programmierung arbeiten und ihre ersten Schritte im Kulturbereich machen. M\u00f6chten Sie wissen, was sie vorhaben? Behalten Sie uns im Auge unter <a href=\"https:\/\/www.instagram.com\/dejongelichting\/\" data-type=\"link\" data-id=\"https:\/\/www.instagram.com\/dejongelichting\/\" target=\"_blank\" rel=\"noopener\">Instagram<\/a> und <a href=\"https:\/\/www.tiktok.com\/@dejongelichting?is_from_webapp=1&amp;sender_device=pc\" data-type=\"link\" data-id=\"https:\/\/www.tiktok.com\/@dejongelichting?is_from_webapp=1&amp;sender_device=pc\" target=\"_blank\" rel=\"noopener\">Tiktok<\/a>:<br><a href=\"https:\/\/www.instagram.com\/dejongelichting\/\" data-type=\"link\" data-id=\"https:\/\/www.instagram.com\/dejongelichting\/\" target=\"_blank\" rel=\"noopener\"><img loading=\"lazy\" decoding=\"async\" width=\"40\" height=\"40\" class=\"wp-image-2357\" style=\"width: 40px;\" src=\"https:\/\/stedelijkmuseumalkmaar.nl\/wp-content\/uploads\/2026\/01\/image-e1769186172124.png\" alt=\"\" srcset=\"https:\/\/stedelijkmuseumalkmaar.nl\/wp-content\/uploads\/2026\/01\/image-e1769186172124.png 338w, https:\/\/stedelijkmuseumalkmaar.nl\/wp-content\/uploads\/2026\/01\/image-e1769186172124-300x300.png 300w, https:\/\/stedelijkmuseumalkmaar.nl\/wp-content\/uploads\/2026\/01\/image-e1769186172124-150x150.png 150w, https:\/\/stedelijkmuseumalkmaar.nl\/wp-content\/uploads\/2026\/01\/image-e1769186172124-12x12.png 12w\" sizes=\"auto, (max-width: 40px) 100vw, 40px\" \/><\/a><a href=\"https:\/\/www.tiktok.com\/@dejongelichting?is_from_webapp=1&amp;sender_device=pc\" data-type=\"link\" data-id=\"https:\/\/www.tiktok.com\/@dejongelichting?is_from_webapp=1&amp;sender_device=pc\" target=\"_blank\" rel=\"noopener\"><img loading=\"lazy\" decoding=\"async\" width=\"40\" height=\"39\" class=\"wp-image-2360\" style=\"width: 40px;\" src=\"https:\/\/stedelijkmuseumalkmaar.nl\/wp-content\/uploads\/2026\/01\/tiktok-logo-tikok-icon-transparent-tikok-app-logo-free-png-e1769186371664.png\" alt=\"\" srcset=\"https:\/\/stedelijkmuseumalkmaar.nl\/wp-content\/uploads\/2026\/01\/tiktok-logo-tikok-icon-transparent-tikok-app-logo-free-png-e1769186371664.png 232w, https:\/\/stedelijkmuseumalkmaar.nl\/wp-content\/uploads\/2026\/01\/tiktok-logo-tikok-icon-transparent-tikok-app-logo-free-png-e1769186371664-150x150.png 150w, https:\/\/stedelijkmuseumalkmaar.nl\/wp-content\/uploads\/2026\/01\/tiktok-logo-tikok-icon-transparent-tikok-app-logo-free-png-e1769186371664-12x12.png 12w\" sizes=\"auto, (max-width: 40px) 100vw, 40px\" \/><\/a> <\/p>\n\n\n\n<h3 class=\"wp-block-heading\">Was Alkmaar zu Alkmaar macht <\/h3>\n\n\n\n<p>Die Junge Gr\u00fcnderin arbeitet derzeit an einem Beteiligungsprojekt f\u00fcr die Fotoausstellung <a href=\"https:\/\/stedelijkmuseumalkmaar.nl\/de\/ausstellung\/alkmaar-in-bildern\/\" data-type=\"link\" data-id=\"https:\/\/stedelijkmuseumalkmaar.nl\/tentoonstelling\/alkmaar-in-beeld\/\">Alkmaar im Blickpunkt<\/a>. Zu diesem Zweck rufen sie die Einwohner von Alkmaar auf, sich von der Ausstellung inspirieren zu lassen und Alkmaar selbst zu visualisieren. Jeder kann eine Geschichte, ein Foto oder eine Perspektive einreichen, die seiner Meinung nach Alkmaar zu Alkmaar macht. Alle Bilder werden von De Jonge Lichting gesammelt und erhalten einen Platz in der Ausstellung. So entsteht ein Stadtportr\u00e4t, das nicht nur von den Fotografen gemacht wird, sondern auch von den Menschen, die Alkmaar zu Alkmaar machen.<\/p>\n\n\n\n<p><strong>M\u00f6chten Sie auch mitmachen? Sie k\u00f6nnen!<\/strong><br>Sie k\u00f6nnen an einer der folgenden Veranstaltungen teilnehmen&nbsp;<a href=\"https:\/\/stedelijkmuseumalkmaar.nl\/de\/planen-sie-ihren-besuch\/aktivitaten\/\" data-type=\"link\" data-id=\"https:\/\/stedelijkmuseumalkmaar.nl\/plan-je-bezoek\/activiteiten\/\">Werkst\u00e4tten<\/a> oder senden Sie selbst ein Bild an <a href=\"mailto:&#100;&#101;jong&#101;&#108;ic&#104;t&#105;ng&#64;m&#117;seuma&#108;&#107;&#109;aar&#46;&#110;&#108;\">dejongelichting@museumalkmaar.nl<\/a> Und wer wei\u00df, vielleicht sehen Sie Ihren Beitrag ja in unserem Museum.<\/p>\n\n\n\n<p><\/p>\n\n\n\n<figure class=\"wp-block-image size-large\"><img loading=\"lazy\" decoding=\"async\" width=\"1024\" height=\"683\" src=\"https:\/\/stedelijkmuseumalkmaar.nl\/wp-content\/uploads\/2026\/01\/Groepsfoto-1-DJL-25-26-1024x683.jpg\" alt=\"\" class=\"wp-image-2353\" srcset=\"https:\/\/stedelijkmuseumalkmaar.nl\/wp-content\/uploads\/2026\/01\/Groepsfoto-1-DJL-25-26-1024x683.jpg 1024w, https:\/\/stedelijkmuseumalkmaar.nl\/wp-content\/uploads\/2026\/01\/Groepsfoto-1-DJL-25-26-300x200.jpg 300w, https:\/\/stedelijkmuseumalkmaar.nl\/wp-content\/uploads\/2026\/01\/Groepsfoto-1-DJL-25-26-768x512.jpg 768w, https:\/\/stedelijkmuseumalkmaar.nl\/wp-content\/uploads\/2026\/01\/Groepsfoto-1-DJL-25-26-1536x1024.jpg 1536w, https:\/\/stedelijkmuseumalkmaar.nl\/wp-content\/uploads\/2026\/01\/Groepsfoto-1-DJL-25-26-2048x1366.jpg 2048w, https:\/\/stedelijkmuseumalkmaar.nl\/wp-content\/uploads\/2026\/01\/Groepsfoto-1-DJL-25-26-18x12.jpg 18w, https:\/\/stedelijkmuseumalkmaar.nl\/wp-content\/uploads\/2026\/01\/Groepsfoto-1-DJL-25-26-1200x800.jpg 1200w, https:\/\/stedelijkmuseumalkmaar.nl\/wp-content\/uploads\/2026\/01\/Groepsfoto-1-DJL-25-26-600x400.jpg 600w\" sizes=\"auto, (max-width: 1024px) 100vw, 1024px\" \/><\/figure>\n\n\n\n<p><em>Foto: Melanie Beermann<\/em><\/p>\n\n\n\n<p><\/p>\n\n\n\n<div class=\"wp-block-columns is-layout-flex wp-container-core-columns-is-layout-9d6595d7 wp-block-columns-is-layout-flex\"><\/div>\n\n\n\n<p><\/p>","protected":false},"excerpt":{"rendered":"<p>Das Jonge Lichting ist eine Plattform f\u00fcr junge Menschen zwischen 16 und 26 Jahren in Nordholland, die sich in der Museumswelt Geh\u00f6r verschaffen wollen. Aus ihrer eigenen Perspektive reflektieren sie \u00fcber Museumssammlungen, die Gesellschaft und sich selbst - und gestalten so die Geschichten von heute UND<a class=\"excerpt-read-more\" href=\"https:\/\/stedelijkmuseumalkmaar.nl\/de\/over-het-museum\/de-jonge-lichting\/\" title=\"Lesen Sie mehrDer junge Gr\u00fcnder\">... Mehr lesen \"<\/a><\/p>","protected":false},"author":10,"featured_media":2353,"parent":426,"menu_order":27,"comment_status":"closed","ping_status":"closed","template":"","meta":{"_acf_changed":false,"inline_featured_image":false,"footnotes":""},"class_list":["post-2352","page","type-page","status-publish","has-post-thumbnail","hentry"],"acf":[],"_links":{"self":[{"href":"https:\/\/stedelijkmuseumalkmaar.nl\/de\/wp-json\/wp\/v2\/pages\/2352","targetHints":{"allow":["GET"]}}],"collection":[{"href":"https:\/\/stedelijkmuseumalkmaar.nl\/de\/wp-json\/wp\/v2\/pages"}],"about":[{"href":"https:\/\/stedelijkmuseumalkmaar.nl\/de\/wp-json\/wp\/v2\/types\/page"}],"author":[{"embeddable":true,"href":"https:\/\/stedelijkmuseumalkmaar.nl\/de\/wp-json\/wp\/v2\/users\/10"}],"replies":[{"embeddable":true,"href":"https:\/\/stedelijkmuseumalkmaar.nl\/de\/wp-json\/wp\/v2\/comments?post=2352"}],"version-history":[{"count":7,"href":"https:\/\/stedelijkmuseumalkmaar.nl\/de\/wp-json\/wp\/v2\/pages\/2352\/revisions"}],"predecessor-version":[{"id":2390,"href":"https:\/\/stedelijkmuseumalkmaar.nl\/de\/wp-json\/wp\/v2\/pages\/2352\/revisions\/2390"}],"up":[{"embeddable":true,"href":"https:\/\/stedelijkmuseumalkmaar.nl\/de\/wp-json\/wp\/v2\/pages\/426"}],"wp:featuredmedia":[{"embeddable":true,"href":"https:\/\/stedelijkmuseumalkmaar.nl\/de\/wp-json\/wp\/v2\/media\/2353"}],"wp:attachment":[{"href":"https:\/\/stedelijkmuseumalkmaar.nl\/de\/wp-json\/wp\/v2\/media?parent=2352"}],"curies":[{"name":"wp","href":"https:\/\/api.w.org\/{rel}","templated":true}]}}