{"id":208,"date":"2025-03-11T08:56:09","date_gmt":"2025-03-11T07:56:09","guid":{"rendered":"https:\/\/stedelijkmuseumalkmaar.nl\/?page_id=208"},"modified":"2025-04-15T13:41:08","modified_gmt":"2025-04-15T11:41:08","slug":"erklarung-zum-datenschutz","status":"publish","type":"page","link":"https:\/\/stedelijkmuseumalkmaar.nl\/de\/privacy-statement\/","title":{"rendered":"Erkl\u00e4rung zum Datenschutz"},"content":{"rendered":"<h4 class=\"wp-block-heading has-text-align-center\">Erkl\u00e4rung zum Datenschutz Stichting Stedelijk Museum Alkmaar<\/h4>\n\n\n\n<p>In dieser Datenschutzerkl\u00e4rung informieren wir Sie dar\u00fcber, welche personenbezogenen Daten wir erheben, warum wir sie erheben und was wir mit ihnen tun. Die Stichting Stedelijk Museum Alkmaar (im Folgenden \"Stiftung Stedelijk Museum Alkmaar\" genannt) legt gro\u00dfen Wert darauf, dass Ihre Daten mit Sorgfalt behandelt werden, und sorgt daf\u00fcr, dass die pers\u00f6nlichen Daten, die Sie uns zur Verf\u00fcgung stellen, vertraulich behandelt werden. Kurz gesagt, unsere Datenschutzerkl\u00e4rung l\u00e4uft darauf hinaus, dass wir Ihre personenbezogenen Daten speichern:<\/p>\n\n\n\n<ul class=\"wp-block-list\">\n<li>Verwendung nur f\u00fcr mit Ihnen vereinbarte Zwecke<\/li>\n\n\n\n<li>Wir geben sie nicht ohne Ihre Zustimmung an andere weiter, es sei denn, es besteht eine gesetzliche Verpflichtung.<\/li>\n\n\n\n<li>Sorgf\u00e4ltige Absicherung<\/li>\n<\/ul>\n\n\n\n<p>Wenn Sie Fragen haben, die in dieser Datenschutzerkl\u00e4rung nicht beantwortet werden, wenn Sie Anmerkungen zum Inhalt haben oder wenn Sie sich beschweren m\u00f6chten, w\u00fcrden wir uns gerne mit Ihnen in Verbindung setzen. Verwenden Sie dazu bitte die Kontaktdaten am Ende dieser Datenschutzerkl\u00e4rung.<\/p>\n\n\n\n<p><strong>Umfang der Anwendung<\/strong><br>Diese Datenschutzerkl\u00e4rung gilt f\u00fcr die Website des Stedelijk Museum Alkmaar, unsere Dienstleistungen und die Nutzung der Formulare auf dieser Website.<\/p>\n\n\n\n<p><strong>Von uns verarbeitete personenbezogene Daten<\/strong><br>Das Stedelijk Museum Alkmaar verarbeitet personenbezogene Daten, weil Sie unsere Dienstleistungen in Anspruch nehmen und\/oder weil Sie uns diese Daten selbst zur Verf\u00fcgung stellen. Nachstehend finden Sie einen \u00dcberblick \u00fcber die personenbezogenen Daten, die wir verarbeiten:<\/p>\n\n\n\n<ul class=\"wp-block-list\">\n<li>Vorname und Nachname<\/li>\n\n\n\n<li>Geschlecht<\/li>\n\n\n\n<li>Angaben zur Adresse<\/li>\n\n\n\n<li>Rufnummer<\/li>\n\n\n\n<li>E-Mail Adresse<\/li>\n\n\n\n<li>IP-Adresse<\/li>\n\n\n\n<li>Sonstige personenbezogene Daten, die Sie uns aktiv zur Verf\u00fcgung stellen, z. B. im Schriftverkehr und per Telefon<\/li>\n\n\n\n<li>Internet-Browser und Ger\u00e4tetyp<\/li>\n\n\n\n<li>Kontonummer (bei Lastschriftverfahren)<\/li>\n\n\n\n<li>Abwicklung Ihrer Zahlung<\/li>\n\n\n\n<li>Zusendung unseres Newsletters und\/oder Werbeprospekts<\/li>\n\n\n\n<li>Sie anzurufen oder per E-Mail zu kontaktieren, wenn dies zur Erbringung unserer Dienstleistungen erforderlich ist<\/li>\n\n\n\n<li>Information \u00fcber \u00c4nderungen an unseren Dienstleistungen und Produkten<\/li>\n\n\n\n<li>um Ihnen Waren und Dienstleistungen zu liefern<\/li>\n<\/ul>\n\n\n\n<p><strong>Besondere und\/oder sensible personenbezogene Daten, die wir verarbeiten<\/strong><\/p>\n\n\n\n<p>Das Stedelijk Museum Alkmaar verarbeitet die folgenden besonderen und\/oder sensiblen personenbezogenen Daten \u00fcber Sie:<\/p>\n\n\n\n<ul class=\"wp-block-list\">\n<li>Es werden keine besonderen oder sensiblen Daten verarbeitet.<\/li>\n<\/ul>\n\n\n\n<p><strong>Warum wir diese Daten brauchen<\/strong><br>Das Stedelijk Museum Alkmaar verarbeitet personenbezogene Daten f\u00fcr die folgenden Zwecke:<\/p>\n\n\n\n<ul class=\"wp-block-list\">\n<li>Versenden unseres digitalen Newsletters<\/li>\n\n\n\n<li>Um Ihnen den Link zur Besucherumfrage per E-Mail zukommen lassen zu k\u00f6nnen<\/li>\n\n\n\n<li>Um Sie zu kontaktieren, nachdem Sie ein Website-Formular ausgef\u00fcllt haben<\/li>\n\n\n\n<li>Um Sie anrufen oder eine E-Mail senden zu k\u00f6nnen, wenn sich die von uns angebotenen Dienstleistungen und Produkte \u00e4ndern<\/li>\n\n\n\n<li>Registrierung und Verwaltung von und Kommunikation mit den Freunden\/Beg\u00fcnstigten des Museums<\/li>\n\n\n\n<li>um Ihnen Waren und Dienstleistungen zu liefern<\/li>\n<\/ul>\n\n\n\n<p>Stedelijk Museum Alkmaar analysiert Ihr Verhalten auf der Website, um die Website zu verbessern und das Angebot an Produkten und Dienstleistungen besser auf Ihre Pr\u00e4ferenzen zuzuschneiden.<\/p>\n\n\n\n<p><strong>Wie lange wir Daten aufbewahren<\/strong><br>Das Stedelijk Museum Alkmaar wird Ihre personenbezogenen Daten nicht l\u00e4nger aufbewahren, als es f\u00fcr die oben genannten Zwecke unbedingt erforderlich ist, es sei denn, diese Daten sind erforderlich, um einer gesetzlichen Aufbewahrungspflicht nachzukommen, oder (je nachdem, welcher Zeitraum l\u00e4nger ist) nachdem die Aufbewahrungsfrist gem\u00e4\u00df den geltenden Verhaltensregeln und der beruflichen Praxis abgelaufen ist.<\/p>\n\n\n\n<p><strong>Mit anderen teilen<\/strong><br>Das Stedelijk Museum Alkmaar verkauft Ihre Daten nicht an Dritte, sondern gibt sie nur weiter, wenn dies f\u00fcr die Ausf\u00fchrung des Vertrags und zur Erf\u00fcllung einer gesetzlichen Verpflichtung erforderlich ist. Wir schlie\u00dfen einen Verarbeitungsvertrag mit Unternehmen ab, die Ihre Daten in unserem Auftrag verarbeiten, um das gleiche Ma\u00df an Sicherheit und Vertraulichkeit Ihrer Daten zu gew\u00e4hrleisten. Das Stedelijk Museum Alkmaar bleibt f\u00fcr diese Verarbeitung verantwortlich.<\/p>\n\n\n\n<p><strong>Kartierung des Website-Verkehrs<\/strong><br>Das Stedelijk Museum Alkmaar verwendet funktionale und analytische Cookies. Ein Cookie ist eine kleine Textdatei, die im Browser Ihres Computers, Tablets oder Smartphones gespeichert wird, wenn Sie diese Website zum ersten Mal besuchen. Stedelijk Museum Alkmaar verwendet Cookies mit einer rein technischen Funktion. Diese sorgen daf\u00fcr, dass die Website so funktioniert, wie sie sollte, zum Beispiel, um sich an Ihre Pr\u00e4ferenzen zu erinnern und uns zu helfen, die Website richtig funktionieren zu lassen. Sie erm\u00f6glichen es uns auch, unsere Website zu optimieren. Wir anonymisieren diese Daten, bevor sie verarbeitet werden.<\/p>\n\n\n\n<p>Wir setzen auch Cookies, die Ihr Surfverhalten verfolgen, damit wir Ihnen ma\u00dfgeschneiderte Inhalte und Werbung anbieten k\u00f6nnen. Bei Ihrem ersten Besuch auf unserer Website informieren wir Sie \u00fcber diese Cookies und bitten Sie um Ihre Erlaubnis, sie zu setzen. Sie k\u00f6nnen die Verwendung von Cookies ablehnen, indem Sie Ihren Internet-Browser so einstellen, dass keine Cookies mehr gespeichert werden. Au\u00dferdem k\u00f6nnen Sie \u00fcber die Einstellungen Ihres Browsers alle zuvor gespeicherten Informationen l\u00f6schen.<\/p>\n\n\n\n<p><strong>Daten ansehen, \u00e4ndern oder l\u00f6schen<\/strong><br>Sie haben das Recht, Ihre personenbezogenen Daten einzusehen, zu berichtigen oder zu l\u00f6schen. Sie k\u00f6nnen einen Antrag auf Einsichtnahme, Berichtigung oder L\u00f6schung an folgende Adresse senden <a href=\"mailto:&#105;&#110;f&#111;&#64;&#109;&#117;&#115;e&#117;&#109;&#97;lkmaa&#114;&#46;nl\">info@museumalkmaar.nl<\/a>.<\/p>\n\n\n\n<p>Um sicherzustellen, dass der Antrag auf Einsichtnahme von Ihnen gestellt wird, bitten wir Sie, dem Antrag eine Kopie Ihres Identit\u00e4tsnachweises beizuf\u00fcgen. Bitte schw\u00e4rzen Sie in dieser Kopie Ihr Passfoto, die MRZ (maschinenlesbare Zone, der Zahlenstreifen am unteren Rand des Passes), die Passnummer und die B\u00fcrgerservicenummer (BSN). Dies dient dem Schutz Ihrer Privatsph\u00e4re. Das Stedelijk Museum Alkmaar wird Ihre Anfrage so schnell wie m\u00f6glich, jedoch innerhalb von vier Wochen, beantworten.<\/p>\n\n\n\n<p>Das Stedelijk Museum Alkmaar m\u00f6chte Sie auch dar\u00fcber informieren, dass Sie die M\u00f6glichkeit haben, eine Beschwerde bei der nationalen Aufsichtsbeh\u00f6rde, der Beh\u00f6rde f\u00fcr personenbezogene Daten, einzureichen. Sie k\u00f6nnen dies \u00fcber den folgenden Link tun: <a href=\"https:\/\/autoriteitpersoonsgegevens.nl\/nl\/contact-met-de-autoriteit-persoonsgegevens\/tip-ons\" target=\"_blank\" rel=\"noopener\">https:\/\/autoriteitpersoonsgegevens.nl\/nl\/contact-m&#8230;<\/a><\/p>\n\n\n\n<p><strong>Sicherheit<\/strong><br>Das Stedelijk Museum Alkmaar nimmt den Schutz Ihrer Daten ernst und ergreift geeignete Ma\u00dfnahmen, um Missbrauch, Verlust, unbefugten Zugriff, unerw\u00fcnschte Offenlegung und unbefugte \u00c4nderung zu verhindern. Wenn Sie das Gef\u00fchl haben, dass Ihre Daten noch immer nicht richtig gesichert sind oder es Anzeichen f\u00fcr einen Missbrauch gibt, wenden Sie sich bitte an unseren Kundendienst unter <a href=\"mailto:i&#110;&#102;&#111;&#64;&#109;&#117;seu&#109;a&#108;km&#97;a&#114;.&#110;l\">info@museumalkmaar.nl<\/a>.<\/p>\n\n\n\n<p><strong>Kontakt<\/strong><br>Indien u vragen heeft over dit privacy statement, dan kunt u contact met ons opnemen door te mailen naar &#105;&#110;f&#111;&#64;museum&#97;lkm&#97;&#97;r&#46;&#110;&#108; of een brief te sturen naar:<\/p>\n\n\n\n<p>Stiftung Stedelijk Museum Alkmaar<br>Canadaplein 1<br>1811 KE Alkmaar<br>072-5489789<\/p>\n\n\n\n<p><a href=\"https:\/\/stedelijkmuseumalkmaar.nl\/de\/:\/\/www.stedelijkmuseumalkmaar.nl\/\">www.stedelijkmuseumalkmaar.nl<\/a><\/p>\n\n\n\n<p><\/p>","protected":false},"excerpt":{"rendered":"<p>Datenschutzerkl\u00e4rung Stichting Stedelijk Museum Alkmaar In dieser Datenschutzerkl\u00e4rung informieren wir Sie dar\u00fcber, welche personenbezogenen Daten wir erheben, warum wir diese Daten erheben und was wir mit ihnen tun. Die Stichting Stedelijk Museum Alkmaar (im Folgenden Stiftung Stedelijk Museum Alkmaar\" genannt) legt Wert auf einen sorgf\u00e4ltigen Umgang mit Ihren Daten und sorgt daf\u00fcr, dass personenbezogene Daten<a class=\"excerpt-read-more\" href=\"https:\/\/stedelijkmuseumalkmaar.nl\/de\/privacy-statement\/\" title=\"Mehr lesenDatenschutzerkl\u00e4rung\">... Mehr lesen \"<\/a><\/p>","protected":false},"author":1,"featured_media":25,"parent":0,"menu_order":61,"comment_status":"closed","ping_status":"closed","template":"","meta":{"_acf_changed":false,"inline_featured_image":false,"footnotes":""},"class_list":["post-208","page","type-page","status-publish","has-post-thumbnail","hentry"],"acf":[],"_links":{"self":[{"href":"https:\/\/stedelijkmuseumalkmaar.nl\/de\/wp-json\/wp\/v2\/pages\/208","targetHints":{"allow":["GET"]}}],"collection":[{"href":"https:\/\/stedelijkmuseumalkmaar.nl\/de\/wp-json\/wp\/v2\/pages"}],"about":[{"href":"https:\/\/stedelijkmuseumalkmaar.nl\/de\/wp-json\/wp\/v2\/types\/page"}],"author":[{"embeddable":true,"href":"https:\/\/stedelijkmuseumalkmaar.nl\/de\/wp-json\/wp\/v2\/users\/1"}],"replies":[{"embeddable":true,"href":"https:\/\/stedelijkmuseumalkmaar.nl\/de\/wp-json\/wp\/v2\/comments?post=208"}],"version-history":[{"count":2,"href":"https:\/\/stedelijkmuseumalkmaar.nl\/de\/wp-json\/wp\/v2\/pages\/208\/revisions"}],"predecessor-version":[{"id":1029,"href":"https:\/\/stedelijkmuseumalkmaar.nl\/de\/wp-json\/wp\/v2\/pages\/208\/revisions\/1029"}],"wp:featuredmedia":[{"embeddable":true,"href":"https:\/\/stedelijkmuseumalkmaar.nl\/de\/wp-json\/wp\/v2\/media\/25"}],"wp:attachment":[{"href":"https:\/\/stedelijkmuseumalkmaar.nl\/de\/wp-json\/wp\/v2\/media?parent=208"}],"curies":[{"name":"wp","href":"https:\/\/api.w.org\/{rel}","templated":true}]}}