{"id":1435,"date":"2025-07-26T14:20:04","date_gmt":"2025-07-26T12:20:04","guid":{"rendered":"https:\/\/stedelijkmuseumalkmaar.nl\/?page_id=1435"},"modified":"2025-08-15T14:04:10","modified_gmt":"2025-08-15T12:04:10","slug":"haufig-gestellte-fragen","status":"publish","type":"page","link":"https:\/\/stedelijkmuseumalkmaar.nl\/de\/veelgestelde-vragen\/","title":{"rendered":"H\u00e4ufig gestellte Fragen"},"content":{"rendered":"<p>Haben Sie eine Frage zu Ihrem Besuch, zu Eintrittskarten, Ausstellungen oder anderen praktischen Dingen? Auf dieser Seite finden Sie schnell die Antwort auf die am h\u00e4ufigsten gestellten Fragen.<\/p>\n\n\n\n<p>Ist Ihre Frage hier nicht aufgef\u00fchrt? Dann kontaktieren Sie uns bitte \u00fcber<a href=\"mailto: i&#110;fo&#64;&#109;u&#115;&#101;um&#97;l&#107;m&#97;ar.n&#108;\">info@museumalkmaar.nl<\/a>.  Wir helfen Ihnen gerne weiter.<\/p>\n\n\n\n<section class=\"faq wp-block alignfull bg-light\" id=\"faq-block_9d43c4138b28acf2c49229c4aaaa595d\">\n\t<div class=\"row align-center\">\n\t\t<div class=\"column large-8 small-12\">\n\t\t\t<h2 class=\"faq__title\">H\u00e4ufig gestellte Fragen<\/h2>\t\t\t\t\t<\/div>\n\t\t\t\t\t<div class=\"column small-12 large-8 faq-items\">\n\t\t\t\t\t\t\t\t\t\t\t\t\t\t\t\t\t\t\t\t\t\t\t\t\t\t\t<div class=\"faq__item\">\n\t\t\t\t\t\t\t\t\t\t\t\t\t\t\t\t\t<div class=\"faq__question\" aria-expanded=\"false\">\n\t\t\t\t\t\t\t\t\t\t<h4 class=\"h5\">Wann ist das Museum ge\u00f6ffnet und wie kann ich Eintrittskarten kaufen?<\/h4>\n\t\t\t\t\t\t\t\t\t<\/div>\n\t\t\t\t\t\t\t\t\t\t\t\t\t\t\t\t\t\t\t\t\t\t\t\t\t<div class=\"faq__answer mb-0\"><p>Das Museum ist von Dienstag bis Sonntag von 11 bis 17 Uhr ge\u00f6ffnet. Montags, am K\u00f6nigstag, an Weihnachten und am Neujahrstag ist das Museum geschlossen.<\/p>\n<p>Tickets k\u00f6nnen ganz einfach online \u00fcber die Website \u2018<a href=\"https:\/\/tickets.stedelijkmuseumalkmaar.nl\/#\/tickets\/tickets\" style=\"color: #FFFFFF\">Tickets kaufen<\/a>\u2019 oder an der Kasse.<\/p>\n<\/div>\n\t\t\t\t\t\t\t\t\t\t\t\t\t\t\t<\/div>\n\t\t\t\t\t\t\t\t\t\t\t\t\t<div class=\"faq__item\">\n\t\t\t\t\t\t\t\t\t\t\t\t\t\t\t\t\t<div class=\"faq__question\" aria-expanded=\"false\">\n\t\t\t\t\t\t\t\t\t\t<h4 class=\"h5\">Was kostet eine Fahrkarte?<\/h4>\n\t\t\t\t\t\t\t\t\t<\/div>\n\t\t\t\t\t\t\t\t\t\t\t\t\t\t\t\t\t\t\t\t\t\t\t\t\t<div class=\"faq__answer mb-0\"><p>Die aktuellen Eintrittspreise finden Sie auf der Seite <a href=\"https:\/\/stedelijkmuseumalkmaar.nl\/de\/planen-sie-ihren-besuch\/zeiten-und-preise\/\" data-auth=\"NotApplicable\" style=\"color: #FFFFFF\">\u2018Zeiten und Preise\u2019<\/a><a href=\"https:\/\/stedelijkmuseumalkmaar.nl\/de\/planen-sie-ihren-besuch\/zeiten-und-preise\/\" style=\"color: #FFFFFF\" data-auth=\"NotApplicable\">\u00a0<\/a>auf unserer Website.\u00a0<\/p>\n<p>Hier finden Sie auch andere Besucherbedingungen. So sorgen wir daf\u00fcr, dass sich jeder im Museum wohlf\u00fchlt.<\/p>\n<\/div>\n\t\t\t\t\t\t\t\t\t\t\t\t\t\t\t<\/div>\n\t\t\t\t\t\t\t\t\t\t\t\t\t<div class=\"faq__item\">\n\t\t\t\t\t\t\t\t\t\t\t\t\t\t\t\t\t<div class=\"faq__question\" aria-expanded=\"false\">\n\t\t\t\t\t\t\t\t\t\t<h4 class=\"h5\">Ist das Museum f\u00fcr Menschen mit Behinderungen zug\u00e4nglich?<\/h4>\n\t\t\t\t\t\t\t\t\t<\/div>\n\t\t\t\t\t\t\t\t\t\t\t\t\t\t\t\t\t\t\t\t\t\t\t\t\t<div class=\"faq__answer mb-0\"><p>Aber sicher! Das Museum ist leicht zug\u00e4nglich. Es gibt eine Rampe am Eingang, einen Aufzug zu allen Etagen, eine behindertengerechte Toilette im Erdgeschoss und zwei Rollst\u00fchle stehen zur Verf\u00fcgung. <\/p>\n<p>Begleitpersonen von Besuchern mit Behinderungen haben freien Eintritt. Sie k\u00f6nnen einen Rollstuhl oder Klappstuhl unter der Telefonnummer 072-5489789 reservieren. Assistenzhunde sind im Museum erlaubt.  Unbegleitete Hunde sind nicht erlaubt.<\/p>\n<\/div>\n\t\t\t\t\t\t\t\t\t\t\t\t\t\t\t<\/div>\n\t\t\t\t\t\t\t\t\t\t\t\t\t<div class=\"faq__item\">\n\t\t\t\t\t\t\t\t\t\t\t\t\t\t\t\t\t<div class=\"faq__question\" aria-expanded=\"false\">\n\t\t\t\t\t\t\t\t\t\t<h4 class=\"h5\">Kann ich im Museum Fotos machen?<\/h4>\n\t\t\t\t\t\t\t\t\t<\/div>\n\t\t\t\t\t\t\t\t\t\t\t\t\t\t\t\t\t\t\t\t\t\t\t\t\t<div class=\"faq__answer mb-0\"><p>Fotografieren ohne Blitz und Stativ ist erlaubt, sofern bei einer bestimmten Ausstellung nicht anders angegeben. F\u00fcr die kommerzielle Nutzung oder professionelle Aufnahmen ist eine vorherige schriftliche Genehmigung erforderlich. Bitte kontaktieren Sie uns \u00fcber <a href=\"mailto:pe&#114;&#115;&#64;&#109;&#117;s&#101;&#117;&#109;alk&#109;aar&#46;nl\" style=\"color: #FFFFFF\">pers@museumalkmaar.nl<\/a><\/p>\n<\/div>\n\t\t\t\t\t\t\t\t\t\t\t\t\t\t\t<\/div>\n\t\t\t\t\t\t\t\t\t\t\t\t\t<div class=\"faq__item\">\n\t\t\t\t\t\t\t\t\t\t\t\t\t\t\t\t\t<div class=\"faq__question\" aria-expanded=\"false\">\n\t\t\t\t\t\t\t\t\t\t<h4 class=\"h5\">Gibt es F\u00fchrungen oder andere Aktivit\u00e4ten?<\/h4>\n\t\t\t\t\t\t\t\t\t<\/div>\n\t\t\t\t\t\t\t\t\t\t\t\t\t\t\t\t\t\t\t\t\t\t\t\t\t<div class=\"faq__answer mb-0\"><p>Ja, es werden regelm\u00e4\u00dfig F\u00fchrungen, Workshops und Familienaktivit\u00e4ten organisiert. Besuchen Sie die <a href=\"https:\/\/stedelijkmuseumalkmaar.nl\/de\/planen-sie-ihren-besuch\/aktivitaten\/\" style=\"color: #FFFFFF\" data-auth=\"NotApplicable\">\u2018Aktivit\u00e4ten\u2019.\u2019<\/a><a href=\"https:\/\/stedelijkmuseumalkmaar.nl\/de\/planen-sie-ihren-besuch\/aktivitaten\/\" style=\"color: #FFFFFF\"data-auth=\"NotApplicable\">\u00a0<\/a>oder kontaktieren Sie uns unter <a href=\"mailto:&#114;&#101;&#115;&#101;&#114;&#118;eren&#64;&#109;use&#117;&#109;a&#108;k&#109;a&#97;r&#46;&#110;&#108;\" style=\"color: #FFFFFF\">reserveren@museumalkmaar.nl<\/a>\u00a0f\u00fcr weitere Informationen oder eine ma\u00dfgeschneiderte Tour.<\/p>\n<\/div>\n\t\t\t\t\t\t\t\t\t\t\t\t\t\t\t<\/div>\n\t\t\t\t\t\t\t\t\t\t\t\t\t<div class=\"faq__item\">\n\t\t\t\t\t\t\t\t\t\t\t\t\t\t\t\t\t<div class=\"faq__question\" aria-expanded=\"false\">\n\t\t\t\t\t\t\t\t\t\t<h4 class=\"h5\">Kann ich Essen und Trinken mitbringen?<\/h4>\n\t\t\t\t\t\t\t\t\t<\/div>\n\t\t\t\t\t\t\t\t\t\t\t\t\t\t\t\t\t\t\t\t\t\t\t\t\t<div class=\"faq__answer mb-0\"><p>Speisen und Getr\u00e4nke d\u00fcrfen nur im Foyer verzehrt werden. Dar\u00fcber hinaus k\u00f6nnen Sie nat\u00fcrlich unser Museumscaf\u00e9 f\u00fcr Mittagessen, Kaffee und etwas S\u00fc\u00dfes besuchen.<\/p>\n<\/div>\n\t\t\t\t\t\t\t\t\t\t\t\t\t\t\t<\/div>\n\t\t\t\t\t\t\t\t\t\t\t\t\t<div class=\"faq__item\">\n\t\t\t\t\t\t\t\t\t\t\t\t\t\t\t\t\t<div class=\"faq__question\" aria-expanded=\"false\">\n\t\t\t\t\t\t\t\t\t\t<h4 class=\"h5\">Wo kann ich parken und wie komme ich zum Museum?<\/h4>\n\t\t\t\t\t\t\t\t\t<\/div>\n\t\t\t\t\t\t\t\t\t\t\t\t\t\t\t\t\t\t\t\t\t\t\t\t\t<div class=\"faq__answer mb-0\"><p>Der Canada Square ist nur mit dem Auto vor 11 Uhr oder mit einem Parkausweis zu erreichen. Im Bereich der Molenbuurt gibt es Behindertenparkpl\u00e4tze. Steigen Sie bei der Bibliothek in der Gasthuisstraat aus, etwa 100 Meter vom Eingang entfernt. Dieser Eingang ist \u00fcber eine Rampe zug\u00e4nglich. Die Seite anzeigen <a href=\"https:\/\/stedelijkmuseumalkmaar.nl\/de\/parkplatz\/\" style=\"color: #FFFFFF\" data-auth=\"NotApplicable\">\u2018Parken<\/a>\u2018 f\u00fcr weitere Informationen. Sie m\u00f6chten lieber mit dem Fahrrad fahren? Es gibt einen \u00fcberdachten Fahrradschuppen unter dem Canadaplein.<\/p>\n<\/div>\n\t\t\t\t\t\t\t\t\t\t\t\t\t\t\t<\/div>\n\t\t\t\t\t\t\t\t\t\t\t\t\t<div class=\"faq__item\">\n\t\t\t\t\t\t\t\t\t\t\t\t\t\t\t\t\t<div class=\"faq__question\" aria-expanded=\"false\">\n\t\t\t\t\t\t\t\t\t\t<h4 class=\"h5\">Was gibt es in der st\u00e4ndigen Sammlung zu sehen?<\/h4>\n\t\t\t\t\t\t\t\t\t<\/div>\n\t\t\t\t\t\t\t\t\t\t\t\t\t\t\t\t\t\t\t\t\t\t\t\t\t<div class=\"faq__answer mb-0\"><p>In unserer Dauerausstellung<a href=\"https:\/\/stedelijkmuseumalkmaar.nl\/de\/ausstellung\/alle-alkmaar\/\" style=\"color: #FFFFFF\"data-auth=\"NotApplicable\">\u00a0\u2018<\/a><strong><a href=\"https:\/\/stedelijkmuseumalkmaar.nl\/de\/ausstellung\/alle-alkmaar\/\" style=\"color: #FFFFFF\" data-auth=\"NotApplicable\">Alle Alkmaar<\/a>\u2018<\/strong>\u00a0Entdecken Sie die Jahrhunderte der Alkmaarer Geschichte, mit Meisterwerken von C\u00e4sar van Everdingen, Pieter Saenredam und anderen. Dar\u00fcber hinaus zeigt das Stedelijk Museum Alkmaar eine Dauerausstellung \u00fcber die<strong><a href=\"https:\/\/stedelijkmuseumalkmaar.nl\/de\/ausstellung\/die-bergschule\/\" style=\"color: #FFFFFF\" data-auth=\"NotApplicable\">\u00a0Schule in Bergen<\/a>.<\/strong><\/p>\n<\/div>\n\t\t\t\t\t\t\t\t\t\t\t\t\t\t\t<\/div>\n\t\t\t\t\t\t\t\t\t\t\t\t\t<div class=\"faq__item\">\n\t\t\t\t\t\t\t\t\t\t\t\t\t\t\t\t\t<div class=\"faq__question\" aria-expanded=\"false\">\n\t\t\t\t\t\t\t\t\t\t<h4 class=\"h5\">Welche Wechselausstellungen sind jetzt und in K\u00fcrze zu sehen?<\/h4>\n\t\t\t\t\t\t\t\t\t<\/div>\n\t\t\t\t\t\t\t\t\t\t\t\t\t\t\t\t\t\t\t\t\t\t\t\t\t<div class=\"faq__answer mb-0\"><p>Derzeit ist die Ausstellung <strong>\u201cSehnsucht nach Egmond\u201d<\/strong>\u00a0zu sehen (28. Juni - 2. November 2025), einschlie\u00dflich kostenloser F\u00fchrungen. Ab 4. Dezember k\u00f6nnen Sie die Ausstellungen besuchen <strong>\u2018Alkmaar im Blickpunkt\u2019.\u2019<\/strong>\u00a0&amp;<strong>\u00a0\u2018Marc Ruyrok<\/strong>\u2018 Ansicht.<\/p>\n<\/div>\n\t\t\t\t\t\t\t\t\t\t\t\t\t\t\t<\/div>\n\t\t\t\t\t\t\t\t\t\t\t\t\t<div class=\"faq__item\">\n\t\t\t\t\t\t\t\t\t\t\t\t\t\t\t\t\t<div class=\"faq__question\" aria-expanded=\"false\">\n\t\t\t\t\t\t\t\t\t\t<h4 class=\"h5\">Kann ich eine F\u00fchrung f\u00fcr Kinder oder Schulen buchen?<\/h4>\n\t\t\t\t\t\t\t\t\t<\/div>\n\t\t\t\t\t\t\t\t\t\t\t\t\t\t\t\t\t\t\t\t\t\t\t\t\t<div class=\"faq__answer mb-0\"><p>Sicher! Wir bieten Bildungsprogramme f\u00fcr die Primarstufe, die Sekundarstufe, MBO, HBO und NT2. Au\u00dferdem gibt es lustige Kinderaktivit\u00e4ten f\u00fcr Familien. Mail an <a href=\"mailto:r&#101;&#115;&#101;&#114;&#118;ere&#110;&#64;m&#117;&#115;e&#117;m&#97;l&#107;ma&#97;r.nl\" style=\"color: #FFFFFF\">reserveren@museumalkmaar.nl<\/a>\u00a0f\u00fcr weitere Informationen oder um etwas zu buchen.<\/p>\n<\/div>\n\t\t\t\t\t\t\t\t\t\t\t\t\t\t\t<\/div>\n\t\t\t\t\t\t\t\t\t\t\t\t\t<div class=\"faq__item\">\n\t\t\t\t\t\t\t\t\t\t\t\t\t\t\t\t\t<div class=\"faq__question\" aria-expanded=\"false\">\n\t\t\t\t\t\t\t\t\t\t<h4 class=\"h5\">Wie kann ich das Museum unterst\u00fctzen?<\/h4>\n\t\t\t\t\t\t\t\t\t<\/div>\n\t\t\t\t\t\t\t\t\t\t\t\t\t\t\t\t\t\t\t\t\t\t\t\t\t<div class=\"faq__answer mb-0\"><p>Werden Sie ein Freund des Museums, machen Sie eine einmalige Spende oder unterst\u00fctzen Sie uns durch ein Verm\u00e4chtnis. Auf der <a href=\"https:\/\/stedelijkmuseumalkmaar.nl\/de\/uns-unterstutzen\/\" style=\"color: #FFFFFF\">\u2018Unterst\u00fctzen Sie uns\u2019.\u2019<\/a>\u00a0lesen Sie, wie Sie zum Museum beitragen k\u00f6nnen.<\/p>\n<\/div>\n\t\t\t\t\t\t\t\t\t\t\t\t\t\t\t<\/div>\n\t\t\t\t\t\t\t\t\t\t\t\t\t<div class=\"faq__item\">\n\t\t\t\t\t\t\t\t\t\t\t\t\t\t\t\t\t<div class=\"faq__question\" aria-expanded=\"false\">\n\t\t\t\t\t\t\t\t\t\t<h4 class=\"h5\">Wie kann ich das Museum kontaktieren?<\/h4>\n\t\t\t\t\t\t\t\t\t<\/div>\n\t\t\t\t\t\t\t\t\t\t\t\t\t\t\t\t\t\t\t\t\t\t\t\t\t<div class=\"faq__answer mb-0\"><p>Sie finden uns am Canadaplein 1, 1811 KE Alkmaar.  Sie k\u00f6nnen uns erreichen unter 072-5489789 <strong>zwischen 11.00 und 17.00 Uhr<\/strong>\u00a0\u00a0oder per Post an <a href=\"mailto:&#105;&#110;&#102;o&#64;&#109;us&#101;u&#109;&#97;&#108;&#107;&#109;a&#97;&#114;&#46;n&#108;\" style=\"color: #FFFFFF\">info@museumalkmaar.nl<\/a>. F\u00fcr Gruppenbesuche oder F\u00fchrungen: <a href=\"mailto:&#114;e&#115;e&#114;&#118;&#101;re&#110;&#64;&#109;us&#101;uma&#108;&#107;m&#97;ar&#46;&#110;&#108;\" style=\"color: #FFFFFF\">reserveren@museumalkmaar.nl<\/a>.<\/p>\n<\/div>\n\t\t\t\t\t\t\t\t\t\t\t\t\t\t\t<\/div>\n\t\t\t\t\t\t\t\t\t\t\t\t\t\t\t\t\t\t<\/div>\n\t\t\t<\/div>\n<\/section>\n\n\n\t<section class=\"item-list wp-block alignfull\" id=\"item-list-block_fdf528d11be21839f6cb3489b2ab3aa6\">\n\t\t<div class=\"row\">\n\t\t\t<div class=\"column\">\n\t\t\t\t\t\t\t\t\t\t\t<\/div>\n\t\t<\/div>\n\t\t<div class=\"row small-up-1 medium-up-2 large-up-3 flex-grow\">\n\t\t\t\t\t\t\t<div class=\"column\">\n\t\t\t\t\t<a href=\"https:\/\/stedelijkmuseumalkmaar.nl\/de\/over-het-museum\/zakelijke-verhuur\/\"\n\t\t\t\t\t\tclass=\"card\">\n\t\t\t\t\t\t<div class=\"card__image\">\n\t\t\t\t\t\t\t<img class=\"lazyload aspect-ratio-6-4\" data-src=\"https:\/\/stedelijkmuseumalkmaar.nl\/wp-content\/uploads\/2025\/04\/zakelijke-verhuur-stedelijk-museum-alkmaar-zaal-600x400.jpg\" alt=\"gesch\u00e4ftsmiete stedelijk museum alkmaar hall\" \/>\n\t\t\t\t\t\t\t<span class=\"lees-verder\">Mehr lesen<\/span>\n\t\t\t\t\t\t<\/div>\n\t\t\t\t\t\t<div class=\"card__content\">\n\t\t\t\t\t\t\t<h4 class=\"card__title\">Miete f\u00fcr Unternehmen<\/h4>\n\t\t\t\t\t\t\t\t\t\t\t\t\t\t\t<h6 class=\"card__subtitle\">Treffen im Museum <\/h6>\n\t\t\t\t\t\t\t\t\t\t\t\t\t<\/div>\n\t\t\t\t\t<\/a>\n\t\t\t\t<\/div>\n\t\t\t\t\t\t\t<div class=\"column\">\n\t\t\t\t\t<a href=\"https:\/\/stedelijkmuseumalkmaar.nl\/de\/over-het-museum\/museumwinkel\/\"\n\t\t\t\t\t\tclass=\"card\">\n\t\t\t\t\t\t<div class=\"card__image\">\n\t\t\t\t\t\t\t<img class=\"lazyload aspect-ratio-6-4\" data-src=\"https:\/\/stedelijkmuseumalkmaar.nl\/wp-content\/uploads\/2025\/04\/museum-winkel-stedelijk-museum-alkmaar-600x400.jpg\" alt=\"museumsshop stedelijk museum alkmaar\" \/>\n\t\t\t\t\t\t\t<span class=\"lees-verder\">Mehr lesen<\/span>\n\t\t\t\t\t\t<\/div>\n\t\t\t\t\t\t<div class=\"card__content\">\n\t\t\t\t\t\t\t<h4 class=\"card__title\">Museumsshop<\/h4>\n\t\t\t\t\t\t\t\t\t\t\t\t\t\t\t<h6 class=\"card__subtitle\">Treffen im Museum <\/h6>\n\t\t\t\t\t\t\t\t\t\t\t\t\t<\/div>\n\t\t\t\t\t<\/a>\n\t\t\t\t<\/div>\n\t\t\t\t\t\t\t<div class=\"column\">\n\t\t\t\t\t<a href=\"https:\/\/stedelijkmuseumalkmaar.nl\/de\/over-het-museum\/pers\/\"\n\t\t\t\t\t\tclass=\"card\">\n\t\t\t\t\t\t<div class=\"card__image\">\n\t\t\t\t\t\t\t<img class=\"lazyload aspect-ratio-6-4\" data-src=\"https:\/\/stedelijkmuseumalkmaar.nl\/wp-content\/uploads\/2025\/04\/foyer-stedelijk-museum-alkmaar-600x400.jpg\" alt=\"foyer stedelijk museum alkmaar\" \/>\n\t\t\t\t\t\t\t<span class=\"lees-verder\">Mehr lesen<\/span>\n\t\t\t\t\t\t<\/div>\n\t\t\t\t\t\t<div class=\"card__content\">\n\t\t\t\t\t\t\t<h4 class=\"card__title\">Presse<\/h4>\n\t\t\t\t\t\t\t\t\t\t\t\t\t<\/div>\n\t\t\t\t\t<\/a>\n\t\t\t\t<\/div>\n\t\t\t\t\t\t\t<div class=\"column\">\n\t\t\t\t\t<a href=\"https:\/\/stedelijkmuseumalkmaar.nl\/de\/over-het-museum\/museumcafe\/\"\n\t\t\t\t\t\tclass=\"card\">\n\t\t\t\t\t\t<div class=\"card__image\">\n\t\t\t\t\t\t\t<img class=\"lazyload aspect-ratio-6-4\" data-src=\"https:\/\/stedelijkmuseumalkmaar.nl\/wp-content\/uploads\/2025\/04\/museum-cafe-stedelijk-museum-alkmaar-1-600x400.jpg\" alt=\"museum cafe stadtmuseum alkmaar\" \/>\n\t\t\t\t\t\t\t<span class=\"lees-verder\">Mehr lesen<\/span>\n\t\t\t\t\t\t<\/div>\n\t\t\t\t\t\t<div class=\"card__content\">\n\t\t\t\t\t\t\t<h4 class=\"card__title\">Museumscaf\u00e9<\/h4>\n\t\t\t\t\t\t\t\t\t\t\t\t\t\t\t<h6 class=\"card__subtitle\">Treffen im Museum <\/h6>\n\t\t\t\t\t\t\t\t\t\t\t\t\t<\/div>\n\t\t\t\t\t<\/a>\n\t\t\t\t<\/div>\n\t\t\t\t\t\t\t<div class=\"column\">\n\t\t\t\t\t<a href=\"https:\/\/stedelijkmuseumalkmaar.nl\/de\/over-het-museum\/organisatie\/\"\n\t\t\t\t\t\tclass=\"card\">\n\t\t\t\t\t\t<div class=\"card__image\">\n\t\t\t\t\t\t\t<img class=\"lazyload aspect-ratio-6-4\" data-src=\"https:\/\/stedelijkmuseumalkmaar.nl\/wp-content\/uploads\/2025\/04\/organisatie-en-team-stedelijk-museum-alkmaar-600x400.jpg\" alt=\"organisation und team stedelijk museum alkmaar\" \/>\n\t\t\t\t\t\t\t<span class=\"lees-verder\">Mehr lesen<\/span>\n\t\t\t\t\t\t<\/div>\n\t\t\t\t\t\t<div class=\"card__content\">\n\t\t\t\t\t\t\t<h4 class=\"card__title\">Organisation und Team<\/h4>\n\t\t\t\t\t\t\t\t\t\t\t\t\t\t\t<h6 class=\"card__subtitle\">Treffen im Museum <\/h6>\n\t\t\t\t\t\t\t\t\t\t\t\t\t<\/div>\n\t\t\t\t\t<\/a>\n\t\t\t\t<\/div>\n\t\t\t\t\t\t\t<div class=\"column\">\n\t\t\t\t\t<a href=\"https:\/\/stedelijkmuseumalkmaar.nl\/de\/over-het-museum\/de-jonge-lichting\/\"\n\t\t\t\t\t\tclass=\"card\">\n\t\t\t\t\t\t<div class=\"card__image\">\n\t\t\t\t\t\t\t<img class=\"lazyload aspect-ratio-6-4\" data-src=\"https:\/\/stedelijkmuseumalkmaar.nl\/wp-content\/uploads\/2026\/01\/Groepsfoto-1-DJL-25-26-600x400.jpg\" alt=\"\" \/>\n\t\t\t\t\t\t\t<span class=\"lees-verder\">Mehr lesen<\/span>\n\t\t\t\t\t\t<\/div>\n\t\t\t\t\t\t<div class=\"card__content\">\n\t\t\t\t\t\t\t<h4 class=\"card__title\">Die junge Gr\u00fcnderin<\/h4>\n\t\t\t\t\t\t\t\t\t\t\t\t\t\t\t<h6 class=\"card__subtitle\">Treffen im Museum <\/h6>\n\t\t\t\t\t\t\t\t\t\t\t\t\t<\/div>\n\t\t\t\t\t<\/a>\n\t\t\t\t<\/div>\n\t\t\t\t\t\t\t<div class=\"column\">\n\t\t\t\t\t<a href=\"https:\/\/stedelijkmuseumalkmaar.nl\/de\/over-het-museum\/raad-van-toezicht-leden\/\"\n\t\t\t\t\t\tclass=\"card\">\n\t\t\t\t\t\t<div class=\"card__image\">\n\t\t\t\t\t\t\t<img class=\"lazyload aspect-ratio-6-4\" data-src=\"https:\/\/stedelijkmuseumalkmaar.nl\/wp-content\/uploads\/2025\/03\/Schutterszaal-AA.b4ec21f39ce668523aa923b3d3d5a5fb-600x400.jpg\" alt=\"\" \/>\n\t\t\t\t\t\t\t<span class=\"lees-verder\">Mehr lesen<\/span>\n\t\t\t\t\t\t<\/div>\n\t\t\t\t\t\t<div class=\"card__content\">\n\t\t\t\t\t\t\t<h4 class=\"card__title\">Mitglieder des Aufsichtsrates<\/h4>\n\t\t\t\t\t\t\t\t\t\t\t\t\t\t\t<h6 class=\"card__subtitle\">Treffen im Museum <\/h6>\n\t\t\t\t\t\t\t\t\t\t\t\t\t<\/div>\n\t\t\t\t\t<\/a>\n\t\t\t\t<\/div>\n\t\t\t\t\t\t\t<div class=\"column\">\n\t\t\t\t\t<a href=\"https:\/\/stedelijkmuseumalkmaar.nl\/de\/over-het-museum\/jaarverslagen\/\"\n\t\t\t\t\t\tclass=\"card\">\n\t\t\t\t\t\t<div class=\"card__image\">\n\t\t\t\t\t\t\t<img class=\"lazyload aspect-ratio-6-4\" data-src=\"https:\/\/stedelijkmuseumalkmaar.nl\/wp-content\/uploads\/2025\/04\/Nepnieuws-stedelijk-museum-alkmaar-600x400.jpg\" alt=\"Fake News Stadtmuseum Alkmaar\" \/>\n\t\t\t\t\t\t\t<span class=\"lees-verder\">Mehr lesen<\/span>\n\t\t\t\t\t\t<\/div>\n\t\t\t\t\t\t<div class=\"card__content\">\n\t\t\t\t\t\t\t<h4 class=\"card__title\">Jahresberichte<\/h4>\n\t\t\t\t\t\t\t\t\t\t\t\t\t<\/div>\n\t\t\t\t\t<\/a>\n\t\t\t\t<\/div>\n\t\t\t\t\t\t\t<div class=\"column\">\n\t\t\t\t\t<a href=\"https:\/\/stedelijkmuseumalkmaar.nl\/de\/over-het-museum\/vacatures\/\"\n\t\t\t\t\t\tclass=\"card\">\n\t\t\t\t\t\t<div class=\"card__image\">\n\t\t\t\t\t\t\t<img class=\"lazyload aspect-ratio-6-4\" data-src=\"https:\/\/stedelijkmuseumalkmaar.nl\/wp-content\/uploads\/2025\/04\/Stedelijk-Museum-Alkmaar-gevel-600x400.jpg\" alt=\"Fassade des Stedelijk Museum Alkmaar\" \/>\n\t\t\t\t\t\t\t<span class=\"lees-verder\">Mehr lesen<\/span>\n\t\t\t\t\t\t<\/div>\n\t\t\t\t\t\t<div class=\"card__content\">\n\t\t\t\t\t\t\t<h4 class=\"card__title\">Offene Stellen<\/h4>\n\t\t\t\t\t\t\t\t\t\t\t\t\t<\/div>\n\t\t\t\t\t<\/a>\n\t\t\t\t<\/div>\n\t\t\t\t\t<\/div>\n\t<\/section>\n\n\n\n<section class=\"wp-block bg-gray links alignfull\" id=\"faq-block_3d64e6423550908b10608a511768a3e5\">\n\t\t\t<div class=\"row text-center align-center\">\n\t\t\t<div class=\"column small-12 large-12\">\n\t\t\t\t<div class=\"mb-m\">\n\t\t\t\t\t\t\t\t\t\t\t<h2 class=\"item-list__title\"> gehen zu<\/h2>\n\t\t\t\t\t\t\t\t\t<\/div>\n\t\t\t<\/div>\n\t\t<\/div>\n\t\t\t\t<div class=\"row text-center align-center\">\n\t\t\t<div class=\"columns\">\n\t\t\t\t<div class=\"button-group\">\n\t\t\t\t\t\t\t\t\t\t\t\t\t\t\t\t\t<a href=\"#\" target=\"\" class=\"button button--black\">Planen Sie Ihren Besuch<\/a>\n\t\t\t\t\t\t\t\t\t\t\t\t\t\t\t\t\t<a href=\"https:\/\/stedelijkmuseumalkmaar.nl\/de\/jetzt-zu-sehen\/\" target=\"\" class=\"button button--black\">jetzt zu sehen<\/a>\n\t\t\t\t\t\t\t\t\t\t\t\t\t\t\t\t\t<a href=\"#\" target=\"\" class=\"button button--black\">\u00dcber das Museum<\/a>\n\t\t\t\t\t\t\t\t\t<\/div>\n\t\t\t<\/div>\n\t\t<\/div>\n\t<\/section>","protected":false},"excerpt":{"rendered":"<p>Heb je een vraag over je bezoek, tickets, tentoonstellingen of andere praktische zaken? Op deze pagina vind je snel het antwoord op de meest gestelde vragen. Staat je vraag er niet tussen? Neem dan gerust contact met ons op via i&#110;&#102;&#111;&#64;mu&#115;&#101;&#117;m&#97;l&#107;m&#97;ar&#46;nl. We helpen je graag verder.<\/p>","protected":false},"author":4,"featured_media":427,"parent":0,"menu_order":21,"comment_status":"closed","ping_status":"closed","template":"","meta":{"_acf_changed":false,"inline_featured_image":false,"footnotes":""},"class_list":["post-1435","page","type-page","status-publish","has-post-thumbnail","hentry"],"acf":[],"_links":{"self":[{"href":"https:\/\/stedelijkmuseumalkmaar.nl\/de\/wp-json\/wp\/v2\/pages\/1435","targetHints":{"allow":["GET"]}}],"collection":[{"href":"https:\/\/stedelijkmuseumalkmaar.nl\/de\/wp-json\/wp\/v2\/pages"}],"about":[{"href":"https:\/\/stedelijkmuseumalkmaar.nl\/de\/wp-json\/wp\/v2\/types\/page"}],"author":[{"embeddable":true,"href":"https:\/\/stedelijkmuseumalkmaar.nl\/de\/wp-json\/wp\/v2\/users\/4"}],"replies":[{"embeddable":true,"href":"https:\/\/stedelijkmuseumalkmaar.nl\/de\/wp-json\/wp\/v2\/comments?post=1435"}],"version-history":[{"count":9,"href":"https:\/\/stedelijkmuseumalkmaar.nl\/de\/wp-json\/wp\/v2\/pages\/1435\/revisions"}],"predecessor-version":[{"id":1545,"href":"https:\/\/stedelijkmuseumalkmaar.nl\/de\/wp-json\/wp\/v2\/pages\/1435\/revisions\/1545"}],"wp:featuredmedia":[{"embeddable":true,"href":"https:\/\/stedelijkmuseumalkmaar.nl\/de\/wp-json\/wp\/v2\/media\/427"}],"wp:attachment":[{"href":"https:\/\/stedelijkmuseumalkmaar.nl\/de\/wp-json\/wp\/v2\/media?parent=1435"}],"curies":[{"name":"wp","href":"https:\/\/api.w.org\/{rel}","templated":true}]}}