{"id":1251,"date":"2025-05-08T11:32:39","date_gmt":"2025-05-08T09:32:39","guid":{"rendered":"https:\/\/stedelijkmuseumalkmaar.nl\/?page_id=1251"},"modified":"2025-05-14T16:41:29","modified_gmt":"2025-05-14T14:41:29","slug":"eroffnung-der-sehnsucht-nach-egmond","status":"publish","type":"page","link":"https:\/\/stedelijkmuseumalkmaar.nl\/de\/opening-verlangen-naar-egmond\/","title":{"rendered":"Er\u00f6ffnung Sehnsucht nach Egmond"},"content":{"rendered":"<h2 class=\"wp-block-heading has-text-align-center\">Das Stedelijk Museum Alkmaar l\u00e4dt Sie am Freitag, den 27. Juni, herzlich zur Er\u00f6ffnung der Ausstellung Sehnsucht nach Egmond<\/h2>\n\n\n\n<p>Am 28. Juni er\u00f6ffnet das Stedelijk Museum Alkmaar die Ausstellung <a href=\"https:\/\/stedelijkmuseumalkmaar.nl\/de\/ausstellung\/sehnsucht-nach-egmond\/\" target=\"_blank\" rel=\"noreferrer noopener\"><strong>Sehnsucht nach Egmond: von der Inspiration zum K\u00fcnstlerdorf<\/strong><\/a>&nbsp;f\u00fcr die breite \u00d6ffentlichkeit. Eine Ode an Egmond, ein Dorf, das im Laufe der Jahrhunderte eine besondere Anziehungskraft auf K\u00fcnstler aus\u00fcbte. Zum ersten Mal in der Geschichte werden Meisterwerke aus dem siebzehnten und neunzehnten Jahrhundert in der Region, in der sie entstanden sind, zusammengef\u00fchrt. Die Ausstellung <em>Sehnsucht nach Egmond: von der Inspiration zum K\u00fcnstlerdorf<\/em> zeigt, wie dieser besondere Ort Generationen von K\u00fcnstlern verzaubern konnte - von den ber\u00fchmten Meistern des 17. Jahrhunderts bis zu den amerikanischen Malern des sp\u00e4ten 19. Jahrhunderts, die Egmond auf die internationale Landkarte brachten.<\/p>\n\n\n\n<h3 class=\"wp-block-heading\"><strong>Programm Freitag, 27. Juni im Stedelijk Museum Alkmaar<\/strong><\/h3>\n\n\n\n<p>18:30 Empfang im Foyer<br>19:00 Er\u00f6ffnungsansprache der Regisseurin Marrigje Rikken<br>19:10 Einf\u00fchrung Ausstellung und Publikation durch die Kuratoren Marjan van Heteren und Tristan Schiff<br>19:45 - 21:30 Exklusive Besichtigung der Ausstellung und Getr\u00e4nke im Foyer<br><br>Wir hoffen, Sie zu dieser Er\u00f6ffnung begr\u00fc\u00dfen zu d\u00fcrfen. Wir k\u00f6nnen heute Abend eine begrenzte Anzahl von G\u00e4sten empfangen.<\/p>\n\n\n\n<h3 class=\"wp-block-heading\">Erreichbarkeit<\/h3>\n\n\n\n<p>Siehe <a href=\"https:\/\/stedelijkmuseumalkmaar.nl\/de\/planen-sie-ihren-besuch\/zuganglichkeit\/\" data-type=\"page\" data-id=\"448\">Informationen zur Zug\u00e4nglichkeit hier<\/a> des Museums.<\/p>\n\n\n<p>Sorry. This form is no longer available.<\/p>","protected":false},"excerpt":{"rendered":"<p>Das Stedelijk Museum Alkmaar l\u00e4dt am Freitag, den 27. Juni, zur Er\u00f6ffnung der Ausstellung Sehnsucht nach Egmond ein. Am 28. Juni \u00f6ffnet das Stedelijk Museum Alkmaar die Ausstellung Sehnsucht nach Egmond: von der Inspiration zum K\u00fcnstlerdorf f\u00fcr die \u00d6ffentlichkeit. Eine Ode an Egmond, ein Dorf, das \u00fcber Jahrhunderte hinweg eine besondere Anziehungskraft auf K\u00fcnstler aus\u00fcbte. F\u00fcr<a class=\"excerpt-read-more\" href=\"https:\/\/stedelijkmuseumalkmaar.nl\/de\/opening-verlangen-naar-egmond\/\" title=\"Lesen Sie mehr\u00d6ffnung der Sehnsucht nach Egmond\">... Mehr lesen \"<\/a><\/p>","protected":false},"author":2,"featured_media":694,"parent":0,"menu_order":4,"comment_status":"closed","ping_status":"closed","template":"","meta":{"_acf_changed":false,"inline_featured_image":false,"footnotes":""},"class_list":["post-1251","page","type-page","status-publish","has-post-thumbnail","hentry"],"acf":[],"_links":{"self":[{"href":"https:\/\/stedelijkmuseumalkmaar.nl\/de\/wp-json\/wp\/v2\/pages\/1251","targetHints":{"allow":["GET"]}}],"collection":[{"href":"https:\/\/stedelijkmuseumalkmaar.nl\/de\/wp-json\/wp\/v2\/pages"}],"about":[{"href":"https:\/\/stedelijkmuseumalkmaar.nl\/de\/wp-json\/wp\/v2\/types\/page"}],"author":[{"embeddable":true,"href":"https:\/\/stedelijkmuseumalkmaar.nl\/de\/wp-json\/wp\/v2\/users\/2"}],"replies":[{"embeddable":true,"href":"https:\/\/stedelijkmuseumalkmaar.nl\/de\/wp-json\/wp\/v2\/comments?post=1251"}],"version-history":[{"count":6,"href":"https:\/\/stedelijkmuseumalkmaar.nl\/de\/wp-json\/wp\/v2\/pages\/1251\/revisions"}],"predecessor-version":[{"id":1325,"href":"https:\/\/stedelijkmuseumalkmaar.nl\/de\/wp-json\/wp\/v2\/pages\/1251\/revisions\/1325"}],"wp:featuredmedia":[{"embeddable":true,"href":"https:\/\/stedelijkmuseumalkmaar.nl\/de\/wp-json\/wp\/v2\/media\/694"}],"wp:attachment":[{"href":"https:\/\/stedelijkmuseumalkmaar.nl\/de\/wp-json\/wp\/v2\/media?parent=1251"}],"curies":[{"name":"wp","href":"https:\/\/api.w.org\/{rel}","templated":true}]}}