{"id":1145,"date":"2025-04-22T13:43:23","date_gmt":"2025-04-22T11:43:23","guid":{"rendered":"https:\/\/stedelijkmuseumalkmaar.nl\/?page_id=1145"},"modified":"2025-06-02T14:41:19","modified_gmt":"2025-06-02T12:41:19","slug":"jahresberichte","status":"publish","type":"page","link":"https:\/\/stedelijkmuseumalkmaar.nl\/de\/over-het-museum\/jaarverslagen\/","title":{"rendered":"Jahresberichte"},"content":{"rendered":"<h2 class=\"wp-block-heading has-text-align-center\">Von der Sammlung zum Kollektiv<\/h2>\n\n\n\n<p>Das Stedelijk Museum Alkmaar verbindet Menschen, Kunst und Geschichte. Das Museum tut dies mit einem offenen Blick auf die Welt, zeichnet sich aber dadurch aus, dass es in seiner Sammlungspolitik und Programmgestaltung stets die Verbindung zur eigenen Sammlung und zur DNA von Alkmaar und der umliegenden Region sucht. Die drei Programmlinien des Museums - Alte Meister aus dem 16. und 17. Jahrhundert, Kunst des fr\u00fchen 20. Jahrhunderts der Bergener Schule und kulturgeschichtliche Themen - bieten ein vielseitiges Angebot an Ausstellungen und Pr\u00e4sentationen f\u00fcr ein breites und vielf\u00e4ltiges Publikum.<\/p>\n\n\n\n<h3 class=\"wp-block-heading\">Vision<\/h3>\n\n\n\n<p>Die Aufgabe des Stedelijk Museum Alkmaar ist es, Objekte zu sammeln, zu verwalten und zu pr\u00e4sentieren und dabei Wissen \u00fcber die Sammlung zu sammeln und zu vermitteln. Diese Aufgabe wird immer bestehen bleiben. So konservativ diese Kernaufgabe auch sein mag, Museen sind auch Kinder ihrer Zeit und unterliegen dem Zeitgeist. Als \u00f6ffentliche Einrichtung m\u00fcssen wir daher im w\u00f6rtlichen und \u00fcbertragenen Sinne mit der Zeit gehen. Dies gilt insbesondere f\u00fcr die heutige Zeit. Wir leben in einer komplexen Zeit voller Ungewissheiten und Bedrohungen f\u00fcr die Zukunft. Die Vielfalt der Gesellschaft hat rapide zugenommen, die Kluft zwischen (chancen)armen und (chancen)reichen Menschen ist enorm gewachsen. Die Gegens\u00e4tze haben sich versch\u00e4rft, die Debatte hat sich polarisiert. Die verschiedenen Bev\u00f6lkerungsgruppen leben zunehmend in ihrer eigenen Blase und begegnen sich kaum noch. In Ermangelung von Kollektivit\u00e4t ist die Suche nach Identit\u00e4t gro\u00df.<br>Gerade in diesen komplexen Zeiten schaffen Museen einen Mehrwert und spielen eine wichtige Rolle bei der Schaffung von N\u00e4he. Als ein sicherer, kollektiver Ort, an dem es Raum f\u00fcr das Kennenlernen und die Begegnung mit dem anderen gibt. Wo die Sammlung nicht als Zweck, sondern als Mittel genutzt werden kann. Unser Museum ist der Ort, an dem wir den Umgang mit der Welt \u00fcben, an dem wir experimentieren, ausprobieren und zusammenarbeiten k\u00f6nnen. Wo wir unseren Besuchern die M\u00f6glichkeit geben, anders zu sehen, voneinander zu lernen und wo es Raum f\u00fcr Sch\u00f6nheit und Nuancen, f\u00fcr Staunen und Inspiration gibt.<br>Wenn wir diese Rolle erf\u00fcllen wollen, m\u00fcssen wir zug\u00e4nglicher werden und mit einer festen Verankerung in der lokalen Gesellschaft ein breites und vielf\u00e4ltiges Publikum erreichen und ansprechen. Dies wird die Hauptaufgabe des Stedelijk Museum Alkmaar in den kommenden Jahren sein.<\/p>\n\n\n\n<h3 class=\"wp-block-heading\">Mission<\/h3>\n\n\n\n<p>Das Stedelijk Museum Alkmaar hat es sich zur Aufgabe gemacht, ein breites und vielf\u00e4ltiges Publikum mit der Kunst, Kultur und Geschichte von Alkmaar und der umliegenden Region bekannt zu machen, zu inspirieren und zu verbinden. Das Museum spielt eine soziale Rolle bei der Verbindung von Menschen und Gruppen in einer geteilten Gesellschaft.<\/p>\n\n\n\n<p>Bei der Erf\u00fcllung unseres Auftrags lassen wir uns von f\u00fcnf Grundwerten leiten:<\/p>\n\n\n\n<ol class=\"wp-block-list\">\n<li>Neugierig<br>Wir sind offen f\u00fcr die Welt und neugierig auf Erkenntnisse, Wissen, Hintergr\u00fcnde und Motive.<\/li>\n\n\n\n<li>Besorgt<br>Wir engagieren uns f\u00fcr unsere Umwelt, f\u00fcr unsere Arbeit und f\u00fcreinander.<\/li>\n\n\n\n<li>Gastfreundlich&nbsp;<br>Wir m\u00f6chten, dass sich jeder im Museum willkommen und gesehen f\u00fchlt.<\/li>\n\n\n\n<li>Professionell<br>In allen Bereichen arbeiten wir nach den h\u00f6chsten professionellen Standards.<\/li>\n\n\n\n<li>Ehrgeizig<br>Wir setzen uns hohe Ziele, die uns inspirieren und antreiben.<\/li>\n<\/ol>\n\n\n\n<div class=\"wp-block-buttons is-layout-flex wp-block-buttons-is-layout-flex\">\n<div class=\"wp-block-button\"><a class=\"wp-block-button__link has-text-align-left wp-element-button\" href=\"https:\/\/stedelijkmuseumalkmaar.nl\/wp-content\/uploads\/2025\/06\/Jaarverslag-SMA-2024-def-low-_es.pdf\" target=\"_blank\" rel=\"noreferrer noopener\">Jahresbericht 2024<\/a><\/div>\n\n\n\n<div class=\"wp-block-button\"><a class=\"wp-block-button__link has-text-align-left wp-element-button\" href=\"https:\/\/stedelijkmuseumalkmaar.nl\/wp-content\/uploads\/2025\/04\/alkm_ident_jaarversl%202023_def_lowres.pdf\" target=\"_blank\" rel=\"noreferrer noopener\">Jahresbericht 2023<\/a><\/div>\n\n\n\n<div class=\"wp-block-button\"><a class=\"wp-block-button__link has-text-align-left wp-element-button\" href=\"https:\/\/stedelijkmuseumalkmaar.nl\/wp-content\/uploads\/2025\/04\/Stedelijk%20Museum%20Alkmaar%20jaarverslag%202022_def.pdf\" target=\"_blank\" rel=\"noreferrer noopener\">Jahresbericht 2022<\/a><\/div>\n\n\n\n<div class=\"wp-block-button\"><a class=\"wp-block-button__link wp-element-button\" href=\"https:\/\/stedelijkmuseumalkmaar.nl\/wp-content\/uploads\/2025\/04\/alkm_ident_jaarversl%202021_def_lowres.pdf\" target=\"_blank\" rel=\"noreferrer noopener\">Jahresbericht 2021<\/a><\/div>\n<\/div>\n\n\n\n<p><\/p>","protected":false},"excerpt":{"rendered":"<p>Von der Sammlung zum Kollektiv Das Stedelijk Museum Alkmaar verbindet Menschen, Kunst und Geschichte. Das Museum tut dies mit einem offenen Blick auf die Welt, zeichnet sich aber dadurch aus, dass es in seiner Sammlungspolitik und Programmgestaltung stets die Verbindung zur eigenen Sammlung und zur DNA von Alkmaar und der umliegenden Region sucht. Mit den drei Programmlinien<a class=\"excerpt-read-more\" href=\"https:\/\/stedelijkmuseumalkmaar.nl\/de\/over-het-museum\/jaarverslagen\/\" title=\"Mehr lesenJahresberichte\">... Mehr lesen \"<\/a><\/p>","protected":false},"author":2,"featured_media":1005,"parent":426,"menu_order":29,"comment_status":"closed","ping_status":"closed","template":"","meta":{"_acf_changed":false,"inline_featured_image":false,"footnotes":""},"class_list":["post-1145","page","type-page","status-publish","has-post-thumbnail","hentry"],"acf":[],"_links":{"self":[{"href":"https:\/\/stedelijkmuseumalkmaar.nl\/de\/wp-json\/wp\/v2\/pages\/1145","targetHints":{"allow":["GET"]}}],"collection":[{"href":"https:\/\/stedelijkmuseumalkmaar.nl\/de\/wp-json\/wp\/v2\/pages"}],"about":[{"href":"https:\/\/stedelijkmuseumalkmaar.nl\/de\/wp-json\/wp\/v2\/types\/page"}],"author":[{"embeddable":true,"href":"https:\/\/stedelijkmuseumalkmaar.nl\/de\/wp-json\/wp\/v2\/users\/2"}],"replies":[{"embeddable":true,"href":"https:\/\/stedelijkmuseumalkmaar.nl\/de\/wp-json\/wp\/v2\/comments?post=1145"}],"version-history":[{"count":4,"href":"https:\/\/stedelijkmuseumalkmaar.nl\/de\/wp-json\/wp\/v2\/pages\/1145\/revisions"}],"predecessor-version":[{"id":1334,"href":"https:\/\/stedelijkmuseumalkmaar.nl\/de\/wp-json\/wp\/v2\/pages\/1145\/revisions\/1334"}],"up":[{"embeddable":true,"href":"https:\/\/stedelijkmuseumalkmaar.nl\/de\/wp-json\/wp\/v2\/pages\/426"}],"wp:featuredmedia":[{"embeddable":true,"href":"https:\/\/stedelijkmuseumalkmaar.nl\/de\/wp-json\/wp\/v2\/media\/1005"}],"wp:attachment":[{"href":"https:\/\/stedelijkmuseumalkmaar.nl\/de\/wp-json\/wp\/v2\/media?parent=1145"}],"curies":[{"name":"wp","href":"https:\/\/api.w.org\/{rel}","templated":true}]}}