{"id":1087,"date":"2025-04-16T17:33:06","date_gmt":"2025-04-16T15:33:06","guid":{"rendered":"https:\/\/stedelijkmuseumalkmaar.nl\/?page_id=1087"},"modified":"2025-06-25T12:03:05","modified_gmt":"2025-06-25T10:03:05","slug":"parkplatz","status":"publish","type":"page","link":"https:\/\/stedelijkmuseumalkmaar.nl\/de\/parkeren\/","title":{"rendered":"Parken"},"content":{"rendered":"<p><strong>Parkhaus De Vest&nbsp;<br><\/strong>Paternosterstraat 2-18, 1811 KG Alkmaar&nbsp;<br>141 regul\u00e4re Parkpl\u00e4tze und 2 spezielle Parkpl\u00e4tze auf Etage -2.&nbsp;<br>Etwa 2 Minuten Fu\u00dfweg zum Museum<br><a href=\"https:\/\/www.p1.nl\/parkeren\/alkmaar\/parkeergarage-de-vest\" target=\"_blank\" rel=\"noopener\">Parkhaus De Vest<\/a><\/p>\n\n\n\n<p><strong>Parkhaus Grote Kerk<\/strong>&nbsp;<br>Bagijnenstraat 13-15, 1811 KA Alkmaar&nbsp;<br>86 regul\u00e4re Parkpl\u00e4tze und keine Sonderparkpl\u00e4tze&nbsp;<br>Etwa 2 Minuten Fu\u00dfweg zum Museum<br><a href=\"https:\/\/www.apcoa.nl\/alle-locaties\/alkmaar\/apcoa-parking-grote-kerk-bagijnenstraat\/\" target=\"_blank\" rel=\"noopener\">Parkhaus De Grote Kerk<\/a><\/p>\n\n\n\n<p><strong>Ringer-Parkplatz&nbsp;<br><\/strong>Noorderkade 100, 1823 CJ Alkmaar, die Niederlande&nbsp;<br>750 regul\u00e4re Parkpl\u00e4tze und keine Informationen \u00fcber Sonderparkpl\u00e4tze<br>Etwa 10 Minuten Fu\u00dfweg zum Museum&nbsp;<br><a href=\"https:\/\/www.p1.nl\/parkeren\/alkmaar\/parkeergarage-ringers\" target=\"_blank\" rel=\"noopener\">Ringer-Parkplatz<\/a><\/p>\n\n\n\n<p><strong>Das Kwakel&nbsp;<br><\/strong>Oosterweezenstraat 4, 1823 CN Alkmaar&nbsp;<br>200 regul\u00e4re Parkpl\u00e4tze und keine Informationen \u00fcber Sonderparkpl\u00e4tze<br>Etwa 10 Minuten Fu\u00dfweg zum Museum&nbsp;<br><a href=\"https:\/\/www.parkeergaragedekwakel.nl\/\" target=\"_blank\" rel=\"noopener\">Parkhaus De Kwakel&nbsp;<\/a><\/p>\n\n\n\n<p><strong>Kanal-Halbinsel&nbsp;&nbsp;<br><\/strong>Mallegatsplein 1, 1815 AG, Alkmaar&nbsp;<br>353 regul\u00e4re Parkpl\u00e4tze und au\u00dferhalb der Schranken 4 Sonderparkpl\u00e4tze<br>Etwa 5 Minuten Fu\u00dfweg zum Museum<br><a href=\"https:\/\/www.p1.nl\/parkeren\/alkmaar\/parkeergarage-kanaalschiereiland\" target=\"_blank\" rel=\"noopener\">Parkplatz der Kanalhalbinsel<\/a><\/p>\n\n\n\n<p><strong>Parkhaus P3<\/strong><br>Noorderkade 1038, 1823 CJ, Alkmaar<br>6,00 \u20ac pro Tag<br>Etwa 5 Minuten Fu\u00dfweg zum Museum<\/p>\n\n\n\n<p><strong>Parcade-Parkplatz<\/strong><br>Pettemerstraat 1, 1823 CW<br>3,95 \u20ac pro Tag<br>Etwa 5 Minuten Fu\u00dfweg zum Museum<\/p>\n\n\n\n<p><strong>Weitere spezielle Parkpl\u00e4tze in der N\u00e4he des Museums sind:&nbsp;<br><\/strong>Bagijnenstraat, 1 Platz (kostenloses Parken, maximal 3 Stunden)<br>Gasthuisstraat, 2 Pl\u00e4tze (kostenloses Parken, maximal 3 Stunden)&nbsp;<br>Molenbuurt, 2 Pl\u00e4tze (Bitte beachten Sie, kostenpflichtige Parkpl\u00e4tze)&nbsp;<br>Kanaalkade, an drei Stellen 1 Platz (Hinweis, kostenpflichtiges Parken)&nbsp;&nbsp;<br>Gedempte Nieuwesloot in der N\u00e4he der Hoogstraat, 1 Platz (Hinweis, kostenpflichtiger Parkplatz)&nbsp;&nbsp;<br>Gedempte Nieuwesloot in der N\u00e4he der Sint Laurensstraat, 1 Stellplatz (Hinweis, geb\u00fchrenpflichtiger Parkplatz)&nbsp;&nbsp;&nbsp;<\/p>\n\n\n\n<p><\/p>","protected":false},"excerpt":{"rendered":"<p>Parkhaus De Vest Paternosterstraat 2-18, 1811 KG Alkmaar 141 regul\u00e4re Parkpl\u00e4tze und 2 Sonderparkpl\u00e4tze auf Etage -2. Ca. 2 Minuten Fu\u00dfweg zum MuseumParkeergarage De Vest Parkhaus Grote Kerk Bagijnenstraat 13-15, 1811 KA Alkmaar 86 regul\u00e4re Parkpl\u00e4tze und keine Sonderparkpl\u00e4tze Ca. 2 Minuten Fu\u00dfweg zum MuseumParkeergarage De Grote Kerk Parkhaus Ringers Noorderkade 100, 1823 CJ Alkmaar 750 regul\u00e4re Parkpl\u00e4tze und keine Informationen \u00fcber<a class=\"excerpt-read-more\" href=\"https:\/\/stedelijkmuseumalkmaar.nl\/de\/parkeren\/\" title=\"Mehr lesenParken\">... Mehr lesen \"<\/a><\/p>","protected":false},"author":2,"featured_media":780,"parent":0,"menu_order":5,"comment_status":"closed","ping_status":"closed","template":"","meta":{"_acf_changed":false,"inline_featured_image":false,"footnotes":""},"class_list":["post-1087","page","type-page","status-publish","has-post-thumbnail","hentry"],"acf":[],"_links":{"self":[{"href":"https:\/\/stedelijkmuseumalkmaar.nl\/de\/wp-json\/wp\/v2\/pages\/1087","targetHints":{"allow":["GET"]}}],"collection":[{"href":"https:\/\/stedelijkmuseumalkmaar.nl\/de\/wp-json\/wp\/v2\/pages"}],"about":[{"href":"https:\/\/stedelijkmuseumalkmaar.nl\/de\/wp-json\/wp\/v2\/types\/page"}],"author":[{"embeddable":true,"href":"https:\/\/stedelijkmuseumalkmaar.nl\/de\/wp-json\/wp\/v2\/users\/2"}],"replies":[{"embeddable":true,"href":"https:\/\/stedelijkmuseumalkmaar.nl\/de\/wp-json\/wp\/v2\/comments?post=1087"}],"version-history":[{"count":4,"href":"https:\/\/stedelijkmuseumalkmaar.nl\/de\/wp-json\/wp\/v2\/pages\/1087\/revisions"}],"predecessor-version":[{"id":1378,"href":"https:\/\/stedelijkmuseumalkmaar.nl\/de\/wp-json\/wp\/v2\/pages\/1087\/revisions\/1378"}],"wp:featuredmedia":[{"embeddable":true,"href":"https:\/\/stedelijkmuseumalkmaar.nl\/de\/wp-json\/wp\/v2\/media\/780"}],"wp:attachment":[{"href":"https:\/\/stedelijkmuseumalkmaar.nl\/de\/wp-json\/wp\/v2\/media?parent=1087"}],"curies":[{"name":"wp","href":"https:\/\/api.w.org\/{rel}","templated":true}]}}